{"id":692992,"date":"2024-09-17T08:37:52","date_gmt":"2024-09-17T05:37:52","guid":{"rendered":"https:\/\/nbg.eu\/product\/or-cover-22-lr-screw-m3x6-iso-14580-kmr\/"},"modified":"2026-05-13T16:02:38","modified_gmt":"2026-05-13T13:02:38","slug":"or-cover-22-lr-screw-m3x6-iso-14580-kmr","status":"publish","type":"product","link":"https:\/\/nbg.eu\/sk\/produkt\/or-cover-22-lr-screw-m3x6-iso-14580-kmr\/","title":{"rendered":"KMR Skrutka Krytu OR .22 LR M3x6 ISO 14580"},"content":{"rendered":"<h2>OR COVER 22 LR SKRUTKA M3x6 ISO 14580 KMR<\/h2>\n<p>OR COVER 22 LR SKRUTKA M3x6 ISO 14580 KMR je kritick\u00e1 s\u00fa\u010das\u0165 pre r\u00f4zne syst\u00e9my zbran\u00ed KMR. Vyroben\u00e1 pod\u013ea presn\u00fdch \u0161pecifik\u00e1ci\u00ed ISO 14580, t\u00e1to skrutka zaru\u010duje bezpe\u010dn\u00e9 a spo\u013eahliv\u00e9 spojenie, zachov\u00e1vaj\u00fac integritu v\u00e1\u0161ho zbra\u0148ov\u00e9ho syst\u00e9mu.<\/p>\n<p>Pre zbrane KMR:<\/p>\n<p>KMR S-01 LANCE (OR)<\/p>\n<p>KMR S-02 75 (OR) SR ADA<\/p>\n<p>KMR S-02 OD ROKU 2024<\/p>\n<p>KMR S-02 SH1 (OR) SR ADA<\/p>\n<p>KMR S-02 SH2 (OR) SR ADA<\/p>\n<p>KMR S-02 TS (OR) SR ADA<\/p>\n<p>KMR S-02 DO ROKU 2023<\/p>\n","protected":false},"excerpt":{"rendered":"<p>OR COVER 22 LR SKRUTKA M3x6 ISO 14580 KMR pre zbrane s\u00e9rie KMR.<\/p>\n","protected":false},"featured_media":63664,"template":"","meta":{"_acf_changed":false},"product_brand":[11505],"product_cat":[13347],"product_tag":[],"class_list":{"0":"post-692992","1":"product","2":"type-product","3":"status-publish","4":"has-post-thumbnail","6":"product_brand-kmr-precision","7":"product_cat-kmr-diely","9":"first","10":"instock","11":"taxable","12":"shipping-taxable","13":"product-type-simple"},"acf":[],"_links":{"self":[{"href":"https:\/\/nbg.eu\/sk\/wp-json\/wp\/v2\/product\/692992","targetHints":{"allow":["GET"]}}],"collection":[{"href":"https:\/\/nbg.eu\/sk\/wp-json\/wp\/v2\/product"}],"about":[{"href":"https:\/\/nbg.eu\/sk\/wp-json\/wp\/v2\/types\/product"}],"wp:featuredmedia":[{"embeddable":true,"href":"https:\/\/nbg.eu\/sk\/wp-json\/wp\/v2\/media\/63664"}],"wp:attachment":[{"href":"https:\/\/nbg.eu\/sk\/wp-json\/wp\/v2\/media?parent=692992"}],"wp:term":[{"taxonomy":"product_brand","embeddable":true,"href":"https:\/\/nbg.eu\/sk\/wp-json\/wp\/v2\/product_brand?post=692992"},{"taxonomy":"product_cat","embeddable":true,"href":"https:\/\/nbg.eu\/sk\/wp-json\/wp\/v2\/product_cat?post=692992"},{"taxonomy":"product_tag","embeddable":true,"href":"https:\/\/nbg.eu\/sk\/wp-json\/wp\/v2\/product_tag?post=692992"}],"curies":[{"name":"wp","href":"https:\/\/api.w.org\/{rel}","templated":true}]}}