{"id":693055,"date":"2024-08-18T11:11:47","date_gmt":"2024-08-18T08:11:47","guid":{"rendered":"https:\/\/nbg.eu\/product\/or-plate-screw-m4x6-din-965-kmr\/"},"modified":"2026-05-13T16:00:58","modified_gmt":"2026-05-13T13:00:58","slug":"or-plate-screw-m4x6-din-965-kmr","status":"publish","type":"product","link":"https:\/\/nbg.eu\/sk\/produkt\/or-plate-screw-m4x6-din-965-kmr\/","title":{"rendered":"KMR Skrutka Mont\u00e1\u017enej Dosky OR M4x6 DIN 965"},"content":{"rendered":"<h2>OR Plate Screw M4X6 Din 965 KMR: Zabezpe\u010dte svoje pr\u00edslu\u0161enstvo zbran\u00ed s presnos\u0165ou<\/h2>\n<p>Tento skrutka je univerz\u00e1lny a spo\u013eahliv\u00fd upev\u0148ovac\u00ed prvok ur\u010den\u00fd na pou\u017eitie s r\u00f4znymi pr\u00edslu\u0161enstvami KMR zbran\u00ed. Vyroben\u00e1 s presnos\u0165ou a odolnos\u0165ou, t\u00e1to skrutka je dokonal\u00fdm rie\u0161en\u00edm na bezpe\u010dn\u00e9 pripevnenie v\u00e1\u0161ho nevyhnutn\u00e9ho vybavenia na va\u0161e zbrane kompatibiln\u00e9 s KMR.<\/p>\n<p>Navrhnut\u00e1 pod\u013ea pr\u00edsnych \u0161tandardov, t\u00e1to skrutka pon\u00faka v\u00fdnimo\u010dn\u00fa pevnos\u0165 a spo\u013eahlivos\u0165, \u010d\u00edm zais\u0165uje, \u017ee va\u0161e pr\u00edslu\u0161enstvo zostane pevne na svojom mieste aj v najn\u00e1ro\u010dnej\u0161\u00edch situ\u00e1ci\u00e1ch. S ve\u013ekos\u0165ou z\u00e1vitu M4 a d\u013a\u017ekou 6 mm poskytuje t\u00e1to skrutka bezpe\u010dn\u00e9 a presn\u00e9 pripevnenie, v\u010faka \u010domu m\u00f4\u017eete namontova\u0165 va\u0161e vybavenie s d\u00f4verou.<\/p>\n<p>\u010ci u\u017e vylep\u0161ujete va\u0161e taktick\u00e9 vybavenie, nahr\u00e1dzate opotrebovan\u00e9 diely alebo zostavujete nov\u00fd syst\u00e9m, je to dokonal\u00e1 vo\u013eba na zabezpe\u010denie spo\u013eahliv\u00e9ho a bezpe\u010dn\u00e9ho pripevnenia v\u00e1\u0161ho pr\u00edslu\u0161enstva kompatibiln\u00e9ho s KMR.<\/p>\n<p>Pre zbrane KMR:<\/p>\n<p>KMR L-02 EMIQ (OR)<\/p>\n<p>KMR L-02 SPECTRA DO ROKU 2023<\/p>\n<p>KMR L-02 UMBRA (OR) SR<\/p>\n<p>KMR W-02 CUDA (OR)<\/p>\n<p>KMR W-02 UMBRA (OR)<\/p>\n","protected":false},"excerpt":{"rendered":"<p>Ploch\u00e1 skrutka M4x6 DIN 965 pre KMR L-02 EMIQ, SPECTRA, UMBRA SR a KMR W-02 CUDA, UMBRA.<\/p>\n","protected":false},"featured_media":25369,"template":"","meta":{"_acf_changed":false},"product_brand":[11505],"product_cat":[13347],"product_tag":[],"class_list":{"0":"post-693055","1":"product","2":"type-product","3":"status-publish","4":"has-post-thumbnail","6":"product_brand-kmr-precision","7":"product_cat-kmr-diely","9":"first","10":"instock","11":"taxable","12":"shipping-taxable","13":"product-type-simple"},"acf":[],"_links":{"self":[{"href":"https:\/\/nbg.eu\/sk\/wp-json\/wp\/v2\/product\/693055","targetHints":{"allow":["GET"]}}],"collection":[{"href":"https:\/\/nbg.eu\/sk\/wp-json\/wp\/v2\/product"}],"about":[{"href":"https:\/\/nbg.eu\/sk\/wp-json\/wp\/v2\/types\/product"}],"wp:featuredmedia":[{"embeddable":true,"href":"https:\/\/nbg.eu\/sk\/wp-json\/wp\/v2\/media\/25369"}],"wp:attachment":[{"href":"https:\/\/nbg.eu\/sk\/wp-json\/wp\/v2\/media?parent=693055"}],"wp:term":[{"taxonomy":"product_brand","embeddable":true,"href":"https:\/\/nbg.eu\/sk\/wp-json\/wp\/v2\/product_brand?post=693055"},{"taxonomy":"product_cat","embeddable":true,"href":"https:\/\/nbg.eu\/sk\/wp-json\/wp\/v2\/product_cat?post=693055"},{"taxonomy":"product_tag","embeddable":true,"href":"https:\/\/nbg.eu\/sk\/wp-json\/wp\/v2\/product_tag?post=693055"}],"curies":[{"name":"wp","href":"https:\/\/api.w.org\/{rel}","templated":true}]}}