{"id":693116,"date":"2024-09-02T13:32:58","date_gmt":"2024-09-02T10:32:58","guid":{"rendered":"https:\/\/nbg.eu\/product\/pelican-1015-micro-case\/"},"modified":"2026-05-13T15:09:56","modified_gmt":"2026-05-13T12:09:56","slug":"pelican-1015-micro-case","status":"publish","type":"product","link":"https:\/\/nbg.eu\/sk\/produkt\/pelican-1015-micro-case\/","title":{"rendered":"Pelican 1015 Micro Case"},"content":{"rendered":"<h2>Pelican 1015 Micro Case<\/h2>\n<p>Chr\u00e1\u0148te svoje cenn\u00e9 mal\u00e9 elektronick\u00e9 zariadenia pomocou Pelican 1015 Micro Case. Tento odoln\u00fd, vodotesn\u00fd a prachotesn\u00fd obal je dokonal\u00fd pre smartf\u00f3ny, fotoapar\u00e1ty a \u010fal\u0161ie citliv\u00e9 vybavenie.<\/p>\n<h3>K\u013e\u00fa\u010dov\u00e9 vlastnosti:<\/h3>\n<ul>\n<li>Odoln\u00e9 telo z polykarbon\u00e1tu<\/li>\n<li>Vodovzdorn\u00fd a prachotesn\u00fd dizajn<\/li>\n<li>Gumov\u00e1 vlo\u017eka pre extra ochranu a tesnenie O-kr\u00fa\u017ekom<\/li>\n<li>\u013dahko otv\u00e1rate\u013en\u00fd z\u00e1padkov\u00fd uz\u00e1ver a nerezov\u00e9 kovanie<\/li>\n<li>Akt\u00edvny \u0161portov\u00fd karab\u00ednov\u00fd h\u00e1\u010dik pre bezpe\u010dn\u00e9 pripevnenie<\/li>\n<li>Vn\u00fatorn\u00e9 rozmery: 13 cm x 6,7 cm x 3,5 cm<\/li>\n<li>Vonkaj\u0161ie rozmery: 17 cm x 9,9 cm x 4,7 cm<\/li>\n<li>\u013dahk\u00fd iba 0,21 kg<\/li>\n<\/ul>\n<p>S do\u017eivotnou z\u00e1rukou Pelican za excelentnos\u0165 pon\u00faka tento mini obal neprekonate\u013en\u00fa ochranu pre va\u0161e vybavenie v ka\u017edom prostred\u00ed.<\/p>\n","protected":false},"excerpt":{"rendered":"<p>Odoln\u00e9, vodotesn\u00e9 puzdro na mal\u00e9 elektronick\u00e9 zariadenia. Ochrana proti stla\u010deniu.<\/p>\n","protected":false},"featured_media":35253,"template":"","meta":{"_acf_changed":false},"product_brand":[11611],"product_cat":[13363],"product_tag":[],"class_list":{"0":"post-693116","1":"product","2":"type-product","3":"status-publish","4":"has-post-thumbnail","6":"product_brand-pelican","7":"product_cat-prenosne-puzdra","9":"first","10":"outofstock","11":"taxable","12":"shipping-taxable","13":"purchasable","14":"product-type-simple"},"acf":[],"_links":{"self":[{"href":"https:\/\/nbg.eu\/sk\/wp-json\/wp\/v2\/product\/693116","targetHints":{"allow":["GET"]}}],"collection":[{"href":"https:\/\/nbg.eu\/sk\/wp-json\/wp\/v2\/product"}],"about":[{"href":"https:\/\/nbg.eu\/sk\/wp-json\/wp\/v2\/types\/product"}],"wp:featuredmedia":[{"embeddable":true,"href":"https:\/\/nbg.eu\/sk\/wp-json\/wp\/v2\/media\/35253"}],"wp:attachment":[{"href":"https:\/\/nbg.eu\/sk\/wp-json\/wp\/v2\/media?parent=693116"}],"wp:term":[{"taxonomy":"product_brand","embeddable":true,"href":"https:\/\/nbg.eu\/sk\/wp-json\/wp\/v2\/product_brand?post=693116"},{"taxonomy":"product_cat","embeddable":true,"href":"https:\/\/nbg.eu\/sk\/wp-json\/wp\/v2\/product_cat?post=693116"},{"taxonomy":"product_tag","embeddable":true,"href":"https:\/\/nbg.eu\/sk\/wp-json\/wp\/v2\/product_tag?post=693116"}],"curies":[{"name":"wp","href":"https:\/\/api.w.org\/{rel}","templated":true}]}}