{"id":693146,"date":"2024-08-18T11:29:17","date_gmt":"2024-08-18T08:29:17","guid":{"rendered":"https:\/\/nbg.eu\/product\/recoil-spring-guide-kmr-45-stainless\/"},"modified":"2026-02-06T18:00:05","modified_gmt":"2026-02-06T15:00:05","slug":"recoil-spring-guide-kmr-45-stainless","status":"publish","type":"product","link":"https:\/\/nbg.eu\/sk\/produkt\/recoil-spring-guide-kmr-45-stainless\/","title":{"rendered":"Vodidlo pru\u017einy sp\u00e4tn\u00e9ho r\u00e1zu KMR 4,5&#8243; Nerezov\u00e1 oce\u013e"},"content":{"rendered":"<h2>Pru\u017einov\u00fd vodiaci prvok KMR 4,5&#8243; z nehrdzavej\u00facej ocele<\/h2>\n<p>Pru\u017einov\u00fd vodiaci prvok KMR 4,5&#8243; z nehrdzavej\u00facej ocele je pr\u00e9miov\u00e9 pr\u00edslu\u0161enstvo navrhnut\u00e9 pre zbrane radu KMR. T\u00e1to odoln\u00e1 s\u00fa\u010das\u0165 z nehrdzavej\u00facej ocele je nevyhnutn\u00e1 na udr\u017eanie plynulej prev\u00e1dzky a spo\u013eahlivosti va\u0161ej strelnej zbrane.<\/p>\n<p>Odolnos\u0165: Vyroben\u00fd z vysokokvalitnej nehrdzavej\u00facej ocele, tento pru\u017einov\u00fd vodiaci prvok je skon\u0161truovan\u00fd tak, aby vydr\u017eal n\u00e1ro\u010dn\u00e9 be\u017en\u00e9 pou\u017eitie. Je odoln\u00fd proti kor\u00f3zii a vyroben\u00fd tak, aby vydr\u017eal, a zais\u0165oval tak optim\u00e1lnu funkciu va\u0161ej strelnej zbrane.<\/p>\n<p>Jednoduch\u00e1 in\u0161tal\u00e1cia: Inov\u00e1cia va\u0161ej zbrane radu KMR pomocou pru\u017einov\u00e9ho vodiac\u00e9ho prvku KMR 4,5&#8243; z nehrdzavej\u00facej ocele je priamo\u010diary proces, \u010do z neho rob\u00ed pohodln\u00fa vo\u013ebu pre sk\u00fasen\u00fdch aj za\u010d\u00ednaj\u00facich majite\u013eov streln\u00fdch zbran\u00ed.<\/p>\n<p>Pre zbrane KMR:<\/p>\n<p>KMR L-02 UMBRA od roku 2024<\/p>\n<p>KMR L-02 UMBRA do roku 2023<\/p>\n<p>KMR W-02 UMBRA<\/p>\n<p>KMR W-02 UMBRA (OR)<\/p>\n","protected":false},"excerpt":{"rendered":"<p>Vodi\u010d vratnej pru\u017einy KMR 4,5&#8243; z nehrdzavej\u00facej ocele pre zbrane KMR L-02 UMBRA, KMR W-02 UMBRA.<\/p>\n","protected":false},"featured_media":25647,"template":"","meta":{"_acf_changed":false},"product_brand":[11505],"product_cat":[13347,13365],"product_tag":[],"class_list":{"0":"post-693146","1":"product","2":"type-product","3":"status-publish","4":"has-post-thumbnail","6":"product_brand-kmr-precision","7":"product_cat-kmr-diely","8":"product_cat-pruziny","10":"first","11":"instock","12":"taxable","13":"shipping-taxable","14":"product-type-simple"},"acf":[],"_links":{"self":[{"href":"https:\/\/nbg.eu\/sk\/wp-json\/wp\/v2\/product\/693146","targetHints":{"allow":["GET"]}}],"collection":[{"href":"https:\/\/nbg.eu\/sk\/wp-json\/wp\/v2\/product"}],"about":[{"href":"https:\/\/nbg.eu\/sk\/wp-json\/wp\/v2\/types\/product"}],"wp:featuredmedia":[{"embeddable":true,"href":"https:\/\/nbg.eu\/sk\/wp-json\/wp\/v2\/media\/25647"}],"wp:attachment":[{"href":"https:\/\/nbg.eu\/sk\/wp-json\/wp\/v2\/media?parent=693146"}],"wp:term":[{"taxonomy":"product_brand","embeddable":true,"href":"https:\/\/nbg.eu\/sk\/wp-json\/wp\/v2\/product_brand?post=693146"},{"taxonomy":"product_cat","embeddable":true,"href":"https:\/\/nbg.eu\/sk\/wp-json\/wp\/v2\/product_cat?post=693146"},{"taxonomy":"product_tag","embeddable":true,"href":"https:\/\/nbg.eu\/sk\/wp-json\/wp\/v2\/product_tag?post=693146"}],"curies":[{"name":"wp","href":"https:\/\/api.w.org\/{rel}","templated":true}]}}