{"id":693220,"date":"2024-08-18T11:12:21","date_gmt":"2024-08-18T08:12:21","guid":{"rendered":"https:\/\/nbg.eu\/product\/rear-sight-screw-m4x6-din-913-kmr\/"},"modified":"2026-05-13T16:02:02","modified_gmt":"2026-05-13T13:02:02","slug":"rear-sight-screw-m4x6-din-913-kmr","status":"publish","type":"product","link":"https:\/\/nbg.eu\/sk\/produkt\/rear-sight-screw-m4x6-din-913-kmr\/","title":{"rendered":"KMR Skrutka Mieridla M4x6 DIN 913"},"content":{"rendered":"<h2>Zadn\u00fd mieridlov\u00fd skrutka M4X6 Din 913 KMR<\/h2>\n<p>T\u00e1to zadn\u00e1 mieridlov\u00e1 skrutka je navrhnut\u00e1 na pou\u017eitie s r\u00f4znymi zbra\u0148ami KMR. Meria M4x6 mm a zodpoved\u00e1 norm\u00e1m DIN 913, t\u00e1to skrutka zabezpe\u010duje bezpe\u010dn\u00fa a spo\u013eahliv\u00fa mont\u00e1\u017e zadn\u00e9ho mieridla na va\u0161ej zbrani KMR. Vyroben\u00e1 s d\u00f4razom na presnos\u0165 a trvanlivos\u0165, t\u00e1to zadn\u00e1 mieridlov\u00e1 skrutka poskytuje k\u013e\u00fa\u010dov\u00fa s\u00fa\u010das\u0165 na udr\u017eanie optim\u00e1lneho v\u00fdkonu a funk\u010dnosti v\u00e1\u0161ho zbrojn\u00e9ho syst\u00e9mu KMR.<\/p>\n<p>Pre zbrane KMR:<\/p>\n<p>KMR L-02 EMIQ<\/p>\n<p>KMR L-02 EMIQ (OR)<\/p>\n<p>KMR L-02 ORCA OD ROKU 2024<\/p>\n<p>KMR L-02 ORCA DO ROKU 2023<\/p>\n<p>KMR L-02 SPECTRA DO ROKU 2023<\/p>\n<p>KMR L-02 UMBRA (OR) SR<\/p>\n<p>KMR W-02 CUDA (OR)<\/p>\n<p>KMR W-02 UMBRA (OR)<\/p>\n","protected":false},"excerpt":{"rendered":"<p>Skrutka zadn\u00e9ho mieridla M4X6 Din 913 pre modely zbrane KMR: L-02 EMIQ, ORCA, SPECTRA, UMBRA, W-02 CUDA, UMBRA.<\/p>\n","protected":false},"featured_media":25392,"template":"","meta":{"_acf_changed":false},"product_brand":[11505],"product_cat":[13347],"product_tag":[],"class_list":{"0":"post-693220","1":"product","2":"type-product","3":"status-publish","4":"has-post-thumbnail","6":"product_brand-kmr-precision","7":"product_cat-kmr-diely","9":"first","10":"instock","11":"taxable","12":"shipping-taxable","13":"product-type-simple"},"acf":[],"_links":{"self":[{"href":"https:\/\/nbg.eu\/sk\/wp-json\/wp\/v2\/product\/693220","targetHints":{"allow":["GET"]}}],"collection":[{"href":"https:\/\/nbg.eu\/sk\/wp-json\/wp\/v2\/product"}],"about":[{"href":"https:\/\/nbg.eu\/sk\/wp-json\/wp\/v2\/types\/product"}],"wp:featuredmedia":[{"embeddable":true,"href":"https:\/\/nbg.eu\/sk\/wp-json\/wp\/v2\/media\/25392"}],"wp:attachment":[{"href":"https:\/\/nbg.eu\/sk\/wp-json\/wp\/v2\/media?parent=693220"}],"wp:term":[{"taxonomy":"product_brand","embeddable":true,"href":"https:\/\/nbg.eu\/sk\/wp-json\/wp\/v2\/product_brand?post=693220"},{"taxonomy":"product_cat","embeddable":true,"href":"https:\/\/nbg.eu\/sk\/wp-json\/wp\/v2\/product_cat?post=693220"},{"taxonomy":"product_tag","embeddable":true,"href":"https:\/\/nbg.eu\/sk\/wp-json\/wp\/v2\/product_tag?post=693220"}],"curies":[{"name":"wp","href":"https:\/\/api.w.org\/{rel}","templated":true}]}}