{"id":693388,"date":"2024-09-17T10:58:14","date_gmt":"2024-09-17T07:58:14","guid":{"rendered":"https:\/\/nbg.eu\/product\/recoil-spring-kmr-5-soft-11\/"},"modified":"2026-02-02T15:17:49","modified_gmt":"2026-02-02T12:17:49","slug":"recoil-spring-kmr-5-soft-11","status":"publish","type":"product","link":"https:\/\/nbg.eu\/sk\/produkt\/recoil-spring-kmr-5-soft-11\/","title":{"rendered":"RECOIL SPRING KMR 5&#8243; M\u00c4KK\u00c1 (11)"},"content":{"rendered":"<h2>KMR Recoil Spring \u2013 5&#8243; Soft (11 lbs)<\/h2>\n<p>KMR 11 lb \u201eSoft&#8220; Recoil Spring je vysoko v\u00fdkonn\u00e1 komponenta na \u00fapravu pre 5-palcov\u00e9 dlh\u00e9 puzdra KMR pi\u0161tole. T\u00e1to pru\u017eina je preferovanou vo\u013ebou pre s\u00fa\u0165a\u017en\u00fdch strelcov, ktor\u00ed chc\u00fa upravi\u0165 impulz sp\u00e4tn\u00e9ho r\u00e1zu svojej pi\u0161tole, aby dosiahli maxim\u00e1lnu r\u00fdchlos\u0165 a minim\u00e1lny pohyb hlavne.<\/p>\n<h3>Presn\u00e9 nastavenie pre s\u00fa\u0165a\u017en\u00fa \u00fa\u010dinnos\u0165<\/h3>\n<p>Na 5-palcovej platforme, ako je KMR Orca, m\u00f4\u017ee nadmern\u00e1 hmotnos\u0165 z\u00e1veru vies\u0165 k v\u00fdrazn\u00e9mu \u201epoklesu&#8220; hlavne, ke\u010f \u0165a\u017ek\u00e1 v\u00fdrobn\u00e1 pru\u017eina prudko zatla\u010d\u00ed z\u00e1ver sp\u00e4\u0165 do bat\u00e9rie. 11 lb Soft pru\u017eina tento efekt zmier\u0148uje. Zn\u00ed\u017een\u00edm predn\u00e9ho nap\u00e4tia sa z\u00e1ver vracia do bat\u00e9rie jemnej\u0161ie, a t\u00fdm udr\u017euje va\u0161u mu\u0161ku zarovnan\u00fa a pripraven\u00fa na \u010fal\u0161\u00ed v\u00fdstrel takmer okam\u017eite.<\/p>\n<h3>Technick\u00e9 \u0161pecifik\u00e1cie:<\/h3>\n<ul>\n<li><strong>Nap\u00e4\u0165ov\u00e1 za\u0165a\u017eite\u013enos\u0165 11 lb:<\/strong> Klasifikovan\u00e1 ako \u201eSoft&#8220;, pon\u00faka \u013eah\u0161\u00ed pocit ako \u0161tandardn\u00e1 v\u00fdrobn\u00e1 pru\u017eina.<\/li>\n<li><strong>Optimalizovan\u00e9 pre 5&#8243; platformu:<\/strong> \u0160peci\u00e1lne navrhnut\u00e9 pre dlh\u0161ie vedenie pru\u017einy a vzdialenos\u0165 zdvihu modelov KMR 5 palcov.<\/li>\n<li><strong>Vysoko v\u00fdkonn\u00e1 pru\u017einov\u00e1 oce\u013e:<\/strong> Vyroben\u00e1 tak, aby si udr\u017eala svoju \u0161pecifick\u00fa hmotnos\u0165 po\u010das tis\u00edcov cyklov, \u010d\u00edm zabezpe\u010duje, \u017ee va\u0161e na\u010dasovanie zostane po\u010das dlhej s\u00fa\u0165a\u017ee konzistentn\u00e9.<\/li>\n<li><strong>Line\u00e1rna kompresia:<\/strong> Navrhnut\u00e9 na plynul\u00fd a konzistentn\u00fd pocit od okamihu, ke\u010f sa z\u00e1ver odomkne, a\u017e k\u00fdm nedosiahne pln\u00e9ho zadn\u00e9ho zdvihu.<\/li>\n<\/ul>\n<h3>K\u013e\u00fa\u010dov\u00e9 v\u00fdhody:<\/h3>\n<ul>\n<li><strong>Zn\u00ed\u017een\u00fd pokles hlavne:<\/strong> Zaru\u010duje plochej\u0161\u00ed n\u00e1vrat do bat\u00e9rie pre r\u00fdchlej\u0161ie op\u00e4tovn\u00e9 z\u00edskanie cie\u013ea.<\/li>\n<li><strong>Vylep\u0161en\u00e9 sledovanie mu\u0161ky:<\/strong> Jemnej\u0161\u00ed zdvih sp\u00e4tn\u00e9ho r\u00e1zu u\u013eah\u010duje strelcovi sledova\u0165 predn\u00fa mu\u0161ku alebo \u010derven\u00fa bodku po cel\u00fd cyklus.<\/li>\n<li><strong>R\u00fdchlej\u0161ie cyklick\u00e9 r\u00fdchlosti:<\/strong> Ide\u00e1lne pre s\u00fa\u0165a\u017en\u00e9 z\u00e1\u0165a\u017ee \u201eMinor&#8220; v\u00fdkonnostn\u00e9ho faktora, kde je potrebn\u00e1 \u013eah\u0161ia pru\u017eina, aby sa zaistilo spo\u013eahliv\u00e9 nab\u00edjanie a vyhodenie.<\/li>\n<li><strong>Zlep\u0161en\u00fd pohodlie strelca:<\/strong> V\u00fdrazne zmiernuje \u201e\u0161kubnutie&#8220; sp\u00e4tn\u00e9ho r\u00e1zu, \u010do zni\u017euje \u00fanavu ruky po\u010das vysoko objemov\u00fdch tr\u00e9ningov\u00fdch rel\u00e1ci\u00ed.<\/li>\n<\/ul>\n<p><em>Odpor\u00fa\u010danie: 11 lb Soft pru\u017eina je ide\u00e1lna pre 9 mm s\u00fa\u0165a\u017en\u00e9 z\u00e1\u0165a\u017ee. Pre vysokotlakov\u00e9 slu\u017eobn\u00e9 alebo +P mun\u00edciu sa odpor\u00fa\u010daj\u00fa varianty 12 lb alebo 13 lb, aby sa zabezpe\u010dila ochrana r\u00e1mu.<\/em><\/p>\n","protected":false},"excerpt":{"rendered":"<p>0730-05806-0000<\/p>\n","protected":false},"featured_media":25253,"template":"","meta":{"_acf_changed":false},"product_brand":[11505],"product_cat":[13347,13365],"product_tag":[],"class_list":{"0":"post-693388","1":"product","2":"type-product","3":"status-publish","4":"has-post-thumbnail","6":"product_brand-kmr-precision","7":"product_cat-kmr-diely","8":"product_cat-pruziny","10":"first","11":"instock","12":"taxable","13":"shipping-taxable","14":"product-type-simple"},"acf":[],"_links":{"self":[{"href":"https:\/\/nbg.eu\/sk\/wp-json\/wp\/v2\/product\/693388","targetHints":{"allow":["GET"]}}],"collection":[{"href":"https:\/\/nbg.eu\/sk\/wp-json\/wp\/v2\/product"}],"about":[{"href":"https:\/\/nbg.eu\/sk\/wp-json\/wp\/v2\/types\/product"}],"wp:featuredmedia":[{"embeddable":true,"href":"https:\/\/nbg.eu\/sk\/wp-json\/wp\/v2\/media\/25253"}],"wp:attachment":[{"href":"https:\/\/nbg.eu\/sk\/wp-json\/wp\/v2\/media?parent=693388"}],"wp:term":[{"taxonomy":"product_brand","embeddable":true,"href":"https:\/\/nbg.eu\/sk\/wp-json\/wp\/v2\/product_brand?post=693388"},{"taxonomy":"product_cat","embeddable":true,"href":"https:\/\/nbg.eu\/sk\/wp-json\/wp\/v2\/product_cat?post=693388"},{"taxonomy":"product_tag","embeddable":true,"href":"https:\/\/nbg.eu\/sk\/wp-json\/wp\/v2\/product_tag?post=693388"}],"curies":[{"name":"wp","href":"https:\/\/api.w.org\/{rel}","templated":true}]}}