{"id":693536,"date":"2024-08-16T21:03:31","date_gmt":"2024-08-16T18:03:31","guid":{"rendered":"https:\/\/nbg.eu\/product\/rhh-leg-strap\/"},"modified":"2026-05-13T16:03:28","modified_gmt":"2026-05-13T13:03:28","slug":"rhh-leg-strap","status":"publish","type":"product","link":"https:\/\/nbg.eu\/sk\/produkt\/rhh-leg-strap\/","title":{"rendered":"RHH Leg Strap"},"content":{"rendered":"<h2>RHH Remienok na nohu: Vylep\u0161en\u00e1 stabilita puzdr\u00e1 pre dynamick\u00e9 aktivity<\/h2>\n<p>RHH remienok na nohu je v\u0161estrann\u00e9 pr\u00edslu\u0161enstvo navrhnut\u00e9 na poskytnutie v\u00fdnimo\u010dnej stability a zn\u00ed\u017eenie pohybu pre puzdr\u00e1 na stehn\u00e1ch alebo v strednej polohe po\u010das dynamick\u00fdch aktiv\u00edt. Vyroben\u00fd z pru\u017en\u00e9ho nylonov\u00e9ho popruhov\u00e9ho materi\u00e1lu s vysokou odolnos\u0165ou a s prvkami z vysoko odoln\u00e9ho polym\u00e9rov\u00e9ho materi\u00e1lu, tento nastavite\u013en\u00fd remienok zabezpe\u010duje bezpe\u010dn\u00e9 a pohodln\u00e9 upevnenie okolo Va\u0161ej stehna.<\/p>\n<p>Integrovan\u00e9 proti\u0161mykov\u00e9 gumen\u00e9 pre\u0161\u00edvanie prid\u00e1va drsn\u00fd povrch, \u010do efekt\u00edvne eliminuje \u201ekol\u00edsanie puzdr\u00e1&#8220;, ku ktor\u00e9mu m\u00f4\u017ee doch\u00e1dza\u0165 po\u010das behu, k\u013ea\u010dania alebo in\u00fdch intenz\u00edvnych pohybov. Pru\u017en\u00e1 kon\u0161trukcia umo\u017e\u0148uje remienku roz\u0165ahova\u0165 sa a s\u0165ahova\u0165 sa s Va\u0161imi stehnami, \u010d\u00edm udr\u017euje puzdro v konzistentnej poz\u00edcii pre spo\u013eahliv\u00e9 a neobmedzen\u00e9 vytiahnutie.<\/p>\n<p>\u010ci ste akt\u00edvny policajt, s\u00fa\u0165a\u017en\u00fd strelec alebo v\u00e1\u0161niv\u00fd outdoorista, RHH remienok na nohu je dokonal\u00fdm rie\u0161en\u00edm na udr\u017eanie v\u00e1\u0161ho puzdr\u00e1 pevne na mieste bez obmedzenia rozsahu pohybu alebo prekrvenia. Za\u017eite vylep\u0161en\u00fa stabilitu puzdr\u00e1 a d\u00f4veru vo va\u0161u v\u00fdbavu, aj v t\u00fdch najn\u00e1ro\u010dnej\u0161\u00edch situ\u00e1ci\u00e1ch.<\/p>\n","protected":false},"excerpt":{"rendered":"<p>Zaistite svoje puzdro pomocou trvanliv\u00e9ho elastick\u00e9ho nylonu a nek\u013azav\u00e9ho dizajnu RHH Leg Strap.<\/p>\n","protected":false},"featured_media":0,"template":"","meta":{"_acf_changed":false},"product_brand":[11638],"product_cat":[13378],"product_tag":[],"class_list":{"0":"post-693536","1":"product","2":"type-product","3":"status-publish","5":"product_brand-rh-holsters","6":"product_cat-prislusenstvo-k-puzdram","8":"first","9":"instock","10":"taxable","11":"shipping-taxable","12":"purchasable","13":"product-type-simple"},"acf":[],"_links":{"self":[{"href":"https:\/\/nbg.eu\/sk\/wp-json\/wp\/v2\/product\/693536","targetHints":{"allow":["GET"]}}],"collection":[{"href":"https:\/\/nbg.eu\/sk\/wp-json\/wp\/v2\/product"}],"about":[{"href":"https:\/\/nbg.eu\/sk\/wp-json\/wp\/v2\/types\/product"}],"wp:attachment":[{"href":"https:\/\/nbg.eu\/sk\/wp-json\/wp\/v2\/media?parent=693536"}],"wp:term":[{"taxonomy":"product_brand","embeddable":true,"href":"https:\/\/nbg.eu\/sk\/wp-json\/wp\/v2\/product_brand?post=693536"},{"taxonomy":"product_cat","embeddable":true,"href":"https:\/\/nbg.eu\/sk\/wp-json\/wp\/v2\/product_cat?post=693536"},{"taxonomy":"product_tag","embeddable":true,"href":"https:\/\/nbg.eu\/sk\/wp-json\/wp\/v2\/product_tag?post=693536"}],"curies":[{"name":"wp","href":"https:\/\/api.w.org\/{rel}","templated":true}]}}