{"id":693567,"date":"2025-03-07T20:56:56","date_gmt":"2025-03-07T17:56:56","guid":{"rendered":"https:\/\/nbg.eu\/product\/rusan-modular-qr-adapter-for-guide-arta435\/"},"modified":"2026-05-13T16:01:24","modified_gmt":"2026-05-13T13:01:24","slug":"rusan-modular-qr-adapter-for-guide-arta435","status":"publish","type":"product","link":"https:\/\/nbg.eu\/sk\/produkt\/rusan-modular-qr-adapter-for-guide-arta435\/","title":{"rendered":"Rusan Modular QR Adapter for Guide | ARTA435"},"content":{"rendered":"<h2>Rusan modul\u00e1rny QR adapt\u00e9r pre Guide | ARTA435<\/h2>\n<p>Vylep\u0161ite svoju prec\u00edznu stre\u013ebu pomocou modul\u00e1rneho QR adapt\u00e9ra Rusan pre Guide (ARTA435). Navrhnut\u00fd pre bezprobl\u00e9mov\u00fa integr\u00e1ciu s term\u00e1lnymi pr\u00edpojkami Guide, tento r\u00fdchlo-odn\u00edmate\u013en\u00fd (QR) mont\u00e1\u017eny syst\u00e9m pon\u00faka bezkonkuren\u010dn\u00fa praktickos\u0165 a opakovate\u013enos\u0165.<\/p>\n<p>V\u010faka vn\u00fatorn\u00e9mu z\u00e1vitu M52x0.75 vyu\u017e\u00edva adapt\u00e9r robustn\u00fd syst\u00e9m QR p\u00e1ky, ktor\u00fd umo\u017e\u0148uje takmer okam\u017eit\u00e9 pripojenie a odpojenie v\u00e1\u0161ho term\u00e1lneho n\u00e1sadca bez naru\u0161enia nulov\u00e9ho bodu zbrane. Modul\u00e1rny dizajn zabezpe\u010duje bezpe\u010dn\u00e9, nap\u00e4\u0165ovo nastavite\u013en\u00e9 uzamknutie, udr\u017eiavaj\u00face presnos\u0165 aj v najn\u00e1ro\u010dnej\u0161\u00edch podmienkach.<\/p>\n<p>Vyroben\u00fd z vysokokvalitn\u00e9ho hlin\u00edka, modul\u00e1rny QR adapt\u00e9r Rusan je skon\u0161truovan\u00fd na zvl\u00e1dnutie n\u00e1rokov po\u013ea. Jeho kompatibilita s kr\u00fa\u017ekami Rusan ARADA e\u0161te viac zvy\u0161uje univerz\u00e1lnos\u0165 syst\u00e9mu, umo\u017e\u0148uj\u00fac prisp\u00f4soben\u00e9 rie\u0161enie pre va\u0161e konkr\u00e9tne potreby.<\/p>\n<p>Za\u017eite najvy\u0161\u0161iu tich\u00fa a bez\u00fadr\u017ebov\u00fa prev\u00e1dzku s modul\u00e1rnym QR adapt\u00e9rom Rusan. Vylep\u0161ite svoj streleck\u00fd v\u00fdkon a vyu\u017eite naplno potenci\u00e1l va\u0161ich term\u00e1lnych pr\u00edpojok Guide s t\u00fdmto inovat\u00edvnym mont\u00e1\u017enym rie\u0161en\u00edm.<\/p>\n","protected":false},"excerpt":{"rendered":"<p>Presn\u00e9 upevnenie QR pre tepeln\u00e9 nadstavce Guide. Z\u00e1vit M52x0.75, modul\u00e1rny, vysokokvalitn\u00fd hlin\u00edk.<\/p>\n","protected":false},"featured_media":248606,"template":"","meta":{"_acf_changed":false},"product_brand":[11691],"product_cat":[13348,13373,13368],"product_tag":[],"class_list":{"0":"post-693567","1":"product","2":"type-product","3":"status-publish","4":"has-post-thumbnail","6":"product_brand-rusan","7":"product_cat-mierenie","8":"product_cat-prislusenstvo-na-mierenie","9":"product_cat-termalne","11":"first","12":"instock","13":"taxable","14":"shipping-taxable","15":"purchasable","16":"product-type-variable","17":"wvs-archive-product-wrapper"},"acf":[],"_links":{"self":[{"href":"https:\/\/nbg.eu\/sk\/wp-json\/wp\/v2\/product\/693567","targetHints":{"allow":["GET"]}}],"collection":[{"href":"https:\/\/nbg.eu\/sk\/wp-json\/wp\/v2\/product"}],"about":[{"href":"https:\/\/nbg.eu\/sk\/wp-json\/wp\/v2\/types\/product"}],"wp:featuredmedia":[{"embeddable":true,"href":"https:\/\/nbg.eu\/sk\/wp-json\/wp\/v2\/media\/248606"}],"wp:attachment":[{"href":"https:\/\/nbg.eu\/sk\/wp-json\/wp\/v2\/media?parent=693567"}],"wp:term":[{"taxonomy":"product_brand","embeddable":true,"href":"https:\/\/nbg.eu\/sk\/wp-json\/wp\/v2\/product_brand?post=693567"},{"taxonomy":"product_cat","embeddable":true,"href":"https:\/\/nbg.eu\/sk\/wp-json\/wp\/v2\/product_cat?post=693567"},{"taxonomy":"product_tag","embeddable":true,"href":"https:\/\/nbg.eu\/sk\/wp-json\/wp\/v2\/product_tag?post=693567"}],"curies":[{"name":"wp","href":"https:\/\/api.w.org\/{rel}","templated":true}]}}