{"id":694130,"date":"2024-08-17T18:11:52","date_gmt":"2024-08-17T15:11:52","guid":{"rendered":"https:\/\/nbg.eu\/product\/safety-detent-plunger-spring-kmr\/"},"modified":"2026-05-13T16:03:32","modified_gmt":"2026-05-13T13:03:32","slug":"safety-detent-plunger-spring-kmr","status":"publish","type":"product","link":"https:\/\/nbg.eu\/sk\/produkt\/safety-detent-plunger-spring-kmr\/","title":{"rendered":"KMR Pru\u017eina Poistn\u00e9ho Piestu"},"content":{"rendered":"<h2>Pru\u017eina zar\u00e1\u017eky bezpe\u010dnosti KMR<\/h2>\n<p>Zaistite spo\u013eahliv\u00fd a bezpe\u010dn\u00fd v\u00fdkon va\u0161ej zbrane pomocou Pru\u017einy zar\u00e1\u017eky bezpe\u010dnosti KMR.<\/p>\n<p>Vyroben\u00e1 s d\u00f4razom na presnos\u0165 a trvanlivos\u0165, Pru\u017eina zar\u00e1\u017eky bezpe\u010dnosti KMR pom\u00e1ha udr\u017eiava\u0165 riadne fungovanie mechanizmu bezpe\u010dnosti va\u0161ej zbrane. Jej spo\u013eahliv\u00fd dizajn zabezpe\u010duje hladk\u00fa a konzistentn\u00fa prev\u00e1dzku, \u010d\u00edm zni\u017euje riziko n\u00e1hodn\u00fdch v\u00fdstrelov a zvy\u0161uje celkov\u00fa bezpe\u010dnos\u0165 po\u010das pou\u017e\u00edvania.<\/p>\n<p>\u010ci u\u017e aktualizujete va\u0161u existuj\u00facu zbra\u0148 KMR alebo men\u00edte opotrebovan\u00fa s\u00fa\u010diastku, Pru\u017eina zar\u00e1\u017eky bezpe\u010dnosti KMR je nevyhnutn\u00e9 pr\u00edslu\u0161enstvo na udr\u017eanie integrity a v\u00fdkonu va\u0161ej strelnej zbrane. Investujte do tejto spo\u013eahlivej s\u00fa\u010diastky, aby ste zaistili, \u017ee bezpe\u010dnos\u0165 a funk\u010dnos\u0165 va\u0161ej zbrane zostan\u00fa na najvy\u0161\u0161ej \u00farovni.<\/p>\n<p>Pre zbrane KMR:<\/p>\n<p>KMR L-02 EMIQ<\/p>\n<p>KMR L-02 EMIQ (OR)<\/p>\n<p>KMR L-02 ORCA od 2024<\/p>\n<p>KMR L-02 ORCA do 2023<\/p>\n<p>KMR L-02 SPECTRA od 2024<\/p>\n<p>KMR L-02 SPECTRA do 2023<\/p>\n<p>KMR L-02 UMBRA (OR) SR<\/p>\n<p>KMR S-01 LANCE (OR)<\/p>\n<p>KMR S-02 od 2024<\/p>\n<p>KMR S-02 do 2023<\/p>\n<p>KMR W-02 CUDA (OR)<\/p>\n<p>KMR W-02 UMBRA<\/p>\n<p>KMR W-02 UMBRA (OR)<\/p>\n","protected":false},"excerpt":{"rendered":"<p>Bezpe\u010dnostn\u00e1 z\u00e1padka pru\u017einy plun\u017eera pre zbrane KMR.<\/p>\n","protected":false},"featured_media":24931,"template":"","meta":{"_acf_changed":false},"product_brand":[11505],"product_cat":[13347,13365],"product_tag":[],"class_list":{"0":"post-694130","1":"product","2":"type-product","3":"status-publish","4":"has-post-thumbnail","6":"product_brand-kmr-precision","7":"product_cat-kmr-diely","8":"product_cat-pruziny","10":"first","11":"instock","12":"taxable","13":"shipping-taxable","14":"product-type-simple"},"acf":[],"_links":{"self":[{"href":"https:\/\/nbg.eu\/sk\/wp-json\/wp\/v2\/product\/694130","targetHints":{"allow":["GET"]}}],"collection":[{"href":"https:\/\/nbg.eu\/sk\/wp-json\/wp\/v2\/product"}],"about":[{"href":"https:\/\/nbg.eu\/sk\/wp-json\/wp\/v2\/types\/product"}],"wp:featuredmedia":[{"embeddable":true,"href":"https:\/\/nbg.eu\/sk\/wp-json\/wp\/v2\/media\/24931"}],"wp:attachment":[{"href":"https:\/\/nbg.eu\/sk\/wp-json\/wp\/v2\/media?parent=694130"}],"wp:term":[{"taxonomy":"product_brand","embeddable":true,"href":"https:\/\/nbg.eu\/sk\/wp-json\/wp\/v2\/product_brand?post=694130"},{"taxonomy":"product_cat","embeddable":true,"href":"https:\/\/nbg.eu\/sk\/wp-json\/wp\/v2\/product_cat?post=694130"},{"taxonomy":"product_tag","embeddable":true,"href":"https:\/\/nbg.eu\/sk\/wp-json\/wp\/v2\/product_tag?post=694130"}],"curies":[{"name":"wp","href":"https:\/\/api.w.org\/{rel}","templated":true}]}}