{"id":694252,"date":"2024-08-17T18:03:33","date_gmt":"2024-08-17T15:03:33","guid":{"rendered":"https:\/\/nbg.eu\/product\/sear-spring-kmr\/"},"modified":"2026-05-13T16:01:03","modified_gmt":"2026-05-13T13:01:03","slug":"sear-spring-kmr","status":"publish","type":"product","link":"https:\/\/nbg.eu\/sk\/produkt\/sear-spring-kmr\/","title":{"rendered":"KMR Pru\u017eina Ozubu"},"content":{"rendered":"<h2>Sear Spring KMR: Kontrola sp\u00e4tn\u00e9ho n\u00e1razu zbran\u00ed<\/h2>\n<p>Predstavujeme Sear Spring KMR, univerz\u00e1lny a vysoko v\u00fdkonn\u00fd syst\u00e9m kontroly sp\u00e4tn\u00e9ho n\u00e1razu navrhnut\u00fd pre \u0161irok\u00e9 spektrum zbra\u0148ov\u00fdch platforiem.<\/p>\n<p>Vyroben\u00fd z pr\u00e9miov\u00fdch materi\u00e1lov a prec\u00edzne skon\u0161truovan\u00fd, Sear Spring KMR kombinuje pokro\u010dil\u00fa technol\u00f3giu s odolnos\u0165ou, \u010d\u00edm zais\u0165uje spo\u013eahliv\u00fd v\u00fdkon aj v t\u00fdch najn\u00e1ro\u010dnej\u0161\u00edch podmienkach. Jeho inovat\u00edvny dizajn pom\u00e1ha zmierni\u0165 sp\u00e4tn\u00fd n\u00e1raz, umo\u017e\u0148uj\u00fac r\u00fdchlej\u0161ie zaujatie cie\u013ea, zlep\u0161en\u00fa presnos\u0165 a zn\u00ed\u017eenie \u00fanavy pou\u017e\u00edvate\u013ea.<\/p>\n<p>V\u010faka svojej variabilite je Sear Spring KMR kompatibiln\u00fd s r\u00f4znorod\u00fdmi zbra\u0148ami, od pu\u0161iek a karab\u00edn a\u017e po pi\u0161tole a brokovnice. Jeho modul\u00e1rna kon\u0161trukcia umo\u017e\u0148uje bezprobl\u00e9mov\u00fa integr\u00e1ciu a zaistenie optim\u00e1lneho v\u00fdkonu na mieru.<\/p>\n<p>Pre zbrane KMR:<\/p>\n<p>KMR L-02 EMIQ<\/p>\n<p>KMR L-02 EMIQ (OR)<\/p>\n<p>KMR L-02 ORCA OD 2024<\/p>\n<p>KMR L-02 ORCA DO 2023<\/p>\n<p>KMR L-02 SPECTRA OD 2024<\/p>\n<p>KMR L-02 SPECTRA DO 2023<\/p>\n<p>KMR L-02 UMBRA (OR) SR<\/p>\n<p>KMR S-01 LANCE (OR)<\/p>\n<p>KMR S-02 OD 2024<\/p>\n<p>KMR S-02 DO 2023<\/p>\n<p>KMR W-02 CUDA (OR)<\/p>\n<p>KMR W-02 UMBRA<\/p>\n<p>KMR W-02 UMBRA (OR)<\/p>\n","protected":false},"excerpt":{"rendered":"<p>Pru\u017eina zapa\u013eovania pre zbrane KMR, kompatibiln\u00e1 s r\u00f4znymi modelmi.<\/p>\n","protected":false},"featured_media":24837,"template":"","meta":{"_acf_changed":false},"product_brand":[11505],"product_cat":[13347,13365],"product_tag":[],"class_list":{"0":"post-694252","1":"product","2":"type-product","3":"status-publish","4":"has-post-thumbnail","6":"product_brand-kmr-precision","7":"product_cat-kmr-diely","8":"product_cat-pruziny","10":"first","11":"instock","12":"taxable","13":"shipping-taxable","14":"product-type-simple"},"acf":[],"_links":{"self":[{"href":"https:\/\/nbg.eu\/sk\/wp-json\/wp\/v2\/product\/694252","targetHints":{"allow":["GET"]}}],"collection":[{"href":"https:\/\/nbg.eu\/sk\/wp-json\/wp\/v2\/product"}],"about":[{"href":"https:\/\/nbg.eu\/sk\/wp-json\/wp\/v2\/types\/product"}],"wp:featuredmedia":[{"embeddable":true,"href":"https:\/\/nbg.eu\/sk\/wp-json\/wp\/v2\/media\/24837"}],"wp:attachment":[{"href":"https:\/\/nbg.eu\/sk\/wp-json\/wp\/v2\/media?parent=694252"}],"wp:term":[{"taxonomy":"product_brand","embeddable":true,"href":"https:\/\/nbg.eu\/sk\/wp-json\/wp\/v2\/product_brand?post=694252"},{"taxonomy":"product_cat","embeddable":true,"href":"https:\/\/nbg.eu\/sk\/wp-json\/wp\/v2\/product_cat?post=694252"},{"taxonomy":"product_tag","embeddable":true,"href":"https:\/\/nbg.eu\/sk\/wp-json\/wp\/v2\/product_tag?post=694252"}],"curies":[{"name":"wp","href":"https:\/\/api.w.org\/{rel}","templated":true}]}}