{"id":694269,"date":"2024-08-16T23:19:01","date_gmt":"2024-08-16T20:19:01","guid":{"rendered":"https:\/\/nbg.eu\/product\/sear-pin-kmr\/"},"modified":"2026-05-13T15:11:28","modified_gmt":"2026-05-13T12:11:28","slug":"sear-pin-kmr","status":"publish","type":"product","link":"https:\/\/nbg.eu\/sk\/produkt\/sear-pin-kmr\/","title":{"rendered":"KMR \u010cap Ozubu"},"content":{"rendered":"<h2>Sear Pin pre pi\u0161tole KMR: Presn\u00fd bod ot\u00e1\u010dania pre konzistentnos\u0165 sp\u00fa\u0161te<\/h2>\n<p>Sear Pin pre pi\u0161tole KMR je kritick\u00e1 s\u00fa\u010das\u0165, ktor\u00e1 zabezpe\u010duje spo\u013eahlivos\u0165 a konzistentnos\u0165 mechanizmu sp\u00fa\u0161te va\u0161ej strelnej zbrane. Vyroben\u00fd z presne br\u00fasenej, zakalej n\u00e1strojovej ocele, tento diel je vyr\u00e1ban\u00fd v pr\u00edsnych tov\u00e1rensk\u00fdch toleranci\u00e1ch KMR, poskytuj\u00fac v\u00fdnimo\u010dn\u00fa odolnos\u0165 vo\u010di opotrebeniu a hladk\u00fd, spo\u013eahliv\u00fd v\u00fdkon.<\/p>\n<p>V srdci mechanizmu sp\u00fa\u0161te p\u00f4sob\u00ed Sear Pin ako oto\u010dn\u00e1 os, ktor\u00e1 umo\u017e\u0148uje sp\u00fa\u0161ti presne a konzistentne sa pohybova\u0165. Mimoriadne hladk\u00fd povrch a presn\u00fd priemer tejto s\u00fa\u010dasti s\u00fa k\u013e\u00fa\u010dov\u00e9 pre udr\u017eanie ostr\u00e9ho, predv\u00eddate\u013en\u00e9ho sp\u00fa\u0161\u0165ania a spo\u013eahliv\u00e9ho nasp\u00e4\u0165n\u00e9ho chodu v s\u00fa\u0165a\u017en\u00fdch pi\u0161toliach KMR.<\/p>\n<p>Poskytnut\u00edm stabiln\u00e9ho, vysoko presn\u00e9ho bodu ot\u00e1\u010dania Sear Pin pom\u00e1ha eliminova\u0165 nekonzistentnosti sp\u00fa\u0161te, ktor\u00e9 by mohli ovplyvni\u0165 presnos\u0165 a v\u00fdkon. \u010ci u\u017e sa z\u00fa\u010dast\u0148ujete na s\u00fa\u0165a\u017enej stre\u013ebe, alebo spoliehate na svoju pi\u0161to\u013e KMR pre osobn\u00fa obranu, t\u00e1to nevyhnutn\u00e1 s\u00fa\u010das\u0165 pom\u00e1ha zabezpe\u010di\u0165 konzistentn\u00e9, spo\u013eahliv\u00e9 stiahnutie sp\u00fa\u0161te v\u017edy.<\/p>\n<p>Vylep\u0161ite svoju pi\u0161to\u013e KMR pomocou Sear Pin a za\u017eite rozdiel, ktor\u00fd dok\u00e1\u017ee urobi\u0165 presn\u00e9 in\u017einierstvo. Posu\u0148te svoju stre\u013ebu na vy\u0161\u0161iu \u00farove\u0148 s touto nevyhnutnou s\u00fa\u010das\u0165ou, navrhnutou na doru\u010denie najvy\u0161\u0161ieho v\u00fdkonu sp\u00fa\u0161te.<\/p>\n","protected":false},"excerpt":{"rendered":"<p>Prec\u00edzny bod oto\u010dn\u00e9ho bodu zaist\u00ed konzistentn\u00fd \u0165ah sp\u00fa\u0161te KMR.<\/p>\n","protected":false},"featured_media":23811,"template":"","meta":{"_acf_changed":false},"product_brand":[11505],"product_cat":[13347],"product_tag":[],"class_list":{"0":"post-694269","1":"product","2":"type-product","3":"status-publish","4":"has-post-thumbnail","6":"product_brand-kmr-precision","7":"product_cat-kmr-diely","9":"first","10":"instock","11":"taxable","12":"shipping-taxable","13":"product-type-simple"},"acf":[],"_links":{"self":[{"href":"https:\/\/nbg.eu\/sk\/wp-json\/wp\/v2\/product\/694269","targetHints":{"allow":["GET"]}}],"collection":[{"href":"https:\/\/nbg.eu\/sk\/wp-json\/wp\/v2\/product"}],"about":[{"href":"https:\/\/nbg.eu\/sk\/wp-json\/wp\/v2\/types\/product"}],"wp:featuredmedia":[{"embeddable":true,"href":"https:\/\/nbg.eu\/sk\/wp-json\/wp\/v2\/media\/23811"}],"wp:attachment":[{"href":"https:\/\/nbg.eu\/sk\/wp-json\/wp\/v2\/media?parent=694269"}],"wp:term":[{"taxonomy":"product_brand","embeddable":true,"href":"https:\/\/nbg.eu\/sk\/wp-json\/wp\/v2\/product_brand?post=694269"},{"taxonomy":"product_cat","embeddable":true,"href":"https:\/\/nbg.eu\/sk\/wp-json\/wp\/v2\/product_cat?post=694269"},{"taxonomy":"product_tag","embeddable":true,"href":"https:\/\/nbg.eu\/sk\/wp-json\/wp\/v2\/product_tag?post=694269"}],"curies":[{"name":"wp","href":"https:\/\/api.w.org\/{rel}","templated":true}]}}