{"id":694305,"date":"2024-08-18T12:10:09","date_gmt":"2024-08-18T09:10:09","guid":{"rendered":"https:\/\/nbg.eu\/product\/sear-kmr\/"},"modified":"2026-05-13T15:10:51","modified_gmt":"2026-05-13T12:10:51","slug":"sear-kmr","status":"publish","type":"product","link":"https:\/\/nbg.eu\/sk\/produkt\/sear-kmr\/","title":{"rendered":"KMR Ozub"},"content":{"rendered":"<h2>KMR Precision Sear<\/h2>\n<p>Sear KMR je z\u00e1kladn\u00e1 vn\u00fatorn\u00e1 s\u00fa\u010das\u0165 navrhnut\u00e1 pre t\u00fdch, ktor\u00ed po\u017eaduj\u00fa to najlep\u0161ie v r\u00e1mci v\u00fdkonu sp\u00fa\u0161te. Ako prim\u00e1rne prepojenie v zapa\u013eovacom syst\u00e9me, sear dr\u017e\u00ed kladivo a\u017e do presn\u00e9ho momentu stre\u013eby. T\u00e1to origin\u00e1lna s\u00fa\u010das\u0165 KMR je navrhnut\u00e1 tak, aby poskytovala \u010dist\u00fd, \u201esklenen\u00fd&#8220; z\u00e1ber, ktor\u00fd sa stal typick\u00fdm znakom zna\u010dky KMR.<\/p>\n<h3>S\u00fa\u0165a\u017en\u00e1 \u00farove\u0148 zapa\u013eovania<\/h3>\n<p>Geometria sear KMR je starostlivo vypo\u010d\u00edtan\u00e1 s cie\u013eom minimalizova\u0165 previs a pretrasenie. Vyu\u017e\u00edvan\u00edm vysoko kvalitnej kalej ocele zabezpe\u010duje KMR, \u017ee hrany z\u00e1berov zostan\u00fa ostr\u00e9 a konzistentn\u00e9 po\u010das stoviek tis\u00edcok cyklov. \u010ci u\u017e vytv\u00e1rate vlastn\u00fa s\u00fa\u0165a\u017en\u00fa zbra\u0148 alebo obnovujete va\u0161u pi\u0161to\u013e na v\u00fdkonnos\u0165 ako z v\u00fdroby, tento sear je k\u013e\u00fa\u010dom k opakovate\u013en\u00e9mu a bezpe\u010dn\u00e9mu \u0165ahu sp\u00fa\u0161te.<\/p>\n<h3>Technick\u00e9 \u0161pecifik\u00e1cie:<\/h3>\n<ul>\n<li><strong>Kalen\u00e1 uhl\u00edkov\u00e1 oce\u013e:<\/strong> Kovan\u00e9 pre extr\u00e9mnu trvanlivos\u0165 a odolnos\u0165 vo\u010di povrchov\u00e9mu opotrebeniu v mieste z\u00e1beru.<\/li>\n<li><strong>Presne strojen\u00e9:<\/strong> Vyroben\u00e9 na najvy\u0161\u0161ie tolerancie, aby sa zaistilo dokonal\u00e9 rozhranie s h\u00e1\u010dikmi kladiva.<\/li>\n<li><strong>Optimalizovan\u00e1 geometria resetu:<\/strong> Navrhnut\u00e9 na zabezpe\u010denie kr\u00e1tkeho, pozit\u00edvneho resetu pre r\u00fdchlej\u0161ie n\u00e1sledn\u00e9 v\u00fdstrely v dynamick\u00fdch streleck\u00fdch scen\u00e1roch.<\/li>\n<li><strong>Univerz\u00e1lna kompatibilita KMR:<\/strong> Kompatibiln\u00e9 s radami r\u00e1mov KMR L-02 a W-02.<\/li>\n<\/ul>\n<h3>K\u013e\u00fa\u010dov\u00e9 v\u00fdhody:<\/h3>\n<ul>\n<li><strong>Elimin\u00e1cia previs sp\u00fa\u0161te:<\/strong> Poskytuje ostr\u00fd, okam\u017eit\u00fd z\u00e1ber, ktor\u00fd zlep\u0161uje presnos\u0165 t\u00fdm, \u017ee zni\u017euje pravdepodobnos\u0165 potiahnutia v\u00fdstrelu.<\/li>\n<li><strong>Zv\u00fd\u0161en\u00e1 bezpe\u010dnos\u0165:<\/strong> Presne zbr\u00fasen\u00e9 povrchy zais\u0165uj\u00fa bezpe\u010dn\u00e9 zaistenie kladiva, udr\u017eiavaj\u00fac mechanick\u00fa bezpe\u010dnos\u0165 aj pri \u0165a\u017ekom pou\u017e\u00edvan\u00ed.<\/li>\n<li><strong>Kvalita bez nutnosti \u00faprav:<\/strong> Aj ke\u010f nastavenie gunsmiths je v\u017edy odpor\u00fa\u010dan\u00e9 pre tie najjemnej\u0161ie sp\u00fa\u0161te, t\u00e1to origin\u00e1lna s\u00fa\u010das\u0165 poskytuje najpreh\u013eadnej\u0161\u00ed z\u00e1klad pre profesion\u00e1lne \u00fapravy sp\u00fa\u0161te.<\/li>\n<\/ul>\n<p><em><strong>Pozn\u00e1mka:<\/strong> Vzh\u013eadom na to, \u017ee sear je kritick\u00e1 bezpe\u010dnostn\u00e1 s\u00fa\u010das\u0165, KMR odpor\u00fa\u010da, aby in\u0161tal\u00e1ciu a n\u00e1sledn\u00e9 le\u0161tenie vykon\u00e1val kvalifikovan\u00fd gunsmith, aby sa zaistilo spr\u00e1vne zapojenie sear-kladivo.<\/em><\/p>\n","protected":false},"excerpt":{"rendered":"<p>1110-00106-0401<\/p>\n","protected":false},"featured_media":25808,"template":"","meta":{"_acf_changed":false},"product_brand":[11505],"product_cat":[13347],"product_tag":[],"class_list":{"0":"post-694305","1":"product","2":"type-product","3":"status-publish","4":"has-post-thumbnail","6":"product_brand-kmr-precision","7":"product_cat-kmr-diely","9":"first","10":"instock","11":"taxable","12":"shipping-taxable","13":"product-type-simple"},"acf":[],"_links":{"self":[{"href":"https:\/\/nbg.eu\/sk\/wp-json\/wp\/v2\/product\/694305","targetHints":{"allow":["GET"]}}],"collection":[{"href":"https:\/\/nbg.eu\/sk\/wp-json\/wp\/v2\/product"}],"about":[{"href":"https:\/\/nbg.eu\/sk\/wp-json\/wp\/v2\/types\/product"}],"wp:featuredmedia":[{"embeddable":true,"href":"https:\/\/nbg.eu\/sk\/wp-json\/wp\/v2\/media\/25808"}],"wp:attachment":[{"href":"https:\/\/nbg.eu\/sk\/wp-json\/wp\/v2\/media?parent=694305"}],"wp:term":[{"taxonomy":"product_brand","embeddable":true,"href":"https:\/\/nbg.eu\/sk\/wp-json\/wp\/v2\/product_brand?post=694305"},{"taxonomy":"product_cat","embeddable":true,"href":"https:\/\/nbg.eu\/sk\/wp-json\/wp\/v2\/product_cat?post=694305"},{"taxonomy":"product_tag","embeddable":true,"href":"https:\/\/nbg.eu\/sk\/wp-json\/wp\/v2\/product_tag?post=694305"}],"curies":[{"name":"wp","href":"https:\/\/api.w.org\/{rel}","templated":true}]}}