{"id":694356,"date":"2025-09-05T00:02:56","date_gmt":"2025-09-04T21:02:56","guid":{"rendered":"https:\/\/nbg.eu\/product\/sig-sauer-taper-cap-for-5-56-barrels-1-2-28-thread\/"},"modified":"2026-05-13T16:41:25","modified_gmt":"2026-05-13T13:41:25","slug":"sig-sauer-taper-cap-for-5-56-barrels-1-2-28-thread","status":"publish","type":"product","link":"https:\/\/nbg.eu\/sk\/produkt\/sig-sauer-taper-cap-for-5-56-barrels-1-2-28-thread\/","title":{"rendered":"Sig Sauer Taper Cap for 5.56 Barrels, 1\/2-28 thread"},"content":{"rendered":"<div class=\"product-description\">\n<h2>Sig Sauer Taper Cap pre hlavne s n\u00e1bojom 5.56 NATO<\/h2>\n<p>Vylep\u0161ite ochranu a vzh\u013ead va\u0161ej strelnej zbrane Sig Sauer pomocou tejto vysokokvalitnej taperovej krytky navrhnutej \u0161peci\u00e1lne pre hlavne s n\u00e1bojom 5.56 NATO s 1\/2-28 z\u00e1vitom.<\/p>\n<ul>\n<li>Kompatibiln\u00e9 so s\u00fa\u010dasn\u00fdmi modelmi Sig Sauer 5.56 NATO, vr\u00e1tane MCX a M400<\/li>\n<li>Presne skon\u0161truovan\u00e9 na 1\/2-28 z\u00e1vitov\u00e9 hlavne<\/li>\n<li>Poskytuje vynikaj\u00facu ochranu pre z\u00e1vit hlavne, ke\u010f sa nepou\u017e\u00edva<\/li>\n<li>Jednoduch\u00e9 na in\u0161tal\u00e1ciu a demont\u00e1\u017e<\/li>\n<li>Elegantn\u00fd dizajn dop\u013a\u0148a vzh\u013ead va\u0161ej strelnej zbrane<\/li>\n<\/ul>\n<p>T\u00e1to toperov\u00e1 krytka je nevyhnutn\u00fdm doplnkom na udr\u017eiavanie va\u0161ej strelnej zbrane Sig Sauer s n\u00e1bojom 5.56 NATO. Pom\u00e1ha predch\u00e1dza\u0165 po\u0161kodeniu z\u00e1vitu hlavne a udr\u017eiava von ne\u010distoty, \u010d\u00edm zabezpe\u010duje, \u017ee va\u0161a zbra\u0148 zostane v top stave. \u010ci u\u017e usklad\u0148ujete svoju zbra\u0148 alebo idete na strelnica, t\u00e1to toperov\u00e1 krytka pon\u00faka praktick\u00fa ochranu aj profesion\u00e1lny vzh\u013ead.<\/p>\n<\/div>\n","protected":false},"excerpt":{"rendered":"<p>Ochrann\u00fd z\u00e1vit Sig Sauer pre hlavne 5,56, z\u00e1vit 1\/2-28.<\/p>\n","protected":false},"featured_media":496365,"template":"","meta":{"_acf_changed":false},"product_brand":[15113],"product_cat":[13360,13380],"product_tag":[],"class_list":{"0":"post-694356","1":"product","2":"type-product","3":"status-publish","4":"has-post-thumbnail","6":"product_brand-sig-sauer","7":"product_cat-prislusenstvo-tlmicov","8":"product_cat-tlmice-pre-pusky","10":"first","11":"instock","12":"taxable","13":"shipping-taxable","14":"purchasable","15":"product-type-simple"},"acf":[],"_links":{"self":[{"href":"https:\/\/nbg.eu\/sk\/wp-json\/wp\/v2\/product\/694356","targetHints":{"allow":["GET"]}}],"collection":[{"href":"https:\/\/nbg.eu\/sk\/wp-json\/wp\/v2\/product"}],"about":[{"href":"https:\/\/nbg.eu\/sk\/wp-json\/wp\/v2\/types\/product"}],"wp:featuredmedia":[{"embeddable":true,"href":"https:\/\/nbg.eu\/sk\/wp-json\/wp\/v2\/media\/496365"}],"wp:attachment":[{"href":"https:\/\/nbg.eu\/sk\/wp-json\/wp\/v2\/media?parent=694356"}],"wp:term":[{"taxonomy":"product_brand","embeddable":true,"href":"https:\/\/nbg.eu\/sk\/wp-json\/wp\/v2\/product_brand?post=694356"},{"taxonomy":"product_cat","embeddable":true,"href":"https:\/\/nbg.eu\/sk\/wp-json\/wp\/v2\/product_cat?post=694356"},{"taxonomy":"product_tag","embeddable":true,"href":"https:\/\/nbg.eu\/sk\/wp-json\/wp\/v2\/product_tag?post=694356"}],"curies":[{"name":"wp","href":"https:\/\/api.w.org\/{rel}","templated":true}]}}