{"id":694466,"date":"2024-09-16T14:36:57","date_gmt":"2024-09-16T11:36:57","guid":{"rendered":"https:\/\/nbg.eu\/product\/slide-stop-27-kmr\/"},"modified":"2026-02-02T18:40:59","modified_gmt":"2026-02-02T15:40:59","slug":"slide-stop-27-kmr","status":"publish","type":"product","link":"https:\/\/nbg.eu\/sk\/produkt\/slide-stop-27-kmr\/","title":{"rendered":"ZASTAVENIE POS\u00daVANIA 27 KMR"},"content":{"rendered":"<h2>SLIDE STOP 27 KMR &#8211; Spo\u013eahliv\u00fd indik\u00e1tor bezpe\u010dnosti a doplnenia mun\u00edcie pre streln\u00e9 zbrane<\/h2>\n<p>SLIDE STOP 27 KMR je d\u00f4le\u017eit\u00e1 funkcia, ktor\u00e1 zvy\u0161uje bezpe\u010dnos\u0165 a funk\u010dnos\u0165 va\u0161ej strelnej zbrane. Ke\u010f je z\u00e1sobn\u00edk pr\u00e1zdny, z\u00e1chyt z\u00e1veru automaticky uzamkne z\u00e1ver v zadnej polohe, \u010d\u00edm poskytne zrete\u013en\u00fa vizu\u00e1lnu indik\u00e1ciu, \u017ee je potrebn\u00e9 vymeni\u0165 z\u00e1sobn\u00edk.<\/p>\n<p>T\u00e1to funkcia umo\u017e\u0148uje plynul\u00e9 dob\u00edjanie, preto\u017ee strelec m\u00f4\u017ee jednoducho stla\u010di\u0165 z\u00e1chyt z\u00e1veru, aby uvo\u013enil z\u00e1ver a nabil prv\u00fd n\u00e1boj do n\u00e1bojovej komory, akon\u00e1hle je vlo\u017een\u00fd nov\u00fd z\u00e1sobn\u00edk. SLIDE STOP 27 KMR sl\u00fa\u017ei ako spo\u013eahliv\u00fd bezpe\u010dnostn\u00fd mechanizmus, ktor\u00fd br\u00e1ni n\u00e1hodn\u00e9mu v\u00fdstrelu, k\u00fdm nie je z\u00e1sobn\u00edk spr\u00e1vne zaisten\u00fd a zbra\u0148 pripraven\u00e1 na pou\u017eitie.<\/p>\n<p>Vyroben\u00e9 s presnos\u0165ou a pozornos\u0165ou k detailu, SLIDE STOP 27 KMR je cenn\u00fdm doplnkom pre ak\u00fako\u013evek streln\u00fa zbra\u0148, \u010d\u00edm zais\u0165uje bezpe\u010dnej\u0161\u00ed a efekt\u00edvnej\u0161\u00ed strelectv\u00fd z\u00e1\u017eitok. \u010ci ste sk\u00fasen\u00fd strelec alebo za\u010diato\u010dn\u00edk, t\u00e1to funkcia v\u00e1m poskytne pokoj mysle a sebavedomie, ktor\u00e9 potrebujete na strelnici alebo v ter\u00e9ne.<\/p>\n<p>Pre zbrane KMR<br \/>\nKMR L-02 SPECTRA DO ROKU 2023<br \/>\nKMR W-02 CUDA (OR)<br \/>\nKMR W-02 UMBRA<br \/>\nKMR W-02 UMBRA (OR)<\/p>\n","protected":false},"excerpt":{"rendered":"<p>Funkcia z\u00e1mku na pos\u00favanie automaticky uzamyk\u00e1 pos\u00favanie, ke\u010f je z\u00e1sobn\u00edk pr\u00e1zdny, umo\u017e\u0148uje nalo\u017eenie novej n\u00e1bojovej vlo\u017eky a zabra\u0148uje n\u00e1hodn\u00e9mu v\u00fdstrelu.<\/p>\n","protected":false},"featured_media":25877,"template":"","meta":{"_acf_changed":false},"product_brand":[11505],"product_cat":[13347],"product_tag":[],"class_list":{"0":"post-694466","1":"product","2":"type-product","3":"status-publish","4":"has-post-thumbnail","6":"product_brand-kmr-precision","7":"product_cat-kmr-diely","9":"first","10":"instock","11":"taxable","12":"shipping-taxable","13":"product-type-simple"},"acf":[],"_links":{"self":[{"href":"https:\/\/nbg.eu\/sk\/wp-json\/wp\/v2\/product\/694466","targetHints":{"allow":["GET"]}}],"collection":[{"href":"https:\/\/nbg.eu\/sk\/wp-json\/wp\/v2\/product"}],"about":[{"href":"https:\/\/nbg.eu\/sk\/wp-json\/wp\/v2\/types\/product"}],"wp:featuredmedia":[{"embeddable":true,"href":"https:\/\/nbg.eu\/sk\/wp-json\/wp\/v2\/media\/25877"}],"wp:attachment":[{"href":"https:\/\/nbg.eu\/sk\/wp-json\/wp\/v2\/media?parent=694466"}],"wp:term":[{"taxonomy":"product_brand","embeddable":true,"href":"https:\/\/nbg.eu\/sk\/wp-json\/wp\/v2\/product_brand?post=694466"},{"taxonomy":"product_cat","embeddable":true,"href":"https:\/\/nbg.eu\/sk\/wp-json\/wp\/v2\/product_cat?post=694466"},{"taxonomy":"product_tag","embeddable":true,"href":"https:\/\/nbg.eu\/sk\/wp-json\/wp\/v2\/product_tag?post=694466"}],"curies":[{"name":"wp","href":"https:\/\/api.w.org\/{rel}","templated":true}]}}