{"id":694490,"date":"2024-09-17T22:47:08","date_gmt":"2024-09-17T19:47:08","guid":{"rendered":"https:\/\/nbg.eu\/product\/slide-stop-spring-22-lr-kmr\/"},"modified":"2026-02-13T18:49:52","modified_gmt":"2026-02-13T15:49:52","slug":"slide-stop-spring-22-lr-kmr","status":"publish","type":"product","link":"https:\/\/nbg.eu\/sk\/produkt\/slide-stop-spring-22-lr-kmr\/","title":{"rendered":"PRU\u017dINA Z\u00c1STAVKY Z\u00c1SOBN\u00cdKA 22 LR KMR"},"content":{"rendered":"<h2>POS\u00daVANIE PRU\u017dINY STOP 22 LR KMR pre zbrane KMR<\/h2>\n<p>Navrhnut\u00e9 na pou\u017eitie so s\u00e9riou zbran\u00ed KMR, POS\u00daVANIE PRU\u017dINY STOP 22 LR KMR je odoln\u00e9 a spo\u013eahliv\u00e9 pr\u00edslu\u0161enstvo, ktor\u00e9 zabezpe\u010duje hladk\u00fd chod a vylep\u0161en\u00fa funk\u010dnos\u0165.<\/p>\n<p>Vyroben\u00e9 s presnos\u0165ou a pozornos\u0165ou k detailu, POS\u00daVANIE PRU\u017dINY STOP 22 LR KMR zaru\u010duje spo\u013eahliv\u00fd v\u00fdkon a pred\u013a\u017een\u00fa \u017eivotnos\u0165, \u010do z neho rob\u00ed nevyhnutn\u00fa s\u00fa\u010das\u0165 pre nad\u0161encov a profesion\u00e1lov so zbra\u0148ami KMR. T\u00e1to pru\u017eina je kompatibiln\u00e1 so v\u0161etk\u00fdmi modelmi KMR a\u017e do roku 2023, \u010d\u00edm poskytuje trval\u00e9 rie\u0161enie pre \u00fadr\u017ebu a inov\u00e1ciu va\u0161ej strelnej zbrane.<\/p>\n<p>Pre zbrane KMR<\/p>\n<p>KMR S-01 LANCE (OR)<\/p>\n<p>KMR S-02 10 (OR) SR ADA<\/p>\n<p>KMR S-02 75 (OR) SR ADA<\/p>\n<p>KMR S-02 SH1 (OR) SR ADA<\/p>\n<p>KMR S-02 SH2 (OR) SR ADA<\/p>\n<p>KMR S-02 TS (OR) SR ADA<\/p>\n<p>KMR S-02 DO ROKU 2023<\/p>\n","protected":false},"excerpt":{"rendered":"<p>N\u00e1hradn\u00e1 pru\u017eina z\u00e1padky pre zbrane KMR.<\/p>\n","protected":false},"featured_media":24908,"template":"","meta":{"_acf_changed":false},"product_brand":[11505],"product_cat":[13347,13365],"product_tag":[],"class_list":{"0":"post-694490","1":"product","2":"type-product","3":"status-publish","4":"has-post-thumbnail","6":"product_brand-kmr-precision","7":"product_cat-kmr-diely","8":"product_cat-pruziny","10":"first","11":"instock","12":"taxable","13":"shipping-taxable","14":"product-type-simple"},"acf":[],"_links":{"self":[{"href":"https:\/\/nbg.eu\/sk\/wp-json\/wp\/v2\/product\/694490","targetHints":{"allow":["GET"]}}],"collection":[{"href":"https:\/\/nbg.eu\/sk\/wp-json\/wp\/v2\/product"}],"about":[{"href":"https:\/\/nbg.eu\/sk\/wp-json\/wp\/v2\/types\/product"}],"wp:featuredmedia":[{"embeddable":true,"href":"https:\/\/nbg.eu\/sk\/wp-json\/wp\/v2\/media\/24908"}],"wp:attachment":[{"href":"https:\/\/nbg.eu\/sk\/wp-json\/wp\/v2\/media?parent=694490"}],"wp:term":[{"taxonomy":"product_brand","embeddable":true,"href":"https:\/\/nbg.eu\/sk\/wp-json\/wp\/v2\/product_brand?post=694490"},{"taxonomy":"product_cat","embeddable":true,"href":"https:\/\/nbg.eu\/sk\/wp-json\/wp\/v2\/product_cat?post=694490"},{"taxonomy":"product_tag","embeddable":true,"href":"https:\/\/nbg.eu\/sk\/wp-json\/wp\/v2\/product_tag?post=694490"}],"curies":[{"name":"wp","href":"https:\/\/api.w.org\/{rel}","templated":true}]}}