{"id":694535,"date":"2024-08-18T12:10:35","date_gmt":"2024-08-18T09:10:35","guid":{"rendered":"https:\/\/nbg.eu\/product\/slide-stop-26-recessed-kmr\/"},"modified":"2026-05-13T16:02:08","modified_gmt":"2026-05-13T13:02:08","slug":"slide-stop-26-recessed-kmr","status":"publish","type":"product","link":"https:\/\/nbg.eu\/sk\/produkt\/slide-stop-26-recessed-kmr\/","title":{"rendered":"KMR Z\u00e1chyt Z\u00e1veru 26 Zapusten\u00fd"},"content":{"rendered":"<h2>SLIDE STOP 26 RECESSED KMR<\/h2>\n<p>Tento z\u00e1stava je navrhnut\u00fd tak, aby bola \u013eahko dostupn\u00e1 a \u013eahko ovl\u00e1date\u013en\u00e1 po\u010das stre\u013eby a v\u00fdmeny z\u00e1sobn\u00edkov.<\/p>\n<p>Pou\u017e\u00edva sa na zaistenie z\u00e1vesu v zadnej polohe, zvy\u010dajne po vypr\u00e1zdnen\u00ed z\u00e1sobn\u00edka. T\u00e1to funkcia je s\u00fa\u010das\u0165ou v\u00e4\u010d\u0161iny modern\u00fdch samonab\u00edjac\u00edch pi\u0161tol\u00ed.<\/p>\n<p>Z\u00e1stava z\u00e1vesu v zadnej polohe &#8211; ke\u010f je z\u00e1sobn\u00edk pr\u00e1zdny, z\u00e1chytka z\u00e1vesu automaticky zablokuje z\u00e1ves v zadnej polohe, \u010d\u00edm d\u00e1va strelcovi sign\u00e1l, \u017ee je potrebn\u00e9 vymeni\u0165 z\u00e1sobn\u00edk.<\/p>\n<p>Umo\u017e\u0148uje na\u010d\u00edtanie nov\u00e9ho n\u00e1boja &#8211; po vlo\u017een\u00ed nov\u00e9ho z\u00e1sobn\u00edka strelec zvy\u010dajne stla\u010d\u00ed zachyt\u00e1va\u010d z\u00e1veru, \u010d\u00edm umo\u017en\u00ed z\u00e1veru posun\u00fa\u0165 sa dopredu a na\u010d\u00edta\u0165 prv\u00fd n\u00e1boj do komory.<\/p>\n<p>Bezpe\u010dnostn\u00e1 funkcia &#8211; Z\u00e1stava z\u00e1veru m\u00f4\u017ee by\u0165 aj bezpe\u010dnostn\u00e1 funkcia, ktor\u00e1 zabr\u00e1ni n\u00e1hodn\u00e9mu v\u00fdstrelu, k\u00fdm nie je z\u00e1sobn\u00edk spr\u00e1vne vlo\u017een\u00fd a zbra\u0148 pripraven\u00e1 na pou\u017eitie.<\/p>\n<p>Pre zbrane KMR<br \/>KMR L-02 UMBRA DO ROKU 2023<\/p>\n","protected":false},"excerpt":{"rendered":"<p>Vysunutie STOP 26 RECESSED KMR je pohodln\u00e9 a bezpe\u010dn\u00e9 zastavenie z\u00e1veru navrhnut\u00e9 pre modern\u00e9 samonab\u00edjacie pi\u0161tole, ktor\u00e9 u\u013eah\u010duje v\u00fdmenu z\u00e1sobn\u00edka a zabezpe\u010duje bezpe\u010dn\u00fa prev\u00e1dzku.<\/p>\n","protected":false},"featured_media":25854,"template":"","meta":{"_acf_changed":false},"product_brand":[11505],"product_cat":[13347],"product_tag":[],"class_list":{"0":"post-694535","1":"product","2":"type-product","3":"status-publish","4":"has-post-thumbnail","6":"product_brand-kmr-precision","7":"product_cat-kmr-diely","9":"first","10":"instock","11":"taxable","12":"shipping-taxable","13":"product-type-simple"},"acf":[],"_links":{"self":[{"href":"https:\/\/nbg.eu\/sk\/wp-json\/wp\/v2\/product\/694535","targetHints":{"allow":["GET"]}}],"collection":[{"href":"https:\/\/nbg.eu\/sk\/wp-json\/wp\/v2\/product"}],"about":[{"href":"https:\/\/nbg.eu\/sk\/wp-json\/wp\/v2\/types\/product"}],"wp:featuredmedia":[{"embeddable":true,"href":"https:\/\/nbg.eu\/sk\/wp-json\/wp\/v2\/media\/25854"}],"wp:attachment":[{"href":"https:\/\/nbg.eu\/sk\/wp-json\/wp\/v2\/media?parent=694535"}],"wp:term":[{"taxonomy":"product_brand","embeddable":true,"href":"https:\/\/nbg.eu\/sk\/wp-json\/wp\/v2\/product_brand?post=694535"},{"taxonomy":"product_cat","embeddable":true,"href":"https:\/\/nbg.eu\/sk\/wp-json\/wp\/v2\/product_cat?post=694535"},{"taxonomy":"product_tag","embeddable":true,"href":"https:\/\/nbg.eu\/sk\/wp-json\/wp\/v2\/product_tag?post=694535"}],"curies":[{"name":"wp","href":"https:\/\/api.w.org\/{rel}","templated":true}]}}