{"id":694585,"date":"2024-08-17T18:04:38","date_gmt":"2024-08-17T15:04:38","guid":{"rendered":"https:\/\/nbg.eu\/product\/slide-stop-spring-kmr\/"},"modified":"2026-05-13T15:09:55","modified_gmt":"2026-05-13T12:09:55","slug":"slide-stop-spring-kmr","status":"publish","type":"product","link":"https:\/\/nbg.eu\/sk\/produkt\/slide-stop-spring-kmr\/","title":{"rendered":"KMR Pru\u017eina Z\u00e1chytu Z\u00e1veru"},"content":{"rendered":"<h2>Posuvn\u00e1 zar\u00e1\u017eka pru\u017einy KMR<\/h2>\n<p>T\u00e1to pru\u017eina je d\u00f4le\u017eitou s\u00fa\u010das\u0165ou \u0161irokej \u0161k\u00e1ly zbra\u0148ov\u00fdch syst\u00e9mov v r\u00e1mci radu KMR. Navrhnut\u00e1 tak, aby poskytovala spo\u013eahliv\u00fd a konzistentn\u00fd v\u00fdkon.<\/p>\n<p>Vyroben\u00e1 s presnos\u0165ou a pozornos\u0165ou k detailom, t\u00e1to pru\u017eina zabezpe\u010duje hladk\u00fa a spo\u013eahliv\u00fa prev\u00e1dzku, \u010d\u00edm prispieva k celkov\u00e9mu v\u00fdkonu a spo\u013eahlivosti v\u00e1\u0161ho zbra\u0148ov\u00e9ho syst\u00e9mu. Jej odoln\u00e1 kon\u0161trukcia a presn\u00e9 in\u017einierstvo z nej robia kritick\u00fa s\u00fa\u010das\u0165 na zachovanie integrity a funk\u010dnosti va\u0161ich KMR-kompatibiln\u00fdch streln\u00fdch zbran\u00ed.<\/p>\n<p>T\u00e1to pru\u017eina je nevyhnutn\u00fdm doplnkom na udr\u017eanie optim\u00e1lneho v\u00fdkonu va\u0161ej zbrane vybavenej KMR. Investujte do tejto kvalitnej s\u00fa\u010dasti, aby ste zabezpe\u010dili trval\u00fa spo\u013eahlivos\u0165 a hladk\u00fa prev\u00e1dzku va\u0161ej strelnej zbrane.<\/p>\n<\/p>\n<p>Pre zbrane KMR:<\/p>\n<\/p>\n<p>KMR L-02 EMIQ<\/p>\n<\/p>\n<p>KMR L-02 EMIQ (OR)<\/p>\n<\/p>\n<p>KMR L-02 ORCA do roku 2023<\/p>\n<\/p>\n<p>KMR L-02 SPECTRA od roku 2024<\/p>\n<\/p>\n<p>KMR L-02 SPECTRA do roku 2023<\/p>\n<\/p>\n<p>KMR L-02 UMBRA (OR) SR<\/p>\n<\/p>\n<p>KMR S-01 LANCE (OR)<\/p>\n<\/p>\n<p>KMR S-02 od roku 2024<\/p>\n<\/p>\n<p>KMR S-02 do roku 2023<\/p>\n<\/p>\n<p>KMR W-02 CUDA (OR)<\/p>\n<\/p>\n<p>KMR W-02 UMBRA<\/p>\n<\/p>\n<p>KMR W-02 UMBRA (OR)<\/p>\n","protected":false},"excerpt":{"rendered":"<p>Zastavenie posuvn\u00e9ho mechanizmu &#8211; kompatibiln\u00e9 s r\u00f4znymi zbra\u0148ami KMR.<\/p>\n","protected":false},"featured_media":24885,"template":"","meta":{"_acf_changed":false},"product_brand":[11505],"product_cat":[13347,13365],"product_tag":[],"class_list":{"0":"post-694585","1":"product","2":"type-product","3":"status-publish","4":"has-post-thumbnail","6":"product_brand-kmr-precision","7":"product_cat-kmr-diely","8":"product_cat-pruziny","10":"first","11":"instock","12":"taxable","13":"shipping-taxable","14":"product-type-simple"},"acf":[],"_links":{"self":[{"href":"https:\/\/nbg.eu\/sk\/wp-json\/wp\/v2\/product\/694585","targetHints":{"allow":["GET"]}}],"collection":[{"href":"https:\/\/nbg.eu\/sk\/wp-json\/wp\/v2\/product"}],"about":[{"href":"https:\/\/nbg.eu\/sk\/wp-json\/wp\/v2\/types\/product"}],"wp:featuredmedia":[{"embeddable":true,"href":"https:\/\/nbg.eu\/sk\/wp-json\/wp\/v2\/media\/24885"}],"wp:attachment":[{"href":"https:\/\/nbg.eu\/sk\/wp-json\/wp\/v2\/media?parent=694585"}],"wp:term":[{"taxonomy":"product_brand","embeddable":true,"href":"https:\/\/nbg.eu\/sk\/wp-json\/wp\/v2\/product_brand?post=694585"},{"taxonomy":"product_cat","embeddable":true,"href":"https:\/\/nbg.eu\/sk\/wp-json\/wp\/v2\/product_cat?post=694585"},{"taxonomy":"product_tag","embeddable":true,"href":"https:\/\/nbg.eu\/sk\/wp-json\/wp\/v2\/product_tag?post=694585"}],"curies":[{"name":"wp","href":"https:\/\/api.w.org\/{rel}","templated":true}]}}