{"id":694725,"date":"2024-08-17T15:43:53","date_gmt":"2024-08-17T12:43:53","guid":{"rendered":"https:\/\/nbg.eu\/product\/thumbrest-4-48-alu-black-kmr\/"},"modified":"2026-05-13T16:03:17","modified_gmt":"2026-05-13T13:03:17","slug":"thumbrest-4-48-alu-black-kmr","status":"publish","type":"product","link":"https:\/\/nbg.eu\/sk\/produkt\/thumbrest-4-48-alu-black-kmr\/","title":{"rendered":"KMR Opierka Palca 4-48\u00b0 ALU \u010cierny pre Orca 2023"},"content":{"rendered":"<h2>THUMBREST 4-48\u00b0 ALU BLACK KMR<\/h2>\n<p>Zlep\u0161ite svoj z\u00e1\u017eitok zo stre\u013eby s THUMBREST 4-48\u00b0 ALU BLACK KMR. Tento inovat\u00edvny doplnok poskytuje pohodln\u00fd a stabiln\u00fd \u00fachop na va\u0161ej zbrani, \u010do v\u00e1m umo\u017en\u00ed lep\u0161ie ovl\u00e1danie a presnos\u0165 pri stre\u013ebe.<\/p>\n<p>Navrhnut\u00e9 na pou\u017eitie so zbra\u0148ami KMR, konkr\u00e9tne s modelom KMR L-02 ORCA do roku 2023, m\u00e1 rukov\u00e4\u0165 nastavite\u013en\u00fd uhol v rozsahu 4-48\u00b0. T\u00e1to nastavite\u013enos\u0165 zabezpe\u010duje prisp\u00f4soben\u00e9 prisp\u00f4sobenie, ktor\u00e9 vyhovuje v\u00e1\u0161mu osobn\u00e9mu \u0161t\u00fdlu a preferenci\u00e1m stre\u013eby.<\/p>\n<p>Zlep\u0161ite svoj v\u00fdkon pri stre\u013ebe a zv\u00fd\u0161te svoj ovl\u00e1da\u010d s THUMBREST 4-48\u00b0 ALU BLACK KMR. Vylep\u0161ite svoj z\u00e1\u017eitok zo stre\u013eby a posu\u0148te svoje schopnosti na vy\u0161\u0161iu \u00farove\u0148.<\/p>\n","protected":false},"excerpt":{"rendered":"<p>Pohodln\u00fd \u00fachop, stabilizovan\u00e1 pu\u0161ka, lep\u0161ia kontrola pre KMR L-02 ORCA.<\/p>\n","protected":false},"featured_media":24256,"template":"","meta":{"_acf_changed":false},"product_brand":[11505],"product_cat":[13347],"product_tag":[],"class_list":{"0":"post-694725","1":"product","2":"type-product","3":"status-publish","4":"has-post-thumbnail","6":"product_brand-kmr-precision","7":"product_cat-kmr-diely","9":"first","10":"instock","11":"taxable","12":"shipping-taxable","13":"product-type-simple"},"acf":[],"_links":{"self":[{"href":"https:\/\/nbg.eu\/sk\/wp-json\/wp\/v2\/product\/694725","targetHints":{"allow":["GET"]}}],"collection":[{"href":"https:\/\/nbg.eu\/sk\/wp-json\/wp\/v2\/product"}],"about":[{"href":"https:\/\/nbg.eu\/sk\/wp-json\/wp\/v2\/types\/product"}],"wp:featuredmedia":[{"embeddable":true,"href":"https:\/\/nbg.eu\/sk\/wp-json\/wp\/v2\/media\/24256"}],"wp:attachment":[{"href":"https:\/\/nbg.eu\/sk\/wp-json\/wp\/v2\/media?parent=694725"}],"wp:term":[{"taxonomy":"product_brand","embeddable":true,"href":"https:\/\/nbg.eu\/sk\/wp-json\/wp\/v2\/product_brand?post=694725"},{"taxonomy":"product_cat","embeddable":true,"href":"https:\/\/nbg.eu\/sk\/wp-json\/wp\/v2\/product_cat?post=694725"},{"taxonomy":"product_tag","embeddable":true,"href":"https:\/\/nbg.eu\/sk\/wp-json\/wp\/v2\/product_tag?post=694725"}],"curies":[{"name":"wp","href":"https:\/\/api.w.org\/{rel}","templated":true}]}}