{"id":694810,"date":"2024-09-17T08:12:35","date_gmt":"2024-09-17T05:12:35","guid":{"rendered":"https:\/\/nbg.eu\/product\/trigger-bar-sa-kmr-l\/"},"modified":"2026-05-13T15:59:48","modified_gmt":"2026-05-13T12:59:48","slug":"trigger-bar-sa-kmr-l","status":"publish","type":"product","link":"https:\/\/nbg.eu\/sk\/produkt\/trigger-bar-sa-kmr-l\/","title":{"rendered":"KMR Sp\u00fa\u0161\u0165ov\u00e1 Ty\u010dka SA L"},"content":{"rendered":"<h2>Trigger Bar SA KMR L<\/h2>\n<p>Trigger Bar SA KMR L je kritick\u00e1 vn\u00fatorn\u00e1 s\u00fa\u010das\u0165 pre model pi\u0161tole KMR L v jednorannej (SA) konfigur\u00e1cii. T\u00e1to s\u00fa\u010das\u0165 pren\u00e1\u0161a pohyb sp\u00fa\u0161te na z\u00e1paln\u00fd mechanizmus, umo\u017e\u0148uje plynul\u00fa a spo\u013eahliv\u00fa prev\u00e1dzku zbrane.<\/p>\n<p>Navrhnut\u00e9 na pou\u017eitie s nasleduj\u00facimi modelmi zbran\u00ed KMR:<\/p>\n<ul>\n<p>KMR L-02 EMIQ<\/p>\n<p>KMR L-02 EMIQ (OR)<\/p>\n<p>KMR L-02 ORCA DO ROKU 2023<\/p>\n<\/ul>\n<p>Referen\u010dn\u00e9 \u010d\u00edslo 0900-00303-0900<\/p>\n","protected":false},"excerpt":{"rendered":"<p>Prep\u00edna sp\u00fa\u0161\u0165ov\u00fd mechanizmus na pi\u0161toli KMR L SA.<\/p>\n","protected":false},"featured_media":63616,"template":"","meta":{"_acf_changed":false},"product_brand":[11505],"product_cat":[13347],"product_tag":[],"class_list":{"0":"post-694810","1":"product","2":"type-product","3":"status-publish","4":"has-post-thumbnail","6":"product_brand-kmr-precision","7":"product_cat-kmr-diely","9":"first","10":"outofstock","11":"taxable","12":"shipping-taxable","13":"product-type-simple"},"acf":[],"_links":{"self":[{"href":"https:\/\/nbg.eu\/sk\/wp-json\/wp\/v2\/product\/694810","targetHints":{"allow":["GET"]}}],"collection":[{"href":"https:\/\/nbg.eu\/sk\/wp-json\/wp\/v2\/product"}],"about":[{"href":"https:\/\/nbg.eu\/sk\/wp-json\/wp\/v2\/types\/product"}],"wp:featuredmedia":[{"embeddable":true,"href":"https:\/\/nbg.eu\/sk\/wp-json\/wp\/v2\/media\/63616"}],"wp:attachment":[{"href":"https:\/\/nbg.eu\/sk\/wp-json\/wp\/v2\/media?parent=694810"}],"wp:term":[{"taxonomy":"product_brand","embeddable":true,"href":"https:\/\/nbg.eu\/sk\/wp-json\/wp\/v2\/product_brand?post=694810"},{"taxonomy":"product_cat","embeddable":true,"href":"https:\/\/nbg.eu\/sk\/wp-json\/wp\/v2\/product_cat?post=694810"},{"taxonomy":"product_tag","embeddable":true,"href":"https:\/\/nbg.eu\/sk\/wp-json\/wp\/v2\/product_tag?post=694810"}],"curies":[{"name":"wp","href":"https:\/\/api.w.org\/{rel}","templated":true}]}}