{"id":694815,"date":"2024-09-17T08:32:39","date_gmt":"2024-09-17T05:32:39","guid":{"rendered":"https:\/\/nbg.eu\/product\/trigger-bar-sa-da-kmr-w\/"},"modified":"2026-05-13T16:00:55","modified_gmt":"2026-05-13T13:00:55","slug":"trigger-bar-sa-da-kmr-w","status":"publish","type":"product","link":"https:\/\/nbg.eu\/sk\/produkt\/trigger-bar-sa-da-kmr-w\/","title":{"rendered":"KMR Sp\u00fa\u0161\u0165ov\u00e1 Ty\u010dka SA\/DA W"},"content":{"rendered":"<h2>Sp\u00fa\u0161\u0165ov\u00e1 li\u0161ta SA\/DA KMR W<\/h2>\n<p>Vn\u00fatorn\u00e1 s\u00fa\u010das\u0165 pi\u0161tole, ktor\u00e1 pren\u00e1\u0161a pohyb sp\u00fa\u0161te na streliaci mechanizmus na modeli KMR W v obidvoch druhoch \u010dinnosti, a to jedno\u010dinnej aj dvoj\u010dinnej (SA\/DA). T\u00e1to univerz\u00e1lna sp\u00fa\u0161\u0165ov\u00e1 li\u0161ta je navrhnut\u00e1 na hladk\u00e9 za\u010dlenenie do nasleduj\u00facich modelov zbran\u00ed KMR:<\/p>\n<ul>\n<p>KMR S-01 LANCE (OR)<\/p>\n<p>KMR S-02 OD ROKU 2024<\/p>\n<p>KMR S-02 DO ROKU 2023<\/p>\n<p>KMR W-02 CUDA DO ROKU 2023<\/p>\n<p>KMR W-02 UMBRA<\/p>\n<p>KMR W-02 UMBRA (OR)<\/p>\n<\/ul>\n<p>Referen\u010dn\u00e9 \u010d\u00edslo: 0900-00401-0900.<\/p>\n","protected":false},"excerpt":{"rendered":"<p>Prevedie aktiv\u00e1tor pohyb k sp\u00fa\u0161\u0165aciemu mechanizmu na modeloch KMR W, SA\/DA.<\/p>\n","protected":false},"featured_media":25531,"template":"","meta":{"_acf_changed":false},"product_brand":[11505],"product_cat":[13347],"product_tag":[],"class_list":{"0":"post-694815","1":"product","2":"type-product","3":"status-publish","4":"has-post-thumbnail","6":"product_brand-kmr-precision","7":"product_cat-kmr-diely","9":"first","10":"instock","11":"taxable","12":"shipping-taxable","13":"product-type-simple"},"acf":[],"_links":{"self":[{"href":"https:\/\/nbg.eu\/sk\/wp-json\/wp\/v2\/product\/694815","targetHints":{"allow":["GET"]}}],"collection":[{"href":"https:\/\/nbg.eu\/sk\/wp-json\/wp\/v2\/product"}],"about":[{"href":"https:\/\/nbg.eu\/sk\/wp-json\/wp\/v2\/types\/product"}],"wp:featuredmedia":[{"embeddable":true,"href":"https:\/\/nbg.eu\/sk\/wp-json\/wp\/v2\/media\/25531"}],"wp:attachment":[{"href":"https:\/\/nbg.eu\/sk\/wp-json\/wp\/v2\/media?parent=694815"}],"wp:term":[{"taxonomy":"product_brand","embeddable":true,"href":"https:\/\/nbg.eu\/sk\/wp-json\/wp\/v2\/product_brand?post=694815"},{"taxonomy":"product_cat","embeddable":true,"href":"https:\/\/nbg.eu\/sk\/wp-json\/wp\/v2\/product_cat?post=694815"},{"taxonomy":"product_tag","embeddable":true,"href":"https:\/\/nbg.eu\/sk\/wp-json\/wp\/v2\/product_tag?post=694815"}],"curies":[{"name":"wp","href":"https:\/\/api.w.org\/{rel}","templated":true}]}}