{"id":694855,"date":"2024-08-17T17:23:25","date_gmt":"2024-08-17T14:23:25","guid":{"rendered":"https:\/\/nbg.eu\/product\/trigger-bar-spring-kmr\/"},"modified":"2026-02-26T12:13:56","modified_gmt":"2026-02-26T09:13:56","slug":"trigger-bar-spring-kmr","status":"publish","type":"product","link":"https:\/\/nbg.eu\/sk\/produkt\/trigger-bar-spring-kmr\/","title":{"rendered":"Sp\u00fa\u0161\u0165acia ty\u010dkov\u00e1 pru\u017eina KMR"},"content":{"rendered":"<h2>Pru\u017eina sp\u00fa\u0161te KMR pre zbrane KMR<\/h2>\n<p>Vyroben\u00e9 s presnos\u0165ou a trvanlivos\u0165ou, t\u00e1to pru\u017eina zaru\u010duje hladk\u00fd a spo\u013eahliv\u00fd chod sp\u00fa\u0161te pre tieto pokro\u010dil\u00e9 zbra\u0148ov\u00e9 syst\u00e9my. Jeho robustn\u00e1 kon\u0161trukcia a d\u00f4kladn\u00fd dizajn zaru\u010duj\u00fa konzistentn\u00fd v\u00fdkon aj v najn\u00e1ro\u010dnej\u0161\u00edch prostrediach.<\/p>\n<p>\u010ci u\u017e ste profesion\u00e1lny strelec alebo v\u00e1\u0161niv\u00fd nad\u0161enec, t\u00e1to n\u00e1hradn\u00e1 s\u00fa\u010diastka je nevyhnutn\u00e1 pre udr\u017eanie optim\u00e1lnej funk\u010dnosti va\u0161ich zbran\u00ed KMR. Investujte do tejto vysokokvalitnej komponenty, aby va\u0161e zbrane pracovali na vrchole svojho v\u00fdkonu.<\/p>\n<p>Pre zbrane KMR:<\/p>\n<p>KMR L-02 SPECTRA od roku 2024<\/p>\n<p>KMR L-02 SPECTRA do roku 2023<\/p>\n<p>KMR L-02 UMBRA (ALEBO) SR<\/p>\n<p>KMR S-01 LANCE (ALEBO)<\/p>\n<p>KMR S-02 od roku 2024<\/p>\n<p>KMR S-02 do roku 2023<\/p>\n<p>KMR W-02 CUDA (ALEBO)<\/p>\n<p>KMR W-02 UMBRA<\/p>\n<p>KMR W-02 UMBRA (ALEBO)<\/p>\n","protected":false},"excerpt":{"rendered":"<p>Pru\u017eina sp\u00fa\u0161\u0165acej li\u0161ty pre modely KMR.<\/p>\n","protected":false},"featured_media":24649,"template":"","meta":{"_acf_changed":false},"product_brand":[11505],"product_cat":[13347,13365],"product_tag":[],"class_list":{"0":"post-694855","1":"product","2":"type-product","3":"status-publish","4":"has-post-thumbnail","6":"product_brand-kmr-precision","7":"product_cat-kmr-diely","8":"product_cat-pruziny","10":"first","11":"instock","12":"taxable","13":"shipping-taxable","14":"product-type-simple"},"acf":[],"_links":{"self":[{"href":"https:\/\/nbg.eu\/sk\/wp-json\/wp\/v2\/product\/694855","targetHints":{"allow":["GET"]}}],"collection":[{"href":"https:\/\/nbg.eu\/sk\/wp-json\/wp\/v2\/product"}],"about":[{"href":"https:\/\/nbg.eu\/sk\/wp-json\/wp\/v2\/types\/product"}],"wp:featuredmedia":[{"embeddable":true,"href":"https:\/\/nbg.eu\/sk\/wp-json\/wp\/v2\/media\/24649"}],"wp:attachment":[{"href":"https:\/\/nbg.eu\/sk\/wp-json\/wp\/v2\/media?parent=694855"}],"wp:term":[{"taxonomy":"product_brand","embeddable":true,"href":"https:\/\/nbg.eu\/sk\/wp-json\/wp\/v2\/product_brand?post=694855"},{"taxonomy":"product_cat","embeddable":true,"href":"https:\/\/nbg.eu\/sk\/wp-json\/wp\/v2\/product_cat?post=694855"},{"taxonomy":"product_tag","embeddable":true,"href":"https:\/\/nbg.eu\/sk\/wp-json\/wp\/v2\/product_tag?post=694855"}],"curies":[{"name":"wp","href":"https:\/\/api.w.org\/{rel}","templated":true}]}}