{"id":694884,"date":"2025-03-09T15:43:31","date_gmt":"2025-03-09T12:43:31","guid":{"rendered":"https:\/\/nbg.eu\/product\/blue-force-gear-trauma-kit-now-medium-medical-supplies\/"},"modified":"2026-05-13T16:43:14","modified_gmt":"2026-05-13T13:43:14","slug":"blue-force-gear-trauma-kit-now-medium-medical-supplies","status":"publish","type":"product","link":"https:\/\/nbg.eu\/sk\/produkt\/blue-force-gear-trauma-kit-now-medium-medical-supplies\/","title":{"rendered":"Blue Force Gear Trauma Kit NOW! Medium Medical Supplies"},"content":{"rendered":"<h2>Blue Force Gear Trauma Kit NOW! (Medium)<\/h2>\n<p>R\u00fdchly z\u00edskajte nevyhnutn\u00e9 z\u00e1chran\u00e1rske zdravotn\u00edcke vybavenie pomocou s\u00fapravy Blue Force Gear Trauma Kit NOW! (Medium). T\u00e1to s\u00faprava je navrhnut\u00e1 pre r\u00fdchle a jednoduch\u00fa obsluhu jednou rukou, ur\u010den\u00fa pre &#8222;okam\u017eit\u00fa akciu&#8220; v r\u00e1mci lek\u00e1rskych n\u00fadzov\u00fdch situ\u00e1ci\u00ed. Kon\u0161trukcia s \u0165ahacou rukov\u00e4\u0165ou umo\u017e\u0148uje rozbalenie cel\u00e9ho lek\u00e1rskeho vlo\u017eku jedin\u00fdm pohybom \u013eubovo\u013enou rukou, \u010d\u00edm sa v priebehu sek\u00fand zabezpe\u010duje pr\u00edstup k d\u00f4le\u017eit\u00fdm vybaveniu ako s\u00fa \u0161krtidl\u00e1, hrudn\u00e9 uz\u00e1very a hemostatick\u00e9 prostriedky, v \u010dasoch, kedy ka\u017ed\u00e1 sekunda po\u010d\u00edta.<\/p>\n<p>Vybaven\u00e1 technol\u00f3giou BLIP (Ballistic Line Integrated Pull), syst\u00e9mom upevnenia Helium Whisper a kon\u0161trukciou z MIL-SPEC 500D Cordura, s\u00faprava Trauma Kit NOW! (Medium) je odoln\u00e9 a spo\u013eahliv\u00e9 rie\u0161enie pre va\u0161e zdravotn\u00edcke pohotovostn\u00e9 potreby. Dvojdielne prevedenie s vonkaj\u0161\u00edm obalom a vyberate\u013en\u00fdm vn\u00fatorn\u00fdm nosi\u010dom poskytuje variabilitu a organiz\u00e1ciu, aby ste boli pripraven\u00ed na ka\u017ed\u00fa n\u00fadzov\u00fa situ\u00e1ciu.<\/p>\n","protected":false},"excerpt":{"rendered":"<p>R\u00fdchlo pr\u00edstupn\u00e1 traumatick\u00e1 s\u00faprava s nevyhnutn\u00fdm vybaven\u00edm na z\u00e1chranu \u017eivota.<\/p>\n","protected":false},"featured_media":251692,"template":"","meta":{"_acf_changed":false},"product_brand":[11144],"product_cat":[13354],"product_tag":[],"class_list":{"0":"post-694884","1":"product","2":"type-product","3":"status-publish","4":"has-post-thumbnail","6":"product_brand-blue-force-gear","7":"product_cat-zdravotnicke","9":"first","10":"instock","11":"taxable","12":"shipping-taxable","13":"purchasable","14":"product-type-variable","15":"wvs-archive-product-wrapper"},"acf":[],"_links":{"self":[{"href":"https:\/\/nbg.eu\/sk\/wp-json\/wp\/v2\/product\/694884","targetHints":{"allow":["GET"]}}],"collection":[{"href":"https:\/\/nbg.eu\/sk\/wp-json\/wp\/v2\/product"}],"about":[{"href":"https:\/\/nbg.eu\/sk\/wp-json\/wp\/v2\/types\/product"}],"wp:featuredmedia":[{"embeddable":true,"href":"https:\/\/nbg.eu\/sk\/wp-json\/wp\/v2\/media\/251692"}],"wp:attachment":[{"href":"https:\/\/nbg.eu\/sk\/wp-json\/wp\/v2\/media?parent=694884"}],"wp:term":[{"taxonomy":"product_brand","embeddable":true,"href":"https:\/\/nbg.eu\/sk\/wp-json\/wp\/v2\/product_brand?post=694884"},{"taxonomy":"product_cat","embeddable":true,"href":"https:\/\/nbg.eu\/sk\/wp-json\/wp\/v2\/product_cat?post=694884"},{"taxonomy":"product_tag","embeddable":true,"href":"https:\/\/nbg.eu\/sk\/wp-json\/wp\/v2\/product_tag?post=694884"}],"curies":[{"name":"wp","href":"https:\/\/api.w.org\/{rel}","templated":true}]}}