{"id":695135,"date":"2024-08-16T23:17:10","date_gmt":"2024-08-16T20:17:10","guid":{"rendered":"https:\/\/nbg.eu\/product\/trigger-hammer-pin-kmr\/"},"modified":"2026-05-13T16:02:03","modified_gmt":"2026-05-13T13:02:03","slug":"trigger-hammer-pin-kmr","status":"publish","type":"product","link":"https:\/\/nbg.eu\/sk\/produkt\/trigger-hammer-pin-kmr\/","title":{"rendered":"KMR Sp\u00fa\u0161\u0165 &amp; Hammer Pin"},"content":{"rendered":"<h2>SP\u00da\u0160\u0164AC\u00cd A BIC\u00cd KOL\u00cdK<\/h2>\n<p>Vylep\u0161ite v\u00fdkon svojej strelnej zbrane pomocou SP\u00da\u0160\u0164ACIEHO A BICIEHO KOL\u00cdKA, pr\u00e9miov\u00e9ho n\u00e1hradn\u00e9ho komponentu, ktor\u00fd je navrhnut\u00fd na zlep\u0161enie \u0165ahu sp\u00fa\u0161te a celkovej stre\u013eby. Vyroben\u00fd z vysokokvalitn\u00fdch materi\u00e1lov, t\u00e1to sada kol\u00edkov je navrhnut\u00e1 tak, aby poskytovala hladk\u00fd a konzistentn\u00fd chod sp\u00fa\u0161te, \u010d\u00edm sa zlep\u0161uje presnos\u0165 a ovl\u00e1danie.<\/p>\n<p>V\u010faka presne strojovo obroben\u00e9mu dizajnu SP\u00da\u0160\u0164AC\u00cd A BIC\u00cd KOL\u00cdK zaru\u010duje dokonal\u00e9 zapadnutie do va\u0161ej strelnej zbrane, minimalizuje v\u00f4\u013eu a zlep\u0161uje odozvu sp\u00fa\u0161te. Jeho odoln\u00e1 kon\u0161trukcia je vyroben\u00e1 tak, aby vydr\u017eala n\u00e1ro\u010dn\u00e9 pou\u017e\u00edvanie a zaistila dlhodob\u00fa spo\u013eahlivos\u0165 a v\u00fdkon.<\/p>\n<p>Navrhnut\u00fd ako z\u00e1str\u010dn\u00e1 n\u00e1hrada, SP\u00da\u0160\u0164AC\u00cd A BIC\u00cd KOL\u00cdK je \u013eahko in\u0161talovate\u013en\u00fd, \u010do v\u00e1m umo\u017en\u00ed r\u00fdchlo a jednoducho vylep\u0161i\u0165 va\u0161u zbran bez potreby \u0161peci\u00e1lneho n\u00e1radia alebo rozsiahlej\u0161\u00edch \u00faprav. \u010ci u\u017e ste s\u00fa\u0165a\u017en\u00fd strelec, taktick\u00fd oper\u00e1tor alebo v\u00e1\u0161niv\u00fd hobby-ista, t\u00e1to sada kol\u00edkov zv\u00fd\u0161i va\u0161e stre\u013eb\u00e1rske schopnosti a posunie v\u00fdkon va\u0161ej zbrane na nov\u00fa \u00farove\u0148.<\/p>\n<p>Pre zbrane KMR, ako s\u00fa:<br \/>\nKMR L-02 EMIQ<br \/>\nKMR L-02 EMIQ (OR)<br \/>\nKMR L-02 ORCA OD ROKU 2024<br \/>\nKMR L-02 ORCA DO ROKU 2023<br \/>\nKMR L-02 SPECTRA OD ROKU 2024<br \/>\nKMR L-02 SPECTRA DO ROKU 2023<br \/>\nKMR L-02 UMBRA OD ROKU 2024<br \/>\nKMR L-02 UMBRA DO ROKU 2023<br \/>\nKMR S-01 LANCE (OR)<br \/>\nKMR S-02 OD ROKU 2024<br \/>\nKMR S-02 DO ROKU 2023<br \/>\nKMR W-02 CUDA OD ROKU 2024<br \/>\nKMR W-02 CUDA DO ROKU 2023<br \/>\nKMR W-02 UMBRA<br \/>\nKMR W-02 UMBRA (OR)<\/p>\n","protected":false},"excerpt":{"rendered":"<p>Vysokokvalitn\u00e1 sp\u00fa\u0161\u0165 a kol\u00edk kladiva pre pi\u0161tole KMR, presne in\u017einiersky navrhnut\u00e9.<\/p>\n","protected":false},"featured_media":720203,"template":"","meta":{"_acf_changed":false},"product_brand":[11505],"product_cat":[13347],"product_tag":[],"class_list":{"0":"post-695135","1":"product","2":"type-product","3":"status-publish","4":"has-post-thumbnail","6":"product_brand-kmr-precision","7":"product_cat-kmr-diely","9":"first","10":"instock","11":"taxable","12":"shipping-taxable","13":"product-type-simple"},"acf":[],"_links":{"self":[{"href":"https:\/\/nbg.eu\/sk\/wp-json\/wp\/v2\/product\/695135","targetHints":{"allow":["GET"]}}],"collection":[{"href":"https:\/\/nbg.eu\/sk\/wp-json\/wp\/v2\/product"}],"about":[{"href":"https:\/\/nbg.eu\/sk\/wp-json\/wp\/v2\/types\/product"}],"wp:featuredmedia":[{"embeddable":true,"href":"https:\/\/nbg.eu\/sk\/wp-json\/wp\/v2\/media\/720203"}],"wp:attachment":[{"href":"https:\/\/nbg.eu\/sk\/wp-json\/wp\/v2\/media?parent=695135"}],"wp:term":[{"taxonomy":"product_brand","embeddable":true,"href":"https:\/\/nbg.eu\/sk\/wp-json\/wp\/v2\/product_brand?post=695135"},{"taxonomy":"product_cat","embeddable":true,"href":"https:\/\/nbg.eu\/sk\/wp-json\/wp\/v2\/product_cat?post=695135"},{"taxonomy":"product_tag","embeddable":true,"href":"https:\/\/nbg.eu\/sk\/wp-json\/wp\/v2\/product_tag?post=695135"}],"curies":[{"name":"wp","href":"https:\/\/api.w.org\/{rel}","templated":true}]}}