{"id":695228,"date":"2024-08-17T17:20:46","date_gmt":"2024-08-17T14:20:46","guid":{"rendered":"https:\/\/nbg.eu\/product\/trigger-spring-sa-da-kmr\/"},"modified":"2026-05-13T16:03:42","modified_gmt":"2026-05-13T13:03:42","slug":"trigger-spring-sa-da-kmr","status":"publish","type":"product","link":"https:\/\/nbg.eu\/sk\/produkt\/trigger-spring-sa-da-kmr\/","title":{"rendered":"KMR Pru\u017eina Sp\u00fa\u0161te SA\/DA"},"content":{"rendered":"<h2>Trigger Spring SA\/DA KMR: Zlep\u0161enie v\u00fdkonu zbrane na viacer\u00fdch platform\u00e1ch<\/h2>\n<p>Trigger Spring SA\/DA KMR je univerz\u00e1lne a spo\u013eahliv\u00e9 pr\u00edslu\u0161enstvo navrhnut\u00e9 na zlep\u0161enie funk\u010dnosti r\u00f4znych zbran\u00ed v s\u00e9rii KMR. Kompatibiln\u00e9 s \u0161irok\u00fdm rozsahom modelov, t\u00e1to zostava sp\u00fa\u0161\u0165acej pru\u017einy zabezpe\u010duje plynul\u00fa integr\u00e1ciu a vylep\u0161en\u00fd v\u00fdkon va\u0161ej strelnej zbrane.<\/p>\n<p>\u010ci u\u017e ste s\u00fa\u0165a\u017en\u00fd strelec, taktick\u00fd nad\u0161enec alebo zodpovedn\u00fd majite\u013e strelnej zbrane, Trigger Spring SA\/DA KMR je neoddelite\u013en\u00fdm pr\u00edslu\u0161enstvom na optimaliz\u00e1ciu v\u00fdkonu va\u0161ej zbrane. Vyv\u00fd\u0161te svoju stre\u013ebu s touto spo\u013eahlivou a univerz\u00e1lnou komponentou.<\/p>\n<p>Pre zbrane KMR:<\/p>\n<p>KMR L-02 SPECTRA OD ROKU 2024<\/p>\n<p>KMR L-02 SPECTRA DO ROKU 2023<\/p>\n<p>KMR L-02 UMBRA (OR) SR<\/p>\n<p>KMR S-01 LANCE (OR)<\/p>\n<p>KMR S-02 OD ROKU 2024<\/p>\n<p>KMR S-02 DO ROKU 2023<\/p>\n<p>KMR W-02 CUDA (OR)<\/p>\n<p>KMR W-02 UMBRA<\/p>\n<p>KMR W-02 UMBRA (OR)<\/p>\n","protected":false},"excerpt":{"rendered":"<p>Sp\u00fa\u0161\u0165acia pru\u017eina SA\/DA KMR pre zbrane KMR L-02 SPECTRA, S-01 LANCE, S-02, W-02 CUDA\/UMBRA.<\/p>\n","protected":false},"featured_media":24602,"template":"","meta":{"_acf_changed":false},"product_brand":[11505],"product_cat":[13347,13365,15039],"product_tag":[],"class_list":{"0":"post-695228","1":"product","2":"type-product","3":"status-publish","4":"has-post-thumbnail","6":"product_brand-kmr-precision","7":"product_cat-kmr-diely","8":"product_cat-pruziny","9":"product_cat-trigger-springs-sk","11":"first","12":"instock","13":"taxable","14":"shipping-taxable","15":"product-type-simple"},"acf":[],"_links":{"self":[{"href":"https:\/\/nbg.eu\/sk\/wp-json\/wp\/v2\/product\/695228","targetHints":{"allow":["GET"]}}],"collection":[{"href":"https:\/\/nbg.eu\/sk\/wp-json\/wp\/v2\/product"}],"about":[{"href":"https:\/\/nbg.eu\/sk\/wp-json\/wp\/v2\/types\/product"}],"wp:featuredmedia":[{"embeddable":true,"href":"https:\/\/nbg.eu\/sk\/wp-json\/wp\/v2\/media\/24602"}],"wp:attachment":[{"href":"https:\/\/nbg.eu\/sk\/wp-json\/wp\/v2\/media?parent=695228"}],"wp:term":[{"taxonomy":"product_brand","embeddable":true,"href":"https:\/\/nbg.eu\/sk\/wp-json\/wp\/v2\/product_brand?post=695228"},{"taxonomy":"product_cat","embeddable":true,"href":"https:\/\/nbg.eu\/sk\/wp-json\/wp\/v2\/product_cat?post=695228"},{"taxonomy":"product_tag","embeddable":true,"href":"https:\/\/nbg.eu\/sk\/wp-json\/wp\/v2\/product_tag?post=695228"}],"curies":[{"name":"wp","href":"https:\/\/api.w.org\/{rel}","templated":true}]}}