{"id":695274,"date":"2024-08-16T23:17:42","date_gmt":"2024-08-16T20:17:42","guid":{"rendered":"https:\/\/nbg.eu\/product\/trigger-pin-kmr-s-02\/"},"modified":"2026-04-16T18:54:13","modified_gmt":"2026-04-16T15:54:13","slug":"trigger-pin-kmr-s-02","status":"publish","type":"product","link":"https:\/\/nbg.eu\/sk\/produkt\/trigger-pin-kmr-s-02\/","title":{"rendered":"KMR \u010cap Sp\u00fa\u0161te S-02"},"content":{"rendered":"<h2>Sp\u00fa\u0161\u0165ac\u00ed kol\u00edk pre KMR S-02: Prec\u00edzny z\u00e1ves pre optim\u00e1lnu funkciu sp\u00fa\u0161te<\/h2>\n<p>Sp\u00fa\u0161\u0165ac\u00ed kol\u00edk pre KMR S-02 je presne skon\u0161truovan\u00e1 s\u00fa\u010das\u0165, ktor\u00e1 je navrhnut\u00e1 tak, aby poskytovala d\u00f4le\u017eit\u00fa mechanick\u00fa os pre mont\u00e1\u017e sp\u00fa\u0161te. Vyroben\u00fd z kalen\u00fdch n\u00e1strojov\u00fdch ocel\u00ed, tento \u0161pecializovan\u00fd oto\u010dn\u00fd kol\u00edk zabezpe\u010duje zapadnutie bez v\u00f4le do rozmerov r\u00e1mu S-02, \u010do m\u00e1 za n\u00e1sledok stabilnej\u0161\u00ed pohyb sp\u00fa\u0161te a predv\u00eddate\u013enej\u0161ie, ostr\u00e9 spustenie.<\/p>\n<p>S ultran\u00edzkym tren\u00edm povrchu a vysokou odolnos\u0165ou vo\u010di strihu, Sp\u00fa\u0161\u0165ac\u00ed kol\u00edk chr\u00e1ni r\u00e1m S-02 pred vn\u00fatorn\u00fdm opotrebovan\u00edm pri intenz\u00edvnom pou\u017e\u00edvan\u00ed, udr\u017eiavaj\u00fac integritu mechanizmu sp\u00fa\u0161te pre spo\u013eahliv\u00fd v\u00fdkon v priebehu \u010dasu. T\u00e1to \u00farove\u0148 presnosti a pozornosti k detailom je nevyhnutn\u00e1 pre strelcov, ktor\u00ed po\u017eaduj\u00fa t\u00fa najvy\u0161\u0161iu \u00farove\u0148 reakcie a konzistencie sp\u00fa\u0161te.<\/p>\n<p>\u010ci u\u017e ste s\u00fa\u0165a\u017en\u00fd strelec, taktick\u00fd oper\u00e1tor alebo v\u00e1\u0161niv\u00fd nad\u0161enec, Sp\u00fa\u0161\u0165ac\u00ed kol\u00edk pre KMR S-02 pon\u00faka prisp\u00f4soben\u00e9 rie\u0161enie na vylep\u0161enie celkov\u00e9ho z\u00e1\u017eitku zo sp\u00fa\u0161te va\u0161ej zbrane. Zv\u00fd\u0161te svoju stre\u013ebu presnos\u0165 a sebad\u00f4veru s touto prec\u00edzne vyrobenou s\u00fa\u010das\u0165ou, navrhnutou tak, aby sa plynulo integrovala do \u0161asi S-02 a poskytovala v\u00e1m v\u00fdkon, ak\u00fd si zasl\u00fa\u017eite.<\/p>\n","protected":false},"excerpt":{"rendered":"<p>Presn\u00fd oto\u010dn\u00fd \u010dap pre \u0161asi KMR S-02, kalen\u00e1 oce\u013e, ultra n\u00edzke trenie.<\/p>\n","protected":false},"featured_media":23765,"template":"","meta":{"_acf_changed":false},"product_brand":[11505],"product_cat":[13347],"product_tag":[],"class_list":{"0":"post-695274","1":"product","2":"type-product","3":"status-publish","4":"has-post-thumbnail","6":"product_brand-kmr-precision","7":"product_cat-kmr-diely","9":"first","10":"instock","11":"taxable","12":"shipping-taxable","13":"product-type-simple"},"acf":[],"_links":{"self":[{"href":"https:\/\/nbg.eu\/sk\/wp-json\/wp\/v2\/product\/695274","targetHints":{"allow":["GET"]}}],"collection":[{"href":"https:\/\/nbg.eu\/sk\/wp-json\/wp\/v2\/product"}],"about":[{"href":"https:\/\/nbg.eu\/sk\/wp-json\/wp\/v2\/types\/product"}],"wp:featuredmedia":[{"embeddable":true,"href":"https:\/\/nbg.eu\/sk\/wp-json\/wp\/v2\/media\/23765"}],"wp:attachment":[{"href":"https:\/\/nbg.eu\/sk\/wp-json\/wp\/v2\/media?parent=695274"}],"wp:term":[{"taxonomy":"product_brand","embeddable":true,"href":"https:\/\/nbg.eu\/sk\/wp-json\/wp\/v2\/product_brand?post=695274"},{"taxonomy":"product_cat","embeddable":true,"href":"https:\/\/nbg.eu\/sk\/wp-json\/wp\/v2\/product_cat?post=695274"},{"taxonomy":"product_tag","embeddable":true,"href":"https:\/\/nbg.eu\/sk\/wp-json\/wp\/v2\/product_tag?post=695274"}],"curies":[{"name":"wp","href":"https:\/\/api.w.org\/{rel}","templated":true}]}}