{"id":696305,"date":"2025-12-22T17:18:06","date_gmt":"2025-12-22T14:18:06","guid":{"rendered":"https:\/\/nbg.eu\/product\/cestovna-taska-atlas\/"},"modified":"2026-04-15T14:40:58","modified_gmt":"2026-04-15T11:40:58","slug":"cestovna-taska-atlas","status":"publish","type":"product","link":"https:\/\/nbg.eu\/sk\/produkt\/cestovna-taska-atlas\/","title":{"rendered":"Eberlestock Cestovn\u00e1 Ta\u0161ka Atlas"},"content":{"rendered":"<h2>Atlas Duffel: Preprava v\u00e1\u0161ho vybavenia \u0161t\u00fdlovo a \u013eahko<\/h2>\n<p>Atlas Duffel je mlad\u0161\u00ed brat k na\u0161ej popul\u00e1rnej ta\u0161ke Hercules Duffel, ktor\u00e1 pon\u00faka v\u0161etky rovnak\u00e9 funkcie, ktor\u00e9 \u013eudia miluj\u00fa. S ve\u013ek\u00fdm hlavn\u00fdm priestorom, vank\u00fa\u0161ov\u00fdmi prepia\u017ekami, \u0161iestimi vonkaj\u0161\u00edmi zipsov\u00fdmi vreckami a pevn\u00fdm spodn\u00fdm priestorom je t\u00e1to odoln\u00e1 ta\u0161ka navrhnut\u00e1 tak, aby udr\u017eala va\u0161e vybavenie v poriadku a chr\u00e1nen\u00e9.<\/p>\n<p>Zaisten\u00e1 uzamykatern\u00fdmi bezpe\u010dnostn\u00fdmi zip\u00e9rmi zna\u010dky YKK, ta\u0161ka Atlas Duffel zaru\u010duje bezpe\u010dnos\u0165 va\u0161ich vec\u00ed, a to aj v najtvrd\u0161\u00edch podmienkach. Prilo\u017een\u00e1 d\u00e1\u017e\u010fov\u00e1 plachta poskytuje dodato\u010dn\u00fa ochranu, ktor\u00e1 chr\u00e1ni va\u0161e vybavenie pred vlhkos\u0165ou a prachom.<\/p>\n<p>S impozantn\u00fdmi rozmermi 29,5 v\u00fd\u0161ky x 16 \u0161\u00edrky x 16 h\u013abky a objemom 5 844 c.i. \/ 95,77 l a hmotnos\u0165ou 12 libier a 12 unc\u00ed, ta\u0161ka Atlas Duffel pon\u00faka dostato\u010dn\u00fd priestor na v\u0161etky va\u0161e nevyhnutnosti. \u0160tvorcov\u00fd palcov\u00fd spodn\u00fd priestor poskytuje pohodln\u00e9 miesto na ulo\u017eenie vec\u00ed, ku ktor\u00fdm potrebujete r\u00fdchly pr\u00edstup.<\/p>\n<p>Vyroben\u00e1 s tvrd\u00fdm dnom a pou\u017eite\u013en\u00fdmi kolieskami, ta\u0161ka Atlas Duffel je postaven\u00e1 tak, aby vydr\u017eala n\u00e1ro\u010dnosti cestovania. Jeho vn\u00fatorn\u00e9 vreck\u00e1 a prisp\u00f4sobite\u013en\u00e9 vreck\u00e1 na such\u00fd zips v\u00e1m umo\u017e\u0148uj\u00fa prisp\u00f4sobi\u0165 organiz\u00e1ciu va\u0161im konkr\u00e9tnym potreb\u00e1m, \u010d\u00edm z nej robia dokonal\u00e9ho spolo\u010dn\u00edka na va\u0161e dobrodru\u017estv\u00e1.<\/p>\n","protected":false},"excerpt":{"rendered":"<p>Atlas Duffel je priestrann\u00e1 a v\u0161estrann\u00e1 ta\u0161ka s tvrdou spodnou \u010das\u0165ou, polstrovan\u00fdmi prie\u010dinkami a pl\u00e1\u0161\u0165om proti da\u017e\u010fu na ochranu za ka\u017ed\u00e9ho po\u010dasia.<\/p>\n","protected":false},"featured_media":696373,"template":"","meta":{"_acf_changed":false},"product_brand":[15143],"product_cat":[13337],"product_tag":[],"class_list":{"0":"post-696305","1":"product","2":"type-product","3":"status-publish","4":"has-post-thumbnail","6":"product_brand-eberlestock","7":"product_cat-strelecke-tasky","9":"first","10":"instock","11":"taxable","12":"shipping-taxable","13":"purchasable","14":"product-type-variable","15":"wvs-archive-product-wrapper"},"acf":[],"_links":{"self":[{"href":"https:\/\/nbg.eu\/sk\/wp-json\/wp\/v2\/product\/696305","targetHints":{"allow":["GET"]}}],"collection":[{"href":"https:\/\/nbg.eu\/sk\/wp-json\/wp\/v2\/product"}],"about":[{"href":"https:\/\/nbg.eu\/sk\/wp-json\/wp\/v2\/types\/product"}],"wp:featuredmedia":[{"embeddable":true,"href":"https:\/\/nbg.eu\/sk\/wp-json\/wp\/v2\/media\/696373"}],"wp:attachment":[{"href":"https:\/\/nbg.eu\/sk\/wp-json\/wp\/v2\/media?parent=696305"}],"wp:term":[{"taxonomy":"product_brand","embeddable":true,"href":"https:\/\/nbg.eu\/sk\/wp-json\/wp\/v2\/product_brand?post=696305"},{"taxonomy":"product_cat","embeddable":true,"href":"https:\/\/nbg.eu\/sk\/wp-json\/wp\/v2\/product_cat?post=696305"},{"taxonomy":"product_tag","embeddable":true,"href":"https:\/\/nbg.eu\/sk\/wp-json\/wp\/v2\/product_tag?post=696305"}],"curies":[{"name":"wp","href":"https:\/\/api.w.org\/{rel}","templated":true}]}}