{"id":696669,"date":"2025-12-22T15:43:37","date_gmt":"2025-12-22T12:43:37","guid":{"rendered":"https:\/\/nbg.eu\/product\/utocny-batoh-v-maskacovom-vzore\/"},"modified":"2026-04-15T14:41:14","modified_gmt":"2026-04-15T11:41:14","slug":"utocny-batoh-v-maskacovom-vzore","status":"publish","type":"product","link":"https:\/\/nbg.eu\/sk\/produkt\/utocny-batoh-v-maskacovom-vzore\/","title":{"rendered":"Eberlestock \u00dato\u010dn\u00fd Ruksak Mission &#8211; Multicam"},"content":{"rendered":"<h2>\u00dato\u010dn\u00e1 batoh &#8211; Multicam<\/h2>\n<p>Vyroben\u00fd od z\u00e1kladov tak, aby sa c\u00edtil ako doma v r\u00e1mci, \u00dato\u010dn\u00fd batoh sa kombinuje s R\u00e1mom Misie pre pr\u00fadov\u00fd, nosn\u00fd syst\u00e9m. S mno\u017estvom organiza\u010dn\u00fdch funkci\u00ed, zabezpe\u010den\u00fdm a nastavite\u013en\u00fdm tvarom a r\u00fdchlym pr\u00edstupom k vn\u00fatru, \u00dato\u010dn\u00fd batoh v\u00e1s udr\u017eiava na cieli. Mo\u017enos\u0165 \u010fal\u0161ieho prid\u00e1vania pr\u00edslu\u0161enstva a funkci\u00ed prostredn\u00edctvom syst\u00e9mu Mission EMOD e\u0161te viac zvy\u0161uje schopnosti tohto batoha.<\/p>\n<p>V\u00e1\u017eiac 1 lb 12 oz, \u00dato\u010dn\u00fd batoh je vyroben\u00fd z trvanliv\u00e9ho 500D Ripstop materi\u00e1lu a pon\u00faka ve\u013ekorys\u00fd objem 2 000 kubick\u00fdch palcov na umiestnenie v\u00e1\u0161ho z\u00e1kladn\u00e9ho vybavenia.<\/p>\n","protected":false},"excerpt":{"rendered":"<p>Univerz\u00e1lny, modul\u00e1rny \u00fato\u010dn\u00fd batoh s organiza\u010dn\u00fdmi funkciami a kompatibilitou s EMOD.<\/p>\n","protected":false},"featured_media":696696,"template":"","meta":{"_acf_changed":false},"product_brand":[15143],"product_cat":[13341],"product_tag":[],"class_list":{"0":"post-696669","1":"product","2":"type-product","3":"status-publish","4":"has-post-thumbnail","6":"product_brand-eberlestock","7":"product_cat-batohy","9":"first","10":"outofstock","11":"taxable","12":"shipping-taxable","13":"purchasable","14":"product-type-variable","15":"wvs-archive-product-wrapper"},"acf":[],"_links":{"self":[{"href":"https:\/\/nbg.eu\/sk\/wp-json\/wp\/v2\/product\/696669","targetHints":{"allow":["GET"]}}],"collection":[{"href":"https:\/\/nbg.eu\/sk\/wp-json\/wp\/v2\/product"}],"about":[{"href":"https:\/\/nbg.eu\/sk\/wp-json\/wp\/v2\/types\/product"}],"wp:featuredmedia":[{"embeddable":true,"href":"https:\/\/nbg.eu\/sk\/wp-json\/wp\/v2\/media\/696696"}],"wp:attachment":[{"href":"https:\/\/nbg.eu\/sk\/wp-json\/wp\/v2\/media?parent=696669"}],"wp:term":[{"taxonomy":"product_brand","embeddable":true,"href":"https:\/\/nbg.eu\/sk\/wp-json\/wp\/v2\/product_brand?post=696669"},{"taxonomy":"product_cat","embeddable":true,"href":"https:\/\/nbg.eu\/sk\/wp-json\/wp\/v2\/product_cat?post=696669"},{"taxonomy":"product_tag","embeddable":true,"href":"https:\/\/nbg.eu\/sk\/wp-json\/wp\/v2\/product_tag?post=696669"}],"curies":[{"name":"wp","href":"https:\/\/api.w.org\/{rel}","templated":true}]}}