{"id":696857,"date":"2025-12-22T15:47:55","date_gmt":"2025-12-22T12:47:55","guid":{"rendered":"https:\/\/nbg.eu\/product\/misia-arc-multicam\/"},"modified":"2026-04-15T14:41:10","modified_gmt":"2026-04-15T11:41:10","slug":"misia-arc-multicam","status":"publish","type":"product","link":"https:\/\/nbg.eu\/sk\/produkt\/misia-arc-multicam\/","title":{"rendered":"Eberlestock Mission ARC &#8211; Multicam"},"content":{"rendered":"<h2>Mission ARC-Multicam: Optimalizovan\u00fd nosi\u010d vybavenia pre opera\u010dn\u00fa efekt\u00edvnos\u0165<\/h2>\n<p>Nosi\u010d pu\u0161ky Mission Adjustable Rifle Carrier (ARC) je funk\u010dn\u00fd zdroj pre profesion\u00e1lov, ktor\u00ed potrebuj\u00fa v ter\u00e9ne pren\u00e1\u0161a\u0165 dodato\u010dn\u00e9 prostriedky. ARC zvy\u0161uje opera\u010dn\u00fa kapacitu a je navrhnut\u00fd tak, aby sa hodil k r\u00e1mu Mission EMOD Frame a k roz\u0161iruj\u00facemu zipsu Mission Zipper Extension. Pripevnen\u00edm na zadn\u00fa \u010das\u0165 r\u00e1mu Mission Frame pomocou MOLLE uchytenia, ARC funguje ako nosi\u010d pre presn\u00e9 pu\u0161ky, platformy typu AR a m\u00f4\u017ee pren\u00e1\u0161a\u0165 aj \u010fal\u0161ie z\u00e1kladn\u00e9 vybavenie na splnenie misie.<\/p>\n<p>\u00daspech misie z\u00e1vis\u00ed od presn\u00e9ho na\u010dasovania, presnosti a efekt\u00edvneho nasadenia dostupn\u00fdch zdrojov. ARC bol skon\u0161truovan\u00fd tak, aby podporoval po\u017eiadavky na vybavenie v akejko\u013evek situ\u00e1cii. V\u010faka l\u00e1tke 500D, nastavite\u013en\u00e9mu z\u00e1kladu, uchyteniu MOLLE, fixa\u010dn\u00fdm p\u00e1sikom a zosilnen\u00e9mu z\u00e1kladu z hypal\u00f3nu je Mission ARC-Multicam navrhnut\u00fd tak, aby optimalizoval organiz\u00e1ciu a dostupnos\u0165 vybavenia v ter\u00e9ne.<\/p>\n<p>Rozmery: 15&#8243; v. x 3&#8243; \u0161.<\/p>\n","protected":false},"excerpt":{"rendered":"<p>Nosi\u010d pu\u0161ky Mission ARC-Multicam je funk\u010dn\u00fd a nastavite\u013en\u00fd, ktor\u00fd sa upev\u0148uje na r\u00e1m Mission EMOD a umo\u017e\u0148uje prepravu presn\u00fdch pu\u0161iek, platforiem typu AR a nevyhnutn\u00e9ho v\u00fdstroja na misie.<\/p>\n","protected":false},"featured_media":696895,"template":"","meta":{"_acf_changed":false},"product_brand":[15143],"product_cat":[13341],"product_tag":[],"class_list":{"0":"post-696857","1":"product","2":"type-product","3":"status-publish","4":"has-post-thumbnail","6":"product_brand-eberlestock","7":"product_cat-batohy","9":"first","10":"instock","11":"taxable","12":"shipping-taxable","13":"purchasable","14":"product-type-variable","15":"wvs-archive-product-wrapper"},"acf":[],"_links":{"self":[{"href":"https:\/\/nbg.eu\/sk\/wp-json\/wp\/v2\/product\/696857","targetHints":{"allow":["GET"]}}],"collection":[{"href":"https:\/\/nbg.eu\/sk\/wp-json\/wp\/v2\/product"}],"about":[{"href":"https:\/\/nbg.eu\/sk\/wp-json\/wp\/v2\/types\/product"}],"wp:featuredmedia":[{"embeddable":true,"href":"https:\/\/nbg.eu\/sk\/wp-json\/wp\/v2\/media\/696895"}],"wp:attachment":[{"href":"https:\/\/nbg.eu\/sk\/wp-json\/wp\/v2\/media?parent=696857"}],"wp:term":[{"taxonomy":"product_brand","embeddable":true,"href":"https:\/\/nbg.eu\/sk\/wp-json\/wp\/v2\/product_brand?post=696857"},{"taxonomy":"product_cat","embeddable":true,"href":"https:\/\/nbg.eu\/sk\/wp-json\/wp\/v2\/product_cat?post=696857"},{"taxonomy":"product_tag","embeddable":true,"href":"https:\/\/nbg.eu\/sk\/wp-json\/wp\/v2\/product_tag?post=696857"}],"curies":[{"name":"wp","href":"https:\/\/api.w.org\/{rel}","templated":true}]}}