{"id":697080,"date":"2025-12-22T16:18:10","date_gmt":"2025-12-22T13:18:10","guid":{"rendered":"https:\/\/nbg.eu\/product\/misia-zips-rozsirenie-multicam\/"},"modified":"2026-04-15T14:41:06","modified_gmt":"2026-04-15T11:41:06","slug":"misia-zips-rozsirenie-multicam","status":"publish","type":"product","link":"https:\/\/nbg.eu\/sk\/produkt\/misia-zips-rozsirenie-multicam\/","title":{"rendered":"Eberlestock Pred\u013a\u017eenie Zipsu Mission EMOD &#8211; Multicam"},"content":{"rendered":"<h2>Misijn\u00e1 zipov\u00e1 pred\u013a\u017eka-Multicam<\/h2>\n<p>Misijn\u00e1 zipov\u00e1 pred\u013a\u017eka kombinuje \u00fa\u010delnos\u0165 a pou\u017eite\u013enos\u0165 pre oper\u00e1tora. Zipov\u00e1 pred\u013a\u017eka je pripevnen\u00e1 na \u010deln\u00fa stranu r\u00e1mu Mission EMOD a je navrhnut\u00e1 na pou\u017eitie s Mission ARC a Mission Pack, \u010d\u00edm sa zv\u00fd\u0161i va\u0161a kapacita a variabilita vybavenia. Popruhy MOLLE a dvojvrstvov\u00e1 500D laminovan\u00e1 kon\u0161trukcia v\u00e1m poskytn\u00fa potrebn\u00e9 prvky pre efekt\u00edvne vedenie k\u00e1blov, umiestnenie ant\u00e9n a pripevnenie obv\u00e4zov. Misijn\u00e1 zipov\u00e1 pred\u013a\u017eka sl\u00fa\u017ei ako d\u00f4le\u017eit\u00e9 doplnenie na posilnenie v\u00e1\u0161ho v\u00fdkonu v ter\u00e9ne.<\/p>\n<h2>Rozmery<\/h2>\n<p>Rozmery: 15&#8243; x 3&#8243;<\/p>\n<h2>Vlastnosti<\/h2>\n<ul>\n<li>Tkanina 500D<\/li>\n<li>Zipsy YKK<\/li>\n<li>Dvojvrstvov\u00fd lamin\u00e1t<\/li>\n<\/ul>\n","protected":false},"excerpt":{"rendered":"<p>Zips\u0148ov\u00fd pred\u013a\u017eova\u010d Mission &#8211; Multicam zvy\u0161uje kapacitu v\u00fdbavy s MOLLE popruhov\u00fdm syst\u00e9mom a kon\u0161trukciou z 500D lamin\u00e1tov\u00e9ho materi\u00e1lu pre mana\u017ement k\u00e1blov a vedenie ant\u00e9ny.<\/p>\n","protected":false},"featured_media":697114,"template":"","meta":{"_acf_changed":false},"product_brand":[15143],"product_cat":[13341],"product_tag":[],"class_list":{"0":"post-697080","1":"product","2":"type-product","3":"status-publish","4":"has-post-thumbnail","6":"product_brand-eberlestock","7":"product_cat-batohy","9":"first","10":"instock","11":"taxable","12":"shipping-taxable","13":"purchasable","14":"product-type-variable","15":"wvs-archive-product-wrapper"},"acf":[],"_links":{"self":[{"href":"https:\/\/nbg.eu\/sk\/wp-json\/wp\/v2\/product\/697080","targetHints":{"allow":["GET"]}}],"collection":[{"href":"https:\/\/nbg.eu\/sk\/wp-json\/wp\/v2\/product"}],"about":[{"href":"https:\/\/nbg.eu\/sk\/wp-json\/wp\/v2\/types\/product"}],"wp:featuredmedia":[{"embeddable":true,"href":"https:\/\/nbg.eu\/sk\/wp-json\/wp\/v2\/media\/697114"}],"wp:attachment":[{"href":"https:\/\/nbg.eu\/sk\/wp-json\/wp\/v2\/media?parent=697080"}],"wp:term":[{"taxonomy":"product_brand","embeddable":true,"href":"https:\/\/nbg.eu\/sk\/wp-json\/wp\/v2\/product_brand?post=697080"},{"taxonomy":"product_cat","embeddable":true,"href":"https:\/\/nbg.eu\/sk\/wp-json\/wp\/v2\/product_cat?post=697080"},{"taxonomy":"product_tag","embeddable":true,"href":"https:\/\/nbg.eu\/sk\/wp-json\/wp\/v2\/product_tag?post=697080"}],"curies":[{"name":"wp","href":"https:\/\/api.w.org\/{rel}","templated":true}]}}