{"id":697218,"date":"2025-12-22T16:34:07","date_gmt":"2025-12-22T13:34:07","guid":{"rendered":"https:\/\/nbg.eu\/product\/misia-ram-emod-multicam\/"},"modified":"2026-04-15T14:41:02","modified_gmt":"2026-04-15T11:41:02","slug":"misia-ram-emod-multicam","status":"publish","type":"product","link":"https:\/\/nbg.eu\/sk\/produkt\/misia-ram-emod-multicam\/","title":{"rendered":"Eberlestock R\u00e1m Mission EMOD &#8211; Multicam"},"content":{"rendered":"<h2>R\u00e1m Misie &#8211; EMOD &#8211; Multicam<\/h2>\n<p>Z\u00e1klad Misie EMOD, R\u00e1m Misie, poskytuje odoln\u00fd, modul\u00e1rny a kompaktn\u00fd v\u00fdchodiskov\u00fd bod pre v\u00e1\u0161 nov\u00fd v\u00fdstroj. Po nespo\u010detn\u00fdch hodin\u00e1ch testov a v\u00fdvoja spolu s pr\u00edslu\u0161n\u00edkmi \u0161peci\u00e1lnych jednotiek zo v\u0161etk\u00fdch zlo\u017eiek ozbrojen\u00fdch s\u00edl bol tento r\u00e1m navrhnut\u00fd tak, aby sa dokonale hodil a fungoval spolu s va\u0161im vybaven\u00edm, \u010di u\u017e je na v\u00e1s, alebo nie.<\/p>\n<p>Rozmery: 2 libry 15 unc\u00ed<\/p>\n","protected":false},"excerpt":{"rendered":"<p>R\u00e1mik mise &#8211; EMOD -Multicam: robustn\u00fd, modul\u00e1rny a kompaktn\u00fd v\u00fdchodiskov\u00fd bod pre va\u0161u v\u00fdstroj, navrhnut\u00fd pre \u0161peci\u00e1lne sily.<\/p>\n","protected":false},"featured_media":697373,"template":"","meta":{"_acf_changed":false},"product_brand":[15143],"product_cat":[13341],"product_tag":[],"class_list":{"0":"post-697218","1":"product","2":"type-product","3":"status-publish","4":"has-post-thumbnail","6":"product_brand-eberlestock","7":"product_cat-batohy","9":"first","10":"instock","11":"taxable","12":"shipping-taxable","13":"purchasable","14":"product-type-variable","15":"wvs-archive-product-wrapper"},"acf":[],"_links":{"self":[{"href":"https:\/\/nbg.eu\/sk\/wp-json\/wp\/v2\/product\/697218","targetHints":{"allow":["GET"]}}],"collection":[{"href":"https:\/\/nbg.eu\/sk\/wp-json\/wp\/v2\/product"}],"about":[{"href":"https:\/\/nbg.eu\/sk\/wp-json\/wp\/v2\/types\/product"}],"wp:featuredmedia":[{"embeddable":true,"href":"https:\/\/nbg.eu\/sk\/wp-json\/wp\/v2\/media\/697373"}],"wp:attachment":[{"href":"https:\/\/nbg.eu\/sk\/wp-json\/wp\/v2\/media?parent=697218"}],"wp:term":[{"taxonomy":"product_brand","embeddable":true,"href":"https:\/\/nbg.eu\/sk\/wp-json\/wp\/v2\/product_brand?post=697218"},{"taxonomy":"product_cat","embeddable":true,"href":"https:\/\/nbg.eu\/sk\/wp-json\/wp\/v2\/product_cat?post=697218"},{"taxonomy":"product_tag","embeddable":true,"href":"https:\/\/nbg.eu\/sk\/wp-json\/wp\/v2\/product_tag?post=697218"}],"curies":[{"name":"wp","href":"https:\/\/api.w.org\/{rel}","templated":true}]}}