{"id":697539,"date":"2025-12-22T17:34:47","date_gmt":"2025-12-22T14:34:47","guid":{"rendered":"https:\/\/nbg.eu\/product\/rychlopalovacia-nastrelna-taska\/"},"modified":"2026-04-15T14:40:54","modified_gmt":"2026-04-15T11:40:54","slug":"rychlopalovacia-nastrelna-taska","status":"publish","type":"product","link":"https:\/\/nbg.eu\/sk\/produkt\/rychlopalovacia-nastrelna-taska\/","title":{"rendered":"Eberlestock Ta\u0161ka na Strelnice Bang-Bang"},"content":{"rendered":"<h2>Bang-Bang Ta\u0161ka na Streleck\u00fa Strelnicu<\/h2>\n<p>Bang Bang\u2122 bol vyvinut\u00fd ako kompaktn\u00e1 ta\u0161ka na streleck\u00fa strelnicu, ktor\u00e1 m\u00e1 v\u0161etko potrebn\u00e9 vybavenie a chr\u00e1ni ho pred \u017eivlami. Polykarb\u00f3nov\u00e1 spodn\u00e1 \u010das\u0165 ta\u0161ky je odoln\u00e1 vo\u010di vlhk\u00e9mu ter\u00e9nu, kame\u0148om, odpadom a prachu zo strelnice.<\/p>\n<p>Hlavn\u00fd priestor m\u00e1 nastavite\u013en\u00e9, vystlan\u00e9 priehradky, ktor\u00e9 udr\u017eiavaj\u00fa bezpe\u010dne a organizovane lek\u00e1rske potreby, n\u00e1stroje, fotoapar\u00e1tov\u00e9 vybavenie a stre\u013eobn\u00e9 vybavenie. Spodn\u00fd priestor je ide\u00e1lny pre pi\u0161tole, n\u00e1stroje alebo dokonca kompaktn\u00fd karab\u00edn.<\/p>\n<h2>Rozmery<\/h2>\n<p>Objem: 2062.5 c.i. \/ 33.80L<br \/>\nHmotnos\u0165: 4 lbs<br \/>\nRozmery: 10.25V x 21\u0160 x 10H<br \/>\nRozmery spodn\u00e9ho priestoru 21.5&#8243; D x 9.5&#8243; \u0160 x 2&#8243; V<\/p>\n<h2>Vlastnosti<\/h2>\n<ul>\n<li>Polykarb\u00f3nov\u00e1 spodn\u00e1 \u0161krupina<\/li>\n<li>Vystlan\u00e9 nastavite\u013en\u00e9 hlavn\u00e9 priestory<\/li>\n<li>Nastavite\u013en\u00fd ramenn\u00fd popruh<\/li>\n<li>Prisp\u00f4sobite\u013en\u00e9 organiza\u010dn\u00e9 priehradky<\/li>\n<li>Spodn\u00fd priestor pre bezpe\u010dn\u00e9 skladovanie<\/li>\n<\/ul>\n","protected":false},"excerpt":{"rendered":"<p>Ta\u0161ka Rozsah Bang-Bang je kompaktn\u00e1, odoln\u00e1 ta\u0161ka s polykarbon\u00e1tov\u00fdm z\u00e1kladom a konfigurovate\u013en\u00fdm vn\u00fatraj\u0161kom na ochranu v\u00e1\u0161ho nevyhnutn\u00e9ho vybavenia.<\/p>\n","protected":false},"featured_media":697587,"template":"","meta":{"_acf_changed":false},"product_brand":[15143],"product_cat":[13337],"product_tag":[],"class_list":{"0":"post-697539","1":"product","2":"type-product","3":"status-publish","4":"has-post-thumbnail","6":"product_brand-eberlestock","7":"product_cat-strelecke-tasky","9":"first","10":"instock","11":"taxable","12":"shipping-taxable","13":"purchasable","14":"product-type-variable","15":"wvs-archive-product-wrapper"},"acf":[],"_links":{"self":[{"href":"https:\/\/nbg.eu\/sk\/wp-json\/wp\/v2\/product\/697539","targetHints":{"allow":["GET"]}}],"collection":[{"href":"https:\/\/nbg.eu\/sk\/wp-json\/wp\/v2\/product"}],"about":[{"href":"https:\/\/nbg.eu\/sk\/wp-json\/wp\/v2\/types\/product"}],"wp:featuredmedia":[{"embeddable":true,"href":"https:\/\/nbg.eu\/sk\/wp-json\/wp\/v2\/media\/697587"}],"wp:attachment":[{"href":"https:\/\/nbg.eu\/sk\/wp-json\/wp\/v2\/media?parent=697539"}],"wp:term":[{"taxonomy":"product_brand","embeddable":true,"href":"https:\/\/nbg.eu\/sk\/wp-json\/wp\/v2\/product_brand?post=697539"},{"taxonomy":"product_cat","embeddable":true,"href":"https:\/\/nbg.eu\/sk\/wp-json\/wp\/v2\/product_cat?post=697539"},{"taxonomy":"product_tag","embeddable":true,"href":"https:\/\/nbg.eu\/sk\/wp-json\/wp\/v2\/product_tag?post=697539"}],"curies":[{"name":"wp","href":"https:\/\/api.w.org\/{rel}","templated":true}]}}