{"id":698000,"date":"2025-12-22T17:41:31","date_gmt":"2025-12-22T14:41:31","guid":{"rendered":"https:\/\/nbg.eu\/product\/upranger-pack\/"},"modified":"2026-01-07T13:14:46","modified_gmt":"2026-01-07T10:14:46","slug":"upranger-pack","status":"publish","type":"product","link":"https:\/\/nbg.eu\/sk\/produkt\/upranger-pack\/","title":{"rendered":"UpRanger Pack"},"content":{"rendered":"<h2>UpRanger Pack: Zme\u0148te svoj sp\u00f4sob pren\u00e1\u0161ania 3-Gun a outdoorov\u00e9ho vybavenia<\/h2>\n<p>In\u0161pirovan\u00fd potrebami \u0161ampi\u00f3na 3-Gunnera, ruksak UpRanger\u2122 men\u00ed hru. Navrhnut\u00fd tak, aby sa dal polo\u017ei\u0165 na jeho odoln\u00fd polykarbon\u00e1tov\u00fd vonkaj\u0161\u00ed povrch, ruksak sa d\u00e1 otvori\u0165 z bo\u010dnej strany popruhu pre r\u00fdchly pr\u00edstup k v\u00e1\u0161mu vybaveniu bez zbyto\u010dn\u00e9ho opotrebovania alebo \u0161piny. \u010ci u\u017e ho pou\u017e\u00edvate na strelnici, ako odoln\u00fd fotoapar\u00e1t alebo na ak\u00e9ko\u013evek in\u00e9 outdoorov\u00e9 dobrodru\u017estvo, UpRanger m\u00e1 kapacitu a funkcie na zvl\u00e1dnutie toho v\u0161etk\u00e9ho.<\/p>\n<p>S priestorn\u00fdm objemom 3260 kubick\u00fdch palcov (53,4 l) a hmotnos\u0165ou len 6,45 libier je UpRanger vysoko v\u00fdkonn\u00fdm, ale \u013eahk\u00fdm ruksakom. Jeho vystlan\u00e9, nastavite\u013en\u00e9 ramenn\u00e9 popruhy zais\u0165uj\u00fa pohodln\u00e9 pren\u00e1\u0161anie, zatia\u013e \u010do konfigurovate\u013en\u00e9 deli\u010de v\u00e1m umo\u017e\u0148uj\u00fa prisp\u00f4sobi\u0165 vn\u00fatorn\u00e9 rozlo\u017eenie pod\u013ea va\u0161ich \u0161pecifick\u00fdch potrieb. Pre \u010fal\u0161iu ochranu je ruksak kompatibiln\u00fd s na\u0161ou ve\u013ekou reverzibilnou da\u017e\u010fovou plachtou, ktor\u00e1 udr\u017e\u00ed va\u0161e vybavenie v suchu aj pri nepriaznivom po\u010das\u00ed.<\/p>\n<p>Pre dokonal\u00fa 3-Gun s\u00fapravu spojte UpRanger s na\u0161imi puzdrami na pu\u0161ky Sidewinder pre komplexn\u00e9 rie\u0161enie, ktor\u00e9 udr\u017e\u00ed va\u0161e streln\u00e9 zbrane bezpe\u010dn\u00e9 a \u013eahko pr\u00edstupn\u00e9. Odn\u00edmate\u013en\u00e9 bo\u010dn\u00e9 kr\u00eddlov\u00e9 panely poskytuj\u00fa dodato\u010dn\u00fa variabilitu, \u010do v\u00e1m umo\u017en\u00ed nakonfigurova\u0165 ruksak pod\u013ea va\u0161ich jedine\u010dn\u00fdch potrieb.<\/p>\n<p>Zlep\u0161ite spr\u00e1vu svojho outdoorov\u00e9ho vybavenia inovat\u00edvnym ruksakom UpRanger, ktor\u00fd je navrhnut\u00fd na zefekt\u00edvnenie va\u0161ich aktiv\u00edt a udr\u017eanie v\u00e1\u0161ho z\u00e1kladn\u00e9ho vybavenia organizovan\u00e9ho a chr\u00e1nen\u00e9ho.<\/p>\n","protected":false},"excerpt":{"rendered":"<p>Univerz\u00e1lna 3-Gun bato\u017eina s polykarbon\u00e1tovou z\u00e1klad\u0148ou pre r\u00fdchly a bezpra\u0161n\u00fd pr\u00edstup.<\/p>\n","protected":false},"featured_media":696445,"template":"","meta":{"_acf_changed":false},"product_brand":[15143],"product_cat":[13341],"product_tag":[],"class_list":{"0":"post-698000","1":"product","2":"type-product","3":"status-publish","4":"has-post-thumbnail","6":"product_brand-eberlestock","7":"product_cat-batohy","9":"first","10":"instock","11":"taxable","12":"shipping-taxable","13":"purchasable","14":"product-type-variable","15":"wvs-archive-product-wrapper"},"acf":[],"_links":{"self":[{"href":"https:\/\/nbg.eu\/sk\/wp-json\/wp\/v2\/product\/698000","targetHints":{"allow":["GET"]}}],"collection":[{"href":"https:\/\/nbg.eu\/sk\/wp-json\/wp\/v2\/product"}],"about":[{"href":"https:\/\/nbg.eu\/sk\/wp-json\/wp\/v2\/types\/product"}],"wp:featuredmedia":[{"embeddable":true,"href":"https:\/\/nbg.eu\/sk\/wp-json\/wp\/v2\/media\/696445"}],"wp:attachment":[{"href":"https:\/\/nbg.eu\/sk\/wp-json\/wp\/v2\/media?parent=698000"}],"wp:term":[{"taxonomy":"product_brand","embeddable":true,"href":"https:\/\/nbg.eu\/sk\/wp-json\/wp\/v2\/product_brand?post=698000"},{"taxonomy":"product_cat","embeddable":true,"href":"https:\/\/nbg.eu\/sk\/wp-json\/wp\/v2\/product_cat?post=698000"},{"taxonomy":"product_tag","embeddable":true,"href":"https:\/\/nbg.eu\/sk\/wp-json\/wp\/v2\/product_tag?post=698000"}],"curies":[{"name":"wp","href":"https:\/\/api.w.org\/{rel}","templated":true}]}}