{"id":698304,"date":"2025-12-22T17:45:44","date_gmt":"2025-12-22T14:45:44","guid":{"rendered":"https:\/\/nbg.eu\/product\/podlozka-na-strelbu\/"},"modified":"2026-04-15T14:40:50","modified_gmt":"2026-04-15T11:40:50","slug":"podlozka-na-strelbu","status":"publish","type":"product","link":"https:\/\/nbg.eu\/sk\/produkt\/podlozka-na-strelbu\/","title":{"rendered":"Eberlestock Streleck\u00e1 Podlo\u017eka Dirt Nap"},"content":{"rendered":"<h2>Podlo\u017eka na stre\u013ebu Dirt Nap: Optimalizovan\u00e1 pre pohodlie a praktickos\u0165 pri strelbe v \u013eahu<\/h2>\n<p>Podlo\u017eka na stre\u013ebu Dirt Nap je expertne navrhnut\u00e1 a prioritizovan\u00e1 pre polohu v \u013eahu pri stre\u013ebe. Zlep\u0161uje va\u0161e v\u00fdlety v\u010faka vynikaj\u00facemu pohodliu a praktickosti, \u010do z nej rob\u00ed neodmyslite\u013en\u00fa s\u00fa\u010das\u0165 v\u00e1\u0161ho vybavenia na de\u0148 na strelnici.<\/p>\n<p>Dirt Nap m\u00e1 individu\u00e1lne vystlan\u00e9 bunky, ktor\u00e9 vytv\u00e1raj\u00fa prirodzen\u00e9 z\u00e1hyby, \u010do umo\u017e\u0148uje jednoduch\u00e9 skladanie a kompaktn\u00e9 uskladnenie. S pln\u00fdm polstrovan\u00edm v hornej polovici a pokra\u010dovan\u00edm dole stredom zadnej polovice poskytuje maxim\u00e1lne pohodlie presne tam, kde ho najviac potrebujete.<\/p>\n<p>Meria 94 &#8222;d\u013a\u017eka x 34&#8243; \u0161\u00edrka a pri zlo\u017een\u00ed sa zmest\u00ed do kompaktn\u00fdch 12&#8243; x 17&#8220;. Dirt Nap Shooting Mat v\u00e1\u017ei len 4 libry a 13 unc\u00ed. Jeho odoln\u00e1 kon\u0161trukcia z 600D PVC potiahnut\u00e9ho nylonu, PVC potiahnut\u00e9 spodn\u00e1 strana a praktick\u00e1 r\u00fa\u010dka na pren\u00e1\u0161anie z neho robia odoln\u00fa a praktick\u00fa vo\u013ebu pre ak\u00e9hok\u013evek strelca.<\/p>\n<p>\u00dalo\u017en\u00e1 klapka s 20mm popruhmi a prackami zaist\u00ed, aby va\u0161a podlo\u017eka Dirt Nap zostala bezpe\u010dne na mieste, zatia\u013e \u010do premyslen\u00e9 dizajnov\u00e9 prvky z nej robia nevyhnutn\u00fa s\u00fa\u010das\u0165 v\u00fdbavy pre v\u00e1\u0161 \u010fal\u0161\u00ed de\u0148 na strelnici.<\/p>\n","protected":false},"excerpt":{"rendered":"<p>Podlo\u017eka na strielanie Dirt Nap &#8211; expertne navrhnut\u00e1 na le\u017eiacu stre\u013ebu, zabezpe\u010duje vynikaj\u00faci komfort a praktickos\u0165.<\/p>\n","protected":false},"featured_media":698528,"template":"","meta":{"_acf_changed":false},"product_brand":[15143],"product_cat":[13405],"product_tag":[],"class_list":{"0":"post-698304","1":"product","2":"type-product","3":"status-publish","4":"has-post-thumbnail","6":"product_brand-eberlestock","7":"product_cat-vystroj","9":"first","10":"instock","11":"taxable","12":"shipping-taxable","13":"purchasable","14":"product-type-variable","15":"wvs-archive-product-wrapper"},"acf":[],"_links":{"self":[{"href":"https:\/\/nbg.eu\/sk\/wp-json\/wp\/v2\/product\/698304","targetHints":{"allow":["GET"]}}],"collection":[{"href":"https:\/\/nbg.eu\/sk\/wp-json\/wp\/v2\/product"}],"about":[{"href":"https:\/\/nbg.eu\/sk\/wp-json\/wp\/v2\/types\/product"}],"wp:featuredmedia":[{"embeddable":true,"href":"https:\/\/nbg.eu\/sk\/wp-json\/wp\/v2\/media\/698528"}],"wp:attachment":[{"href":"https:\/\/nbg.eu\/sk\/wp-json\/wp\/v2\/media?parent=698304"}],"wp:term":[{"taxonomy":"product_brand","embeddable":true,"href":"https:\/\/nbg.eu\/sk\/wp-json\/wp\/v2\/product_brand?post=698304"},{"taxonomy":"product_cat","embeddable":true,"href":"https:\/\/nbg.eu\/sk\/wp-json\/wp\/v2\/product_cat?post=698304"},{"taxonomy":"product_tag","embeddable":true,"href":"https:\/\/nbg.eu\/sk\/wp-json\/wp\/v2\/product_tag?post=698304"}],"curies":[{"name":"wp","href":"https:\/\/api.w.org\/{rel}","templated":true}]}}