{"id":698721,"date":"2025-12-22T17:51:28","date_gmt":"2025-12-22T14:51:28","guid":{"rendered":"https:\/\/nbg.eu\/product\/lodrag-ii-pack\/"},"modified":"2026-04-15T14:40:46","modified_gmt":"2026-04-15T11:40:46","slug":"lodrag-ii-pack","status":"publish","type":"product","link":"https:\/\/nbg.eu\/sk\/produkt\/lodrag-ii-pack\/","title":{"rendered":"Eberlestock Ruksak LoDrag II"},"content":{"rendered":"<h2>X31 LoDrag II\u2122 Taktick\u00fd ruksak<\/h2>\n<p>Navrhnut\u00fd tak, aby bol vysoko funk\u010dn\u00fd, \u013eahk\u00fd taktick\u00fd ruksak, ako aj aby obsahoval taktick\u00fd puzdro na zbra\u0148, X31 LoDrag II\u2122 sa stal z\u00e1kladom vo svete presn\u00fdch pu\u0161iek. V hlavnom prie\u010dinku m\u00e1 LoDrag II skladaciu poli\u010dku na oddelenie horn\u00e9ho a doln\u00e9ho priestoru na n\u00e1klad a hydrata\u010dn\u00fd ruk\u00e1v pre na\u0161e 2L a 3L hydrata\u010dn\u00e9 syst\u00e9my. Bo\u010dn\u00e9 kompresn\u00e9 popruhy maj\u00fa HD 25mm pracky na r\u00fdchle uvo\u013enenie polo\u017eiek, ako s\u00fa napr\u00edklad stat\u00edvy stla\u010den\u00e9 na boku ruksaku.<\/p>\n<h2>Rozmery<\/h2>\n<p>Objem: 2290 c.i. \/ 37,5 l<br \/>\nHmotnos\u0165: 6,85 libier<br \/>\nRozmery: 22,5 v x 11 \u0161 x 11,75 h<br \/>\nRozmery puzdra: 34&#8243; v x 10&#8243; \u0161 x 3 h<\/p>\n<h2>Vlastnosti<\/h2>\n<ul>\n<li>Taktick\u00e9 puzdro na zbra\u0148<\/li>\n<li>Skladacia poli\u010dka na oddelenie horn\u00e9ho a doln\u00e9ho priestoru na n\u00e1klad<\/li>\n<li>Zahrnut\u00e1 da\u017e\u010fov\u00e1 plachta<\/li>\n<li>Hydrata\u010dn\u00fd ruk\u00e1v<\/li>\n<\/ul>\n","protected":false},"excerpt":{"rendered":"<p>\u013dahk\u00fd taktick\u00fd batoh s vreckom na zbra\u0148, skladacia polica a vrecko na hydrat\u00e1ciu.<\/p>\n","protected":false},"featured_media":698772,"template":"","meta":{"_acf_changed":false},"product_brand":[15143],"product_cat":[13341],"product_tag":[],"class_list":{"0":"post-698721","1":"product","2":"type-product","3":"status-publish","4":"has-post-thumbnail","6":"product_brand-eberlestock","7":"product_cat-batohy","9":"first","10":"instock","11":"taxable","12":"shipping-taxable","13":"purchasable","14":"product-type-variable","15":"wvs-archive-product-wrapper"},"acf":[],"_links":{"self":[{"href":"https:\/\/nbg.eu\/sk\/wp-json\/wp\/v2\/product\/698721","targetHints":{"allow":["GET"]}}],"collection":[{"href":"https:\/\/nbg.eu\/sk\/wp-json\/wp\/v2\/product"}],"about":[{"href":"https:\/\/nbg.eu\/sk\/wp-json\/wp\/v2\/types\/product"}],"wp:featuredmedia":[{"embeddable":true,"href":"https:\/\/nbg.eu\/sk\/wp-json\/wp\/v2\/media\/698772"}],"wp:attachment":[{"href":"https:\/\/nbg.eu\/sk\/wp-json\/wp\/v2\/media?parent=698721"}],"wp:term":[{"taxonomy":"product_brand","embeddable":true,"href":"https:\/\/nbg.eu\/sk\/wp-json\/wp\/v2\/product_brand?post=698721"},{"taxonomy":"product_cat","embeddable":true,"href":"https:\/\/nbg.eu\/sk\/wp-json\/wp\/v2\/product_cat?post=698721"},{"taxonomy":"product_tag","embeddable":true,"href":"https:\/\/nbg.eu\/sk\/wp-json\/wp\/v2\/product_tag?post=698721"}],"curies":[{"name":"wp","href":"https:\/\/api.w.org\/{rel}","templated":true}]}}