{"id":699107,"date":"2025-12-22T17:57:48","date_gmt":"2025-12-22T14:57:48","guid":{"rendered":"https:\/\/nbg.eu\/product\/gunslinger-ii-pack\/"},"modified":"2026-04-15T14:40:42","modified_gmt":"2026-04-15T11:40:42","slug":"gunslinger-ii-pack","status":"publish","type":"product","link":"https:\/\/nbg.eu\/sk\/produkt\/gunslinger-ii-pack\/","title":{"rendered":"Eberlestock Ruksak G2 Gunslinger II"},"content":{"rendered":"<h2>Gunslinger II\u2122 taktick\u00fd ruksak<\/h2>\n<p>Gunslinger II\u2122 je stredne ve\u013ek\u00fd taktick\u00fd ruksak s celo\u0161irok\u00fdm puzdrom, ktor\u00e9 lep\u0161ie vyhovuje zbraniam s v\u00e4\u010d\u0161\u00edm priemerom alebo objemn\u00fdmi optick\u00fdmi zariadeniami. \u0160irok\u00e9 puzdro tie\u017e sl\u00fa\u017ei ako v\u00fdborn\u00fd priestor na prepravu notebooku alebo vojensk\u00e9ho r\u00e1dia. Dokonca aj so zlo\u017een\u00fdm puzdrom dok\u00e1\u017ee ruksak poja\u0165 v\u00e4\u010d\u0161inu kr\u00e1tkohlav\u0148ov\u00fdch pu\u0161iek. Gunslinger II m\u00e1 kapacitu 2100 kubick\u00fdch palcov a \u0161tandardne je vybaven\u00fd na\u0161im tubul\u00e1rnym nosn\u00fdm syst\u00e9mom Intex-II\u2122 bez poli\u010dky, plne nastavite\u013en\u00fdm ramenn\u00fdm popruhom a polstrovan\u00fdm bedrov\u00fd p\u00e1som.<\/p>\n<h2>Rozmery<\/h2>\n<p>Objem ruksaka: 2 100 c.i. \/ 34,41 l<br \/>\nObjem puzdra: 600 c.i.<br \/>\n-Celkov\u00fd objem: 44 litrov \/ 2 700 c.i.<br \/>\n-Hmotnos\u0165: 6 libier a 8 unc\u00ed.<br \/>\n-Rozmery hlavn\u00e9ho vaku: 22&#8243; v x 10&#8243; \u0161 x 8&#8243; h<br \/>\n-Rozmery puzdra: 34&#8243; d x 10&#8243; \u0161 x 3&#8243; h, s otvorom s obvodom 26&#8243;. Kryt GSTC umo\u017e\u0148uje uzavret\u00fa prepravu zbran\u00ed do d\u013a\u017eky 60&#8243;.<br \/>\n-Skuto\u010dn\u00e1 hmotnos\u0165: 6,5 libier (s GSTC)..<\/p>\n<h2>Vlastnosti<\/h2>\n<p>Vrecko na vrchu<br \/>\n-Panel na za\u0165a\u017eenie<br \/>\n-Vreck\u00e1 na f\u013ea\u0161e s vodou<br \/>\n-Integrovan\u00e9 puzdro na pu\u0161ku<br \/>\n-Upev\u0148ovacie lan\u00e1 na stla\u010denie<br \/>\n-Vrchn\u00e9 \u0161n\u00farov\u00e9 a predn\u00e9 zipov\u00e9 otvorenie<br \/>\n-Tubul\u00e1rny r\u00e1m Intex II<\/p>\n","protected":false},"excerpt":{"rendered":"<p>Gunslinger II\u2122 je stredne ve\u013ek\u00fd taktick\u00fd ruksak s celopriestorovou po\u0161vou, ktor\u00e1 lep\u0161ie vyhovuje zbraniam s v\u00e4\u010d\u0161\u00edm priemerom alebo objemn\u00fdmi optikami.<\/p>\n","protected":false},"featured_media":699189,"template":"","meta":{"_acf_changed":false},"product_brand":[15143],"product_cat":[13341],"product_tag":[],"class_list":{"0":"post-699107","1":"product","2":"type-product","3":"status-publish","4":"has-post-thumbnail","6":"product_brand-eberlestock","7":"product_cat-batohy","9":"first","10":"instock","11":"taxable","12":"shipping-taxable","13":"purchasable","14":"product-type-variable","15":"wvs-archive-product-wrapper"},"acf":[],"_links":{"self":[{"href":"https:\/\/nbg.eu\/sk\/wp-json\/wp\/v2\/product\/699107","targetHints":{"allow":["GET"]}}],"collection":[{"href":"https:\/\/nbg.eu\/sk\/wp-json\/wp\/v2\/product"}],"about":[{"href":"https:\/\/nbg.eu\/sk\/wp-json\/wp\/v2\/types\/product"}],"wp:featuredmedia":[{"embeddable":true,"href":"https:\/\/nbg.eu\/sk\/wp-json\/wp\/v2\/media\/699189"}],"wp:attachment":[{"href":"https:\/\/nbg.eu\/sk\/wp-json\/wp\/v2\/media?parent=699107"}],"wp:term":[{"taxonomy":"product_brand","embeddable":true,"href":"https:\/\/nbg.eu\/sk\/wp-json\/wp\/v2\/product_brand?post=699107"},{"taxonomy":"product_cat","embeddable":true,"href":"https:\/\/nbg.eu\/sk\/wp-json\/wp\/v2\/product_cat?post=699107"},{"taxonomy":"product_tag","embeddable":true,"href":"https:\/\/nbg.eu\/sk\/wp-json\/wp\/v2\/product_tag?post=699107"}],"curies":[{"name":"wp","href":"https:\/\/api.w.org\/{rel}","templated":true}]}}