{"id":699659,"date":"2025-12-22T18:02:07","date_gmt":"2025-12-22T15:02:07","guid":{"rendered":"https:\/\/nbg.eu\/product\/dvojita-strieska\/"},"modified":"2026-04-15T14:40:38","modified_gmt":"2026-04-15T11:40:38","slug":"dvojita-strieska","status":"publish","type":"product","link":"https:\/\/nbg.eu\/sk\/produkt\/dvojita-strieska\/","title":{"rendered":"Eberlestock Da\u017e\u010fov\u00fd Kryt na \u010ealekohlad Recon"},"content":{"rendered":"<h2>Bino Rain Fly: Kompaktn\u00e1 a \u013eahk\u00e1 ochrana pre va\u0161e optick\u00e9 pr\u00edstroje<\/h2>\n<p>Bino Rain Fly je univerz\u00e1lne a kompaktn\u00e9 rie\u0161enie na udr\u017eanie va\u0161ich \u010falekoh\u013eadov such\u00fdch a chr\u00e1nen\u00fdch pred \u017eivlami. Navrhnut\u00fd tak, aby sa dokonale integroval s Recon Bino Harness, t\u00e1to pl\u00e1\u0161tienka pon\u00faka spo\u013eahliv\u00e9 krytie a pohodlie.<\/p>\n<p>Vyroben\u00fd z odoln\u00fdch a \u013eahk\u00fdch materi\u00e1lov, Bino Rain Fly sa zmest\u00ed do prilo\u017een\u00e9ho puzdra, \u010d\u00edm sa \u013eahko prepravuje a je \u013eahko pr\u00edstupn\u00fd, ke\u010f je potrebn\u00fd. 10 mm popruh Hangar v\u00e1m umo\u017en\u00ed bezpe\u010dne pripevni\u0165 pl\u00e1\u0161tienku k v\u00e1\u0161mu vybaveniu, \u010d\u00edm zabezpe\u010d\u00edte, \u017ee va\u0161e \u010falekoh\u013eady bud\u00fa chr\u00e1nen\u00e9 pred da\u017e\u010fom, snehom a in\u00fdmi poveternostn\u00fdmi podmienkami.<\/p>\n<p>S jeho pln\u00fdm kryt\u00edm Bino Rain Fly \u00faplne zaha\u013euje Recon Bino Harness, \u010d\u00edm poskytuje komplexn\u00fa ochranu va\u0161ich optick\u00fdch pr\u00edstrojov. S\u00fastredite sa na svoje outdoorov\u00e9 dobrodru\u017estv\u00e1 bez ob\u00e1v, \u017ee prvky ohrozia v\u00e1\u0161 z\u00e1\u017eitok z pozorovania.<\/p>\n<p>\u010ci u\u017e pozorovanie vt\u00e1kov, po\u013eova\u010dka alebo prieskum pr\u00edrody, Bino Rain Fly je nevyhnutn\u00fdm doplnkom na udr\u017eanie va\u0161ich \u010falekoh\u013eadov such\u00fdch a v najlep\u0161om stave. Kompaktn\u00fd, \u013eahk\u00fd a \u013eahko pou\u017eite\u013en\u00fd, je to perfektn\u00fd spolo\u010dn\u00edk pre ka\u017ed\u00e9ho milovn\u00edka pr\u00edrody.<\/p>\n","protected":false},"excerpt":{"rendered":"<p>Kompaktn\u00e1, \u013eahk\u00e1 pl\u00e1\u0161tenka, ktor\u00e1 chr\u00e1ni v\u00e1\u0161 Recon Bino Harness.<\/p>\n","protected":false},"featured_media":700109,"template":"","meta":{"_acf_changed":false},"product_brand":[15143],"product_cat":[15221],"product_tag":[],"class_list":{"0":"post-699659","1":"product","2":"type-product","3":"status-publish","4":"has-post-thumbnail","6":"product_brand-eberlestock","7":"product_cat-binocular-harnesses-sk","9":"first","10":"instock","11":"taxable","12":"shipping-taxable","13":"purchasable","14":"product-type-variable","15":"wvs-archive-product-wrapper"},"acf":[],"_links":{"self":[{"href":"https:\/\/nbg.eu\/sk\/wp-json\/wp\/v2\/product\/699659","targetHints":{"allow":["GET"]}}],"collection":[{"href":"https:\/\/nbg.eu\/sk\/wp-json\/wp\/v2\/product"}],"about":[{"href":"https:\/\/nbg.eu\/sk\/wp-json\/wp\/v2\/types\/product"}],"wp:featuredmedia":[{"embeddable":true,"href":"https:\/\/nbg.eu\/sk\/wp-json\/wp\/v2\/media\/700109"}],"wp:attachment":[{"href":"https:\/\/nbg.eu\/sk\/wp-json\/wp\/v2\/media?parent=699659"}],"wp:term":[{"taxonomy":"product_brand","embeddable":true,"href":"https:\/\/nbg.eu\/sk\/wp-json\/wp\/v2\/product_brand?post=699659"},{"taxonomy":"product_cat","embeddable":true,"href":"https:\/\/nbg.eu\/sk\/wp-json\/wp\/v2\/product_cat?post=699659"},{"taxonomy":"product_tag","embeddable":true,"href":"https:\/\/nbg.eu\/sk\/wp-json\/wp\/v2\/product_tag?post=699659"}],"curies":[{"name":"wp","href":"https:\/\/api.w.org\/{rel}","templated":true}]}}