{"id":700398,"date":"2025-12-22T18:10:47","date_gmt":"2025-12-22T15:10:47","guid":{"rendered":"https:\/\/nbg.eu\/product\/modularny-system-na-uchytenie-vybavenia\/"},"modified":"2026-04-15T14:40:35","modified_gmt":"2026-04-15T11:40:35","slug":"modularny-system-na-uchytenie-vybavenia","status":"publish","type":"product","link":"https:\/\/nbg.eu\/sk\/produkt\/modularny-system-na-uchytenie-vybavenia\/","title":{"rendered":"Eberlestock MOLLE Panel Recon"},"content":{"rendered":"<h2>Recon MOLLE Panel &#8211; Univerz\u00e1lny doplnok pre v\u00e1\u0161 puzdro na \u010falekoh\u013ead<\/h2>\n<p>Recon MOLLE Panel je jednoduch\u00fd, ale univerz\u00e1lny doplnok pre v\u00e1\u0161 puzdro na \u010falekoh\u013ead. Poskytuje pohodln\u00fd sp\u00f4sob pripojenia r\u00f4znych vreciek, ako napr\u00edklad Recon Bearspray Pouch alebo Recon Rangefinder Pouch, horizont\u00e1lne pod va\u0161\u00edm puzdrom na \u010falekoh\u013ead. Tento panel sl\u00fa\u017ei aj ako bezpe\u010dn\u00e1 platforma pre pi\u0161to\u013eov\u00e9 puzdra kompatibiln\u00e9 s MOLLE, \u010do v\u00e1m umo\u017e\u0148uje bezpe\u010dne a pohodlne nosi\u0165 pi\u0161to\u013e na svojom puzdre na \u010falekoh\u013ead.<\/p>\n<p>Recon MOLLE Panel meria 6 palcov \u0161iroko a 3,25 palca vysok\u00fd, \u010do poskytuje kompaktn\u00fd a pr\u00fadov\u00fd dizajn, ktor\u00fd neprid\u00e1 zbyto\u010dn\u00fa hmotnos k v\u00e1\u0161mu vybaveniu. Jeho kon\u0161trukcia kompatibiln\u00e1 s MOLLE zaru\u010duje kompatibilitu s r\u00f4znym pr\u00edslu\u0161enstvom, \u010d\u00edm v\u00e1m d\u00e1va flexibilitu prisp\u00f4sobi\u0165 si nastavenie pod\u013ea va\u0161ich konkr\u00e9tnych potrieb.<\/p>\n","protected":false},"excerpt":{"rendered":"<p>Univerz\u00e1lny panel MOLLE na pripevnenie vreciek a nosenie pi\u0161tole na binokul\u00e1rnom popruhom.<\/p>\n","protected":false},"featured_media":700475,"template":"","meta":{"_acf_changed":false},"product_brand":[15143],"product_cat":[13395],"product_tag":[],"class_list":{"0":"post-700398","1":"product","2":"type-product","3":"status-publish","4":"has-post-thumbnail","6":"product_brand-eberlestock","7":"product_cat-vrecka","9":"first","10":"instock","11":"taxable","12":"shipping-taxable","13":"purchasable","14":"product-type-variable","15":"wvs-archive-product-wrapper"},"acf":[],"_links":{"self":[{"href":"https:\/\/nbg.eu\/sk\/wp-json\/wp\/v2\/product\/700398","targetHints":{"allow":["GET"]}}],"collection":[{"href":"https:\/\/nbg.eu\/sk\/wp-json\/wp\/v2\/product"}],"about":[{"href":"https:\/\/nbg.eu\/sk\/wp-json\/wp\/v2\/types\/product"}],"wp:featuredmedia":[{"embeddable":true,"href":"https:\/\/nbg.eu\/sk\/wp-json\/wp\/v2\/media\/700475"}],"wp:attachment":[{"href":"https:\/\/nbg.eu\/sk\/wp-json\/wp\/v2\/media?parent=700398"}],"wp:term":[{"taxonomy":"product_brand","embeddable":true,"href":"https:\/\/nbg.eu\/sk\/wp-json\/wp\/v2\/product_brand?post=700398"},{"taxonomy":"product_cat","embeddable":true,"href":"https:\/\/nbg.eu\/sk\/wp-json\/wp\/v2\/product_cat?post=700398"},{"taxonomy":"product_tag","embeddable":true,"href":"https:\/\/nbg.eu\/sk\/wp-json\/wp\/v2\/product_tag?post=700398"}],"curies":[{"name":"wp","href":"https:\/\/api.w.org\/{rel}","templated":true}]}}