{"id":700815,"date":"2025-12-22T18:16:35","date_gmt":"2025-12-22T15:16:35","guid":{"rendered":"https:\/\/nbg.eu\/product\/puzdro-na-dialkomera\/"},"modified":"2026-04-15T14:40:30","modified_gmt":"2026-04-15T11:40:30","slug":"puzdro-na-dialkomera","status":"publish","type":"product","link":"https:\/\/nbg.eu\/sk\/produkt\/puzdro-na-dialkomera\/","title":{"rendered":"Eberlestock Puzdro na Dialkomer Recon"},"content":{"rendered":"<h2>Recon Rangefinder Pouch: Ochrana v\u00e1\u0161ho vybavenia, zv\u00fd\u0161enie presnosti<\/h2>\n<p>Zdokona\u013ete svoje outdoorov\u00e9 dobrodru\u017estv\u00e1 s Recon Rangefinder Pouch, navrhnut\u00fdm na ochranu va\u0161ich nevyhnutn\u00fdch zariaden\u00ed na meranie vzdialenosti. Vyroben\u00fd s d\u00f4kladnou pozornos\u0165ou k detailu, tento obal pon\u00faka bezkonkuren\u010dn\u00fa ochranu a pohodlnos\u0165, zabezpe\u010duj\u00fac, \u017ee va\u0161e vybavenie zostane bezpe\u010dn\u00e9 a \u013eahko pr\u00edstupn\u00e9.<\/p>\n<p>V\u010faka magnetick\u00e9mu predn\u00e9ho veku udr\u017euje Recon Rangefinder Pouch prach a ne\u010distoty mimo, zachov\u00e1vaj\u00fac \u010dist\u00fd stav skla v\u00e1\u0161ho zariadenia na meranie vzdialenosti. Pri\u0161\u00edvan\u00e9 p\u00fazdro na \u0161n\u00farku v\u00e1m umo\u017e\u0148uje \u013eahko spusti\u0165 svoje zariadenie bez ob\u00e1v z po\u0161kodenia alebo straty, udr\u017eiavaj\u00fac va\u0161e ruky vo\u013en\u00e9 pre naliehavej\u0161ie \u00falohy.<\/p>\n<p>S kompaktn\u00fdmi rozmermi 1,75&#8243; D x 3,25&#8243; \u0160 x 5&#8243; V sa Recon Rangefinder Pouch hladko integruje s va\u0161\u00edm outdoorov\u00fdm vybaven\u00edm, poskytuj\u00fac diskr\u00e9tne a \u0161t\u00edhle \u00falo\u017en\u00e9 rie\u0161enie. \u010ci u\u017e ste v\u00e1\u0161niv\u00fd po\u013eovn\u00edk, oddan\u00fd turista alebo zanieten\u00fd strelec, tento v\u0161estrann\u00fd obal je dokonal\u00fdm spolo\u010dn\u00edkom na ochranu v\u00e1\u0161ho cenn\u00e9ho zariadenia na meranie vzdialenosti.<\/p>\n<p>Vylep\u0161ite svoj outdoorov\u00fd z\u00e1\u017eitok s Recon Rangefinder Pouch, ultim\u00e1tnym doplnkom pre n\u00e1ro\u010dn\u00e9ho dobrodru\u017en\u00edka, ktor\u00fd vy\u017eaduje to najlep\u0161ie v ochrane a pohodlnosti vybavenia.<\/p>\n","protected":false},"excerpt":{"rendered":"<p>Puzdro na dia\u013ekomer Recon chr\u00e1ni va\u0161e zariadenie s magnetick\u00fdm vekom a lankom na prip\u00fatanie pre bezpe\u010dn\u00fa a pohodln\u00fa prepravu.<\/p>\n","protected":false},"featured_media":700887,"template":"","meta":{"_acf_changed":false},"product_brand":[15143],"product_cat":[13395],"product_tag":[],"class_list":{"0":"post-700815","1":"product","2":"type-product","3":"status-publish","4":"has-post-thumbnail","6":"product_brand-eberlestock","7":"product_cat-vrecka","9":"first","10":"instock","11":"taxable","12":"shipping-taxable","13":"purchasable","14":"product-type-variable","15":"wvs-archive-product-wrapper"},"acf":[],"_links":{"self":[{"href":"https:\/\/nbg.eu\/sk\/wp-json\/wp\/v2\/product\/700815","targetHints":{"allow":["GET"]}}],"collection":[{"href":"https:\/\/nbg.eu\/sk\/wp-json\/wp\/v2\/product"}],"about":[{"href":"https:\/\/nbg.eu\/sk\/wp-json\/wp\/v2\/types\/product"}],"wp:featuredmedia":[{"embeddable":true,"href":"https:\/\/nbg.eu\/sk\/wp-json\/wp\/v2\/media\/700887"}],"wp:attachment":[{"href":"https:\/\/nbg.eu\/sk\/wp-json\/wp\/v2\/media?parent=700815"}],"wp:term":[{"taxonomy":"product_brand","embeddable":true,"href":"https:\/\/nbg.eu\/sk\/wp-json\/wp\/v2\/product_brand?post=700815"},{"taxonomy":"product_cat","embeddable":true,"href":"https:\/\/nbg.eu\/sk\/wp-json\/wp\/v2\/product_cat?post=700815"},{"taxonomy":"product_tag","embeddable":true,"href":"https:\/\/nbg.eu\/sk\/wp-json\/wp\/v2\/product_tag?post=700815"}],"curies":[{"name":"wp","href":"https:\/\/api.w.org\/{rel}","templated":true}]}}