{"id":701131,"date":"2025-12-22T18:40:25","date_gmt":"2025-12-22T15:40:25","guid":{"rendered":"https:\/\/nbg.eu\/product\/rychla-pripadova-studia\/"},"modified":"2026-04-15T14:40:26","modified_gmt":"2026-04-15T11:40:26","slug":"rychla-pripadova-studia","status":"publish","type":"product","link":"https:\/\/nbg.eu\/sk\/produkt\/rychla-pripadova-studia\/","title":{"rendered":"Eberlestock Puzdro Recon Quickcase"},"content":{"rendered":"<h2>Quickcase: V\u00e1\u0161 kompaktn\u00fd spolo\u010dn\u00edk pre pre\u017eitie<\/h2>\n<p>Quickcase je univerz\u00e1lna zipov\u00e1 ta\u0161ka navrhnut\u00e1 tak, aby sa dala jednoducho pripevni\u0165 na postroj Recon Modular Bino. Tento kompaktn\u00fd doplnok poskytuje ide\u00e1lne rie\u0161enie na uskladnenie a zaistenie v\u00e1\u0161ho z\u00e1kladn\u00e9ho v\u00fdbavy pre pre\u017eitie, v\u010faka \u010domu budete v\u017edy pripraven\u00ed na nepredv\u00eddan\u00e9 situ\u00e1cie.<\/p>\n<p>Quickcase je presne v spr\u00e1vnej ve\u013ekosti a poskytuje dostato\u010dn\u00fd priestor pre mal\u00fa s\u00fapravu pre pre\u017eitie, v\u010faka \u010domu je neocenite\u013en\u00fdm spolo\u010dn\u00edkom, ak by ste sa niekedy ocitli oddelen\u00ed od v\u00e1\u0161ho hlavn\u00e9ho batoha. V\u010faka svojej odolnej kon\u0161trukcii a bezpe\u010dn\u00e9mu zipov\u00e9mu uz\u00e1veru udr\u017eia va\u0161e kritick\u00e9 predmety v bezpe\u010d\u00ed a dostupn\u00e9, ke\u010f ich budete potrebova\u0165 najviac.<\/p>\n<p>Ale vyu\u017eitie Quickcase presahuje iba pr\u00edpravu na pre\u017eitie. M\u00f4\u017eete ho pou\u017ei\u0165 ako praktick\u00fa \u00falo\u017en\u00fa vrecko na drobn\u00e9 predmety, v\u010faka \u010domu bud\u00fa udr\u017eiavan\u00e9 v poriadku a \u013eahko dostupn\u00e9 po\u010das cestovania. \u010ci u\u017e idete na turistiku, camping alebo ak\u00fako\u013evek in\u00fa outdoorov\u00fa aktivitu, tento univerz\u00e1lny doplnok sa stane neocenite\u013enou s\u00fa\u010das\u0165ou va\u0161ej v\u00fdbavy.<\/p>\n<p>Quickcase je navrhnut\u00fd tak, aby sa integroval s postroj Recon Modular Bino. Pripevn\u00ed sa bezpe\u010dne na such\u00fd zips na zadnej strane postroja. T\u00e1to integr\u00e1cia v\u00e1m umo\u017en\u00ed ma\u0165 va\u0161e z\u00e1kladn\u00e9 predmety poruke, uvo\u013e\u0148uje priestor vo va\u0161om hlavnom batohu a zabezpe\u010duje, \u017ee budete ma\u0165 po ruke v\u0161etko, \u010do potrebujete.<\/p>\n","protected":false},"excerpt":{"rendered":"<p>Mal\u00e1 zipovan\u00e1 ta\u0161ka, ktor\u00e1 sa prip\u00e1ja k popruhom Recon Modular Bino Harness na uchov\u00e1vanie n\u00fadzov\u00fdch s\u00faprav alebo drobn\u00fdch predmetov.<\/p>\n","protected":false},"featured_media":701202,"template":"","meta":{"_acf_changed":false},"product_brand":[15143],"product_cat":[13395],"product_tag":[],"class_list":{"0":"post-701131","1":"product","2":"type-product","3":"status-publish","4":"has-post-thumbnail","6":"product_brand-eberlestock","7":"product_cat-vrecka","9":"first","10":"instock","11":"taxable","12":"shipping-taxable","13":"purchasable","14":"product-type-variable","15":"wvs-archive-product-wrapper"},"acf":[],"_links":{"self":[{"href":"https:\/\/nbg.eu\/sk\/wp-json\/wp\/v2\/product\/701131","targetHints":{"allow":["GET"]}}],"collection":[{"href":"https:\/\/nbg.eu\/sk\/wp-json\/wp\/v2\/product"}],"about":[{"href":"https:\/\/nbg.eu\/sk\/wp-json\/wp\/v2\/types\/product"}],"wp:featuredmedia":[{"embeddable":true,"href":"https:\/\/nbg.eu\/sk\/wp-json\/wp\/v2\/media\/701202"}],"wp:attachment":[{"href":"https:\/\/nbg.eu\/sk\/wp-json\/wp\/v2\/media?parent=701131"}],"wp:term":[{"taxonomy":"product_brand","embeddable":true,"href":"https:\/\/nbg.eu\/sk\/wp-json\/wp\/v2\/product_brand?post=701131"},{"taxonomy":"product_cat","embeddable":true,"href":"https:\/\/nbg.eu\/sk\/wp-json\/wp\/v2\/product_cat?post=701131"},{"taxonomy":"product_tag","embeddable":true,"href":"https:\/\/nbg.eu\/sk\/wp-json\/wp\/v2\/product_tag?post=701131"}],"curies":[{"name":"wp","href":"https:\/\/api.w.org\/{rel}","templated":true}]}}