{"id":701819,"date":"2025-12-23T11:39:12","date_gmt":"2025-12-23T08:39:12","guid":{"rendered":"https:\/\/nbg.eu\/product\/ohriavac-ruk\/"},"modified":"2026-04-15T14:40:22","modified_gmt":"2026-04-15T11:40:22","slug":"ohriavac-ruk","status":"publish","type":"product","link":"https:\/\/nbg.eu\/sk\/produkt\/ohriavac-ruk\/","title":{"rendered":"Eberlestock Ohreva\u010d R\u00fak Recon"},"content":{"rendered":"<h2>Recon Handwarmer: Jednoduch\u00e1 teplotn\u00e1 pohoda pre outdoorov\u00e9 dobrodru\u017estv\u00e1<\/h2>\n<p>Udr\u017ea\u0165 si ruky v teple bez toho, aby ste museli obetova\u0165 zru\u010dnos\u0165, nikdy nebolo jednoduch\u0161ie v\u010faka Recon Handwarmeru. Tento inovat\u00edvny doplnok sa jednoducho pripevn\u00ed na Recon Modular Bino Harness, umo\u017e\u0148uje v\u00e1m udr\u017ea\u0165 optim\u00e1lne postavenie r\u00fak pre pohodlie, \u010di u\u017e sed\u00edte alebo stoj\u00edte. Recon Handwarmer eliminuje potrebu objemn\u00fdch rukav\u00edc a zais\u0165uje, \u017ee m\u00f4\u017eete na\u010falej vykon\u00e1va\u0165 jemn\u00e9 motorick\u00e9 \u00fakony s \u013eahkos\u0165ou.<\/p>\n<p>Pre pridan\u00fa pohodlnos\u0165 Recon Handwarmer obsahuje predn\u00fd zipsov\u00fd vrecko, kde m\u00f4\u017eete uskladni\u0165 \u010fal\u0161ie vzduchom aktivovan\u00e9 ohrieva\u010de na ruky. To v\u00e1m umo\u017en\u00ed pou\u017e\u00edva\u0165 ohrieva\u010d na ruky nez\u00e1visle od Recon Modular Bino Harness, poskytuj\u00fac v\u00e1m spo\u013eahliv\u00fd zdroj tepla bez oh\u013eadu na aktivitu alebo prostredie. Prilo\u017een\u00fd p\u00e1sok v p\u00e1se zais\u0165uje bezpe\u010dn\u00e9 a pohodln\u00e9 uchytenie, udr\u017eiavaj\u00fac va\u0161e ruky v perfektnej polohe pre maxim\u00e1lnu efektivitu a komfort.<\/p>\n<p>\u010ci u\u017e pozorovanie vt\u00e1kov, po\u013eova\u010dka alebo jednoduch\u00e9 u\u017e\u00edvanie si kr\u00e1s pr\u00edrody, Recon Handwarmer je dokonal\u00fdm spolo\u010dn\u00edkom, ktor\u00fd udr\u017e\u00ed va\u0161e ruky v teple a va\u0161e prsty pohybliv\u00e9. Za\u017eite najvy\u0161\u0161\u00ed komfort a pohodlnos\u0165 v pr\u00edrode s t\u00fdmto v\u0161estrann\u00fdm a inovat\u00edvnym doplnkom.<\/p>\n","protected":false},"excerpt":{"rendered":"<p>Ohrieva\u010d r\u00fak Recon udr\u017euje ruky v teple bez rukav\u00edc, pripev\u0148uje sa k popruhu Recon.<\/p>\n","protected":false},"featured_media":701876,"template":"","meta":{"_acf_changed":false},"product_brand":[15143],"product_cat":[13405],"product_tag":[],"class_list":{"0":"post-701819","1":"product","2":"type-product","3":"status-publish","4":"has-post-thumbnail","6":"product_brand-eberlestock","7":"product_cat-vystroj","9":"first","10":"instock","11":"taxable","12":"shipping-taxable","13":"purchasable","14":"product-type-variable","15":"wvs-archive-product-wrapper"},"acf":[],"_links":{"self":[{"href":"https:\/\/nbg.eu\/sk\/wp-json\/wp\/v2\/product\/701819","targetHints":{"allow":["GET"]}}],"collection":[{"href":"https:\/\/nbg.eu\/sk\/wp-json\/wp\/v2\/product"}],"about":[{"href":"https:\/\/nbg.eu\/sk\/wp-json\/wp\/v2\/types\/product"}],"wp:featuredmedia":[{"embeddable":true,"href":"https:\/\/nbg.eu\/sk\/wp-json\/wp\/v2\/media\/701876"}],"wp:attachment":[{"href":"https:\/\/nbg.eu\/sk\/wp-json\/wp\/v2\/media?parent=701819"}],"wp:term":[{"taxonomy":"product_brand","embeddable":true,"href":"https:\/\/nbg.eu\/sk\/wp-json\/wp\/v2\/product_brand?post=701819"},{"taxonomy":"product_cat","embeddable":true,"href":"https:\/\/nbg.eu\/sk\/wp-json\/wp\/v2\/product_cat?post=701819"},{"taxonomy":"product_tag","embeddable":true,"href":"https:\/\/nbg.eu\/sk\/wp-json\/wp\/v2\/product_tag?post=701819"}],"curies":[{"name":"wp","href":"https:\/\/api.w.org\/{rel}","templated":true}]}}