{"id":702131,"date":"2025-12-23T11:44:19","date_gmt":"2025-12-23T08:44:19","guid":{"rendered":"https:\/\/nbg.eu\/product\/bravo-modularny-binokularny-balik-velky\/"},"modified":"2026-04-15T14:40:18","modified_gmt":"2026-04-15T11:40:18","slug":"bravo-modularny-binokularny-balik-velky","status":"publish","type":"product","link":"https:\/\/nbg.eu\/sk\/produkt\/bravo-modularny-binokularny-balik-velky\/","title":{"rendered":"Eberlestock Ruksak na \u010ealekoh\u013ead Bravo Modular, Large"},"content":{"rendered":"<h2>Bravo Modul\u00e1rny Bino Pack &#8211; Ve\u013ek\u00fd: Adaptabiln\u00fd nosi\u010d optiky pre va\u0161e outdoorov\u00e9 dobrodru\u017estv\u00e1<\/h2>\n<p>Navrhnut\u00fd s d\u00f4razom na modul\u00e1rnos\u0165, BRAVO MODUL\u00c1RNY BINO PACK je postaven\u00fd na hrudnom ramennom syst\u00e9me, ktor\u00fd sa prisp\u00f4sobuje va\u0161im potreb\u00e1m s radom doplnkov\u00e9ho pr\u00edslu\u0161enstva. M\u00e1 magnetick\u00fd bezvo\u013en\u00fd pr\u00edstup dopredu k puzdru na \u010falekoh\u013ead, priestrann\u00e1 predn\u00e1 zipov\u00e1 kapsa a bo\u010dn\u00e9 pru\u017en\u00e9 vreck\u00e1. Vn\u00fatorn\u00e9 popruhov\u00e9 dr\u017eiaky uchytia v\u00e1\u0161 \u010falekoh\u013ead, zatia\u013e \u010do n\u00edzkoprofilov\u00e9 MOLLE kompatibiln\u00e9 kr\u00eddla a zadn\u00fd panel v\u00e1m umo\u017enia jednoducho pripevni\u0165 puzdr\u00e1 a pr\u00edslu\u0161enstvo.<\/p>\n<p>Vyroben\u00fd z odoln\u00e9ho 500D Ripstop Nylonu a N140D materi\u00e1lov, Bravo Modul\u00e1rny Bino Pack &#8211; Ve\u013ek\u00fd poskytuje spo\u013eahliv\u00fd v\u00fdkon v pr\u00edrode. S hmotnos\u0165ou len 14 oz (396 g) t\u00e1to v\u0161estrann\u00e1 kapsa pon\u00faka pohodln\u00e9 a prisp\u00f4sobite\u013en\u00e9 rie\u0161enie pre nosenie va\u0161ich optick\u00fdch pr\u00edstrojov a nevyhnutn\u00e9ho vybavenia.<\/p>\n<p>S vn\u00fatorn\u00fdmi rozmermi 9 &#8222;H x 5,5&#8220; W x 2,5 &#8222;D a vonkaj\u0161\u00edmi rozmermi 9,5&#8220; H x 6,25 &#8222;W x 3,5&#8220; D poskytuje Bravo Modul\u00e1rny Bino Pack &#8211; Ve\u013ek\u00fd dostato\u010dn\u00fd priestor na v\u00e1\u0161 \u010falekoh\u013ead a \u010fal\u0161ie nevyhnutn\u00e9 polo\u017eky. Nastavite\u013en\u00e9 ramenn\u00e9 popruhy a n\u00edzkoprofilov\u00e9 MOLLE kompatibiln\u00e9 kr\u00eddla zabezpe\u010duj\u00fa bezpe\u010dn\u00e9 a prisp\u00f4soben\u00e9 upevnenie, umo\u017e\u0148uj\u00fac v\u00e1m prisp\u00f4sobi\u0165 batoh va\u0161im potreb\u00e1m.<\/p>\n<p>Vylep\u0161ite svoj outdoorov\u00fd z\u00e1\u017eitok s Bravo Modul\u00e1rnym Bino Packom &#8211; Ve\u013ek\u00fdm, v\u0161estrann\u00fdm a prisp\u00f4sobite\u013en\u00fdm rie\u0161en\u00edm na nosenie v\u00e1\u0161ho \u010falekoh\u013eadu a nevyhnutn\u00e9ho vybavenia. Presk\u00famajte dostupn\u00e9 pr\u00edslu\u0161enstvo a maximalizujte jeho funk\u010dnos\u0165, \u010d\u00edm z neho urob\u00edte dokonal\u00e9ho spolo\u010dn\u00edka na va\u0161e \u010fal\u0161ie dobrodru\u017estvo.<\/p>\n","protected":false},"excerpt":{"rendered":"<p>Modul\u00e1rna hrudn\u00e1 kapsa s puzdrom na \u010falekoh\u013ead bez z\u00e1sobn\u00edka, predn\u00fdm vreckom, elastick\u00fdmi stranami.<\/p>\n","protected":false},"featured_media":702257,"template":"","meta":{"_acf_changed":false},"product_brand":[15143],"product_cat":[15221],"product_tag":[],"class_list":{"0":"post-702131","1":"product","2":"type-product","3":"status-publish","4":"has-post-thumbnail","6":"product_brand-eberlestock","7":"product_cat-binocular-harnesses-sk","9":"first","10":"instock","11":"taxable","12":"shipping-taxable","13":"purchasable","14":"product-type-variable","15":"wvs-archive-product-wrapper"},"acf":[],"_links":{"self":[{"href":"https:\/\/nbg.eu\/sk\/wp-json\/wp\/v2\/product\/702131","targetHints":{"allow":["GET"]}}],"collection":[{"href":"https:\/\/nbg.eu\/sk\/wp-json\/wp\/v2\/product"}],"about":[{"href":"https:\/\/nbg.eu\/sk\/wp-json\/wp\/v2\/types\/product"}],"wp:featuredmedia":[{"embeddable":true,"href":"https:\/\/nbg.eu\/sk\/wp-json\/wp\/v2\/media\/702257"}],"wp:attachment":[{"href":"https:\/\/nbg.eu\/sk\/wp-json\/wp\/v2\/media?parent=702131"}],"wp:term":[{"taxonomy":"product_brand","embeddable":true,"href":"https:\/\/nbg.eu\/sk\/wp-json\/wp\/v2\/product_brand?post=702131"},{"taxonomy":"product_cat","embeddable":true,"href":"https:\/\/nbg.eu\/sk\/wp-json\/wp\/v2\/product_cat?post=702131"},{"taxonomy":"product_tag","embeddable":true,"href":"https:\/\/nbg.eu\/sk\/wp-json\/wp\/v2\/product_tag?post=702131"}],"curies":[{"name":"wp","href":"https:\/\/api.w.org\/{rel}","templated":true}]}}