{"id":702939,"date":"2025-12-23T11:50:14","date_gmt":"2025-12-23T08:50:14","guid":{"rendered":"https:\/\/nbg.eu\/product\/bravo-modularny-puzdro-na-dalekohlad-male\/"},"modified":"2026-04-15T14:40:14","modified_gmt":"2026-04-15T11:40:14","slug":"bravo-modularny-puzdro-na-dalekohlad-male","status":"publish","type":"product","link":"https:\/\/nbg.eu\/sk\/produkt\/bravo-modularny-puzdro-na-dalekohlad-male\/","title":{"rendered":"Eberlestock Ruksak na \u010ealekoh\u013ead Bravo Modular, Small"},"content":{"rendered":"<h2>Bravo Modul\u00e1rny Bino Pack-Mal\u00fd: Univerz\u00e1lne a bezpe\u010dn\u00e9 ulo\u017eenie binokul\u00e1ra<\/h2>\n<p>Navrhnut\u00fd s modul\u00e1rnos\u0165ou na popred\u00ed, BRAVO MODUL\u00c1RNY BINO PACK je postaven\u00fd na hrudnom uchopen\u00ed, ktor\u00e9 sa prisp\u00f4sob\u00ed va\u0161im potreb\u00e1m pomocou sady pr\u00eddavn\u00fdch doplnkov. Obsahuje magnetick\u00fd vo\u013en\u00fd pr\u00edstup dopredu-\u0165ahacie uzavretie bino vrecka, priestorn\u00fd predn\u00fd zipsov\u00fd vrecko a bo\u010dn\u00e9 pru\u017en\u00e9 vreck\u00e1. Vn\u00fatorn\u00e9 bino \u0161n\u00farky udr\u017euj\u00fa va\u0161e \u010falekoh\u013eady zabezpe\u010den\u00e9, zatia\u013e \u010do n\u00edzko-profilov\u00e9 MOLLE kompatibiln\u00e9 kr\u00eddla a zadn\u00fd panel v\u00e1m umo\u017enia jednoducho pripevni\u0165 vreck\u00e1 a doplnky.<\/p>\n<p>Vyroben\u00fd z odoln\u00e9ho 500D Ripstop Nylonu a N140D l\u00e1tok, Bravo Modul\u00e1rny Bino Pack-Mal\u00fd pon\u00faka \u013eahk\u00e9 a odoln\u00e9 rie\u0161enie pre nad\u0161encov outdooru, po\u013eovn\u00edkov a taktick\u00fdch oper\u00e1torov.<\/p>\n<p>K\u013e\u00fa\u010dov\u00e9 funkcie zah\u0155\u0148aj\u00fa uzatvorenie bez magnetov pre r\u00fdchly pr\u00edstup, kompatibilitu s \u00f4smimi dostupn\u00fdmi doplnkami, ve\u013ek\u00e9 predn\u00e9 zipsov\u00e9 vrecko, dvojit\u00e9 bo\u010dn\u00e9 pru\u017en\u00e9 vreck\u00e1, nastavite\u013en\u00e9 ramen\u00e9 popruhy dopredu-\u0165ahacie, a n\u00edzko-profilov\u00e9 MOLLE kompatibiln\u00e9 kr\u00eddla pre prisp\u00f4sobenie v\u00e1\u0161ho vybavenia. \u010ci u\u017e pozorujete vt\u00e1ky, idete na turistiku alebo sa z\u00fa\u010dast\u0148ujete taktick\u00fdch oper\u00e1ci\u00ed, Bravo Modul\u00e1rny Bino Pack-Mal\u00fd pon\u00faka univerz\u00e1lne a bezpe\u010dn\u00e9 rie\u0161enie pre va\u0161e potreby ulo\u017eenia binokul\u00e1ra.<\/p>\n","protected":false},"excerpt":{"rendered":"<p>Modul\u00e1rny obal na \u010falekoh\u013ead s uz\u00e1verom bez magnetov, kr\u00eddlami kompatibiln\u00fdmi s MOLLE a nastavite\u013en\u00fdm popruhom.<\/p>\n","protected":false},"featured_media":702991,"template":"","meta":{"_acf_changed":false},"product_brand":[15143],"product_cat":[15221],"product_tag":[],"class_list":{"0":"post-702939","1":"product","2":"type-product","3":"status-publish","4":"has-post-thumbnail","6":"product_brand-eberlestock","7":"product_cat-binocular-harnesses-sk","9":"first","10":"instock","11":"taxable","12":"shipping-taxable","13":"purchasable","14":"product-type-variable","15":"wvs-archive-product-wrapper"},"acf":[],"_links":{"self":[{"href":"https:\/\/nbg.eu\/sk\/wp-json\/wp\/v2\/product\/702939","targetHints":{"allow":["GET"]}}],"collection":[{"href":"https:\/\/nbg.eu\/sk\/wp-json\/wp\/v2\/product"}],"about":[{"href":"https:\/\/nbg.eu\/sk\/wp-json\/wp\/v2\/types\/product"}],"wp:featuredmedia":[{"embeddable":true,"href":"https:\/\/nbg.eu\/sk\/wp-json\/wp\/v2\/media\/702991"}],"wp:attachment":[{"href":"https:\/\/nbg.eu\/sk\/wp-json\/wp\/v2\/media?parent=702939"}],"wp:term":[{"taxonomy":"product_brand","embeddable":true,"href":"https:\/\/nbg.eu\/sk\/wp-json\/wp\/v2\/product_brand?post=702939"},{"taxonomy":"product_cat","embeddable":true,"href":"https:\/\/nbg.eu\/sk\/wp-json\/wp\/v2\/product_cat?post=702939"},{"taxonomy":"product_tag","embeddable":true,"href":"https:\/\/nbg.eu\/sk\/wp-json\/wp\/v2\/product_tag?post=702939"}],"curies":[{"name":"wp","href":"https:\/\/api.w.org\/{rel}","templated":true}]}}