{"id":703285,"date":"2025-12-23T12:02:01","date_gmt":"2025-12-23T09:02:01","guid":{"rendered":"https:\/\/nbg.eu\/product\/bando-bag-xl\/"},"modified":"2026-04-15T14:40:11","modified_gmt":"2026-04-15T11:40:11","slug":"bando-bag-xl","status":"publish","type":"product","link":"https:\/\/nbg.eu\/sk\/produkt\/bando-bag-xl\/","title":{"rendered":"Eberlestock Ta\u0161ka Bando XL"},"content":{"rendered":"<h2>Bando Bag-XL: V\u0161estrann\u00fd a pohodln\u00fd EDC nosi\u010d<\/h2>\n<p>Bando Bag-XL je \u013eahk\u00fd a pohodln\u00fd sp\u00f4sob prepravy va\u0161ich ka\u017edodenn\u00fdch nosn\u00fdch (EDC) predmetov. Zadn\u00e1 zipov\u00e1 kapsa na Bando Bag-XL meria 6&#8243;v x 11&#8243;\u0161 x 3&#8243;h, \u010do je dos\u0165 ve\u013ek\u00e9 na zabezpe\u010denie v\u00e4\u010d\u0161iny celokryt\u00fdch bo\u010dn\u00fdch zbran\u00ed a men\u0161\u00edch streln\u00fdch zbran\u00ed. Hlavn\u00fd priestor m\u00e1 vn\u00fatorn\u00fa sie\u0165ovan\u00fa zipov\u00fa vrecko a dve vreck\u00e1 na drobnosti pre dodato\u010dn\u00fa organiz\u00e1ciu, zatia\u013e \u010do mal\u00e9 predn\u00e9 zipov\u00e9 vrecko je ide\u00e1lne na k\u013e\u00fa\u010de, k\u00e1ble alebo in\u00e9 drobn\u00e9 predmety.<\/p>\n<p>Nastavite\u013en\u00fd p\u00e1s v p\u00e1se na Bando Bag-XL umo\u017e\u0148uje prisp\u00f4soben\u00fd fit v rozsahu od 31,5&#8243; do 44&#8243; d\u013a\u017eky. Bando Bag-XL bude tie\u017e obsahova\u0165 integrovan\u00e9 puzdro na pohodln\u00e9 nosenie \u0161krtidla pod horn\u00fdm krytom hlavn\u00e9ho priestoru, \u010do umo\u017en\u00ed \u013eahk\u00fd pr\u00edstup k tomuto nevyhnutn\u00e9mu n\u00fadzov\u00e9mu vybaveniu.<\/p>\n<h2>K\u013e\u00fa\u010dov\u00e9 vlastnosti:<\/h2>\n<ul>\n<li>-Celozipov\u00e1 zadn\u00e1 vrecko (6&#8243;v x 11&#8243;\u0161 x 3&#8243;h) na ulo\u017eenie bo\u010dnej zbrane<\/li>\n<li>-Vn\u00fatorn\u00e9 sie\u0165ovan\u00e9 zipov\u00e9 vrecko a dve vreck\u00e1 na drobnosti na organiz\u00e1ciu<\/li>\n<li>-Mal\u00e9 predn\u00e9 zipov\u00e9 vrecko na k\u013e\u00fa\u010de, k\u00e1ble a in\u00e9 drobn\u00e9 predmety<\/li>\n<li>-Nastavite\u013en\u00fd opasok (31,5&#8243;-44&#8243;)<\/li>\n<li>-Integrovan\u00e9 puzdro na nosenie \u0161krtidla<\/li>\n<\/ul>\n","protected":false},"excerpt":{"rendered":"<p>\u013dahk\u00fd, s pln\u00fdm zipsom EDC ta\u0161ka s vreckom 6&#8243;v x 11&#8243;\u0161 x 3&#8243;h na plnorozmern\u00e9 bo\u010dn\u00e9 zbrane.<\/p>\n","protected":false},"featured_media":703442,"template":"","meta":{"_acf_changed":false},"product_brand":[15143],"product_cat":[13337],"product_tag":[],"class_list":{"0":"post-703285","1":"product","2":"type-product","3":"status-publish","4":"has-post-thumbnail","6":"product_brand-eberlestock","7":"product_cat-strelecke-tasky","9":"first","10":"instock","11":"taxable","12":"shipping-taxable","13":"purchasable","14":"product-type-variable","15":"wvs-archive-product-wrapper"},"acf":[],"_links":{"self":[{"href":"https:\/\/nbg.eu\/sk\/wp-json\/wp\/v2\/product\/703285","targetHints":{"allow":["GET"]}}],"collection":[{"href":"https:\/\/nbg.eu\/sk\/wp-json\/wp\/v2\/product"}],"about":[{"href":"https:\/\/nbg.eu\/sk\/wp-json\/wp\/v2\/types\/product"}],"wp:featuredmedia":[{"embeddable":true,"href":"https:\/\/nbg.eu\/sk\/wp-json\/wp\/v2\/media\/703442"}],"wp:attachment":[{"href":"https:\/\/nbg.eu\/sk\/wp-json\/wp\/v2\/media?parent=703285"}],"wp:term":[{"taxonomy":"product_brand","embeddable":true,"href":"https:\/\/nbg.eu\/sk\/wp-json\/wp\/v2\/product_brand?post=703285"},{"taxonomy":"product_cat","embeddable":true,"href":"https:\/\/nbg.eu\/sk\/wp-json\/wp\/v2\/product_cat?post=703285"},{"taxonomy":"product_tag","embeddable":true,"href":"https:\/\/nbg.eu\/sk\/wp-json\/wp\/v2\/product_tag?post=703285"}],"curies":[{"name":"wp","href":"https:\/\/api.w.org\/{rel}","templated":true}]}}