{"id":704236,"date":"2025-12-23T12:08:03","date_gmt":"2025-12-23T09:08:03","guid":{"rendered":"https:\/\/nbg.eu\/product\/zbojnicka-kapsa\/"},"modified":"2026-04-24T15:10:35","modified_gmt":"2026-04-24T12:10:35","slug":"zbojnicka-kapsa","status":"publish","type":"product","link":"https:\/\/nbg.eu\/sk\/produkt\/zbojnicka-kapsa\/","title":{"rendered":"Eberlestock Bandit Ruksak"},"content":{"rendered":"<h2>Bandit Pack \u2013 Univerz\u00e1lny spolo\u010dn\u00edk na celodenn\u00e9 dobroru\u017estv\u00e1<\/h2>\n<p>Najuniverz\u00e1lnej\u0161\u00ed batoh v na\u0161ej ponuke pre ka\u017edodenn\u00e9 nosenie je Bandit\u2122, \u0161peci\u00e1lne navrhnut\u00fd na celodenn\u00e9 v\u00fdlety a turistiku. Vonkaj\u0161\u00ed u\u017eito\u010dn\u00fd panel m\u00e1 laserom vyrez\u00e1van\u00e9 popruhy MOLLE, ktor\u00e9 umo\u017e\u0148uj\u00fa pripevnenie kompatibiln\u00e9ho pr\u00edslu\u0161enstva a vreciek, ako aj nosenie bundy alebo v\u00fdbavy pre r\u00fdchly pr\u00edstup. Bo\u010dn\u00e9 elastick\u00e9 vreck\u00e1 m\u00f4\u017eu poja\u0165 f\u013ea\u0161e s vodou a dlh\u0161ie predmety ako stat\u00edv, pozorovac\u00ed \u010falekoh\u013ead alebo turistick\u00e9 palice.<\/p>\n<p>Popruhy u\u017eito\u010dn\u00e9ho panela zabezpe\u010dia pevn\u00e9 uchytenie v\u00fdbavy na boku alebo pom\u00f4\u017eu stla\u010di\u0165 \u010diasto\u010dne naplnen\u00fd batoh. Vn\u00fatri vrchn\u00e9ho veka n\u00e1jdete organiz\u00e9ry na drobn\u00e9 predmety, ako je zipov\u00e9 sie\u0165ovan\u00e9 vrecko a puzdro na \u010dasopis.<\/p>\n<p>Kompatibiln\u00fd s na\u0161\u00edm \u0161tandardn\u00fdm bedrov\u00fdm p\u00e1som na lep\u0161ie rozlo\u017eenie hmotnosti pri \u0165a\u017e\u0161\u00edch n\u00e1kladoch.<\/p>\n<h2>Rozmery<\/h2>\n<p>Objem: 835 c.i. \/ 13,68 l<br \/>\nHmotnos\u0165: 2,50 lb<br \/>\nRozmery: 18,25 v x 7 \u0161 x 6,5 h<\/p>\n<h2>Vlastnosti<\/h2>\n<p>Laserom vyrez\u00e1van\u00e9 panely MOLLE na prednej strane na pripevnenie vonkaj\u0161ej v\u00fdbavy<br \/>\nOrganiza\u010dn\u00e9 vrchn\u00e9 veko s sie\u0165ov\u00fdm vreckom na doplnky<br \/>\nNastavite\u013en\u00e9 ramenn\u00e9 popruhy<br \/>\nOtvor na nastavite\u013en\u00fd bedrov\u00fd p\u00e1s na lep\u0161ie rozlo\u017eenie hmotnosti<br \/>\nHlavn\u00fd priestor sa otv\u00e1ra od vrchu po dno pre \u00fapln\u00fd pr\u00edstup<br \/>\nVn\u00fatorn\u00e1 spona na upevnenie hydrata\u010dn\u00e9ho vaku 2 l alebo 3 l Source\u00ae<\/p>\n","protected":false},"excerpt":{"rendered":"<p>Najuniverz\u00e1lnej\u0161\u00ed ruksak v na\u0161ej kolekcii be\u017en\u00e9ho nosenia, Bandit\u2122 je ur\u010den\u00fd na celodenn\u00e9 lovy a t\u00fary. Exteri\u00e9rov\u00fd utilita panel m\u00e1 laserovo vyrez\u00e1van\u00e9 MOLLE popruhy, ktor\u00e9 umo\u017e\u0148uj\u00fa pripevnenie kompatibiln\u00fdch doplnkov a puzdier a pren\u00e1\u0161anie bundy alebo vybavenia pre r\u00fdchly pr\u00edstup. Bo\u010dn\u00e9 elastick\u00e9 vreck\u00e1 m\u00f4\u017eu udr\u017eiava\u0165 f\u013ea\u0161e s vodou a dlh\u0161ie predmety ako stat\u00edv, pozorovacie \u010falekoh\u013eady alebo turistick\u00e9 palice.<\/p>\n","protected":false},"featured_media":704262,"template":"","meta":{"_acf_changed":false},"product_brand":[15143],"product_cat":[13341],"product_tag":[],"class_list":{"0":"post-704236","1":"product","2":"type-product","3":"status-publish","4":"has-post-thumbnail","6":"product_brand-eberlestock","7":"product_cat-batohy","9":"first","10":"instock","11":"taxable","12":"shipping-taxable","13":"purchasable","14":"product-type-variable","15":"wvs-archive-product-wrapper"},"acf":[],"_links":{"self":[{"href":"https:\/\/nbg.eu\/sk\/wp-json\/wp\/v2\/product\/704236","targetHints":{"allow":["GET"]}}],"collection":[{"href":"https:\/\/nbg.eu\/sk\/wp-json\/wp\/v2\/product"}],"about":[{"href":"https:\/\/nbg.eu\/sk\/wp-json\/wp\/v2\/types\/product"}],"wp:featuredmedia":[{"embeddable":true,"href":"https:\/\/nbg.eu\/sk\/wp-json\/wp\/v2\/media\/704262"}],"wp:attachment":[{"href":"https:\/\/nbg.eu\/sk\/wp-json\/wp\/v2\/media?parent=704236"}],"wp:term":[{"taxonomy":"product_brand","embeddable":true,"href":"https:\/\/nbg.eu\/sk\/wp-json\/wp\/v2\/product_brand?post=704236"},{"taxonomy":"product_cat","embeddable":true,"href":"https:\/\/nbg.eu\/sk\/wp-json\/wp\/v2\/product_cat?post=704236"},{"taxonomy":"product_tag","embeddable":true,"href":"https:\/\/nbg.eu\/sk\/wp-json\/wp\/v2\/product_tag?post=704236"}],"curies":[{"name":"wp","href":"https:\/\/api.w.org\/{rel}","templated":true}]}}