{"id":704611,"date":"2025-12-23T12:15:29","date_gmt":"2025-12-23T09:15:29","guid":{"rendered":"https:\/\/nbg.eu\/product\/zaviraci-noz-balik\/"},"modified":"2026-04-15T14:40:03","modified_gmt":"2026-04-15T11:40:03","slug":"zaviraci-noz-balik","status":"publish","type":"product","link":"https:\/\/nbg.eu\/sk\/produkt\/zaviraci-noz-balik\/","title":{"rendered":"Eberlestock Ruksak Switchblade"},"content":{"rendered":"<h2>Switchblade bal\u00edk: Maxim\u00e1lny priestor a skryt\u00fd prenos<\/h2>\n<p>Bal\u00edk Switchblade\u2122 je navrhnut\u00fd tak, aby mal n\u00edzky profil a z\u00e1rove\u0148 pon\u00fakal maxim\u00e1lny priestor a organiz\u00e1ciu. Otvorte vrchn\u00fd vrecko na pr\u00edstup k dvom pu\u0161kohlavov\u00fdm puzdr\u00e1m a \u010fal\u0161\u00edm drobn\u00fdm organiza\u010dn\u00fdm prvkom. Vn\u00fatri n\u00e1jdete priehradku pre dokumenty, ktor\u00e1 je ide\u00e1lna pre iPad, notebook alebo dokonca kr\u00e1tku pu\u0161ku.<\/p>\n<p>Predn\u00e1 \u010das\u0165 batoha m\u00e1 nadrozmern\u00e9 vrecko pre r\u00fdchly pr\u00edstup k d\u00f4le\u017eit\u00fdm predmetom. Na oboch stran\u00e1ch s\u00fa p\u00e1ry \u0161n\u00farkov\u00fdch dr\u017eiakov na poh\u00e1re a ploch\u00e1 postrann\u00e1 zipsov\u00e1 vreck\u00e1. Batoh tie\u017e disponuje skrytou, magneticky otvorenou vreckom pre r\u00fdchly pr\u00edstup k zbrani na disr\u00e9tne skryt\u00e9 nosenie.<\/p>\n<p>S celkov\u00fdm objemom 1 785 kubick\u00fdch palcov (29,3 l) a v\u00e1hou len 3,60 libier pon\u00faka Switchblade\u2122 dostato\u010dn\u00fd priestor a prenosnos\u0165. Rozmery hlavn\u00e9ho batoha s\u00fa 20,5 palca v\u00fd\u0161ka x 12 palcov \u0161\u00edrka x 8 palcov h\u013abka, \u010do z neho rob\u00ed v\u0161estrann\u00fd v\u00fdber pre ka\u017edodenn\u00e9 pou\u017eitie alebo taktick\u00e9 oper\u00e1cie.<\/p>\n<p>K\u013e\u00fa\u010dov\u00e9 funkcie zah\u0155\u0148aj\u00fa magnety na r\u00fdchly pr\u00edstup k puzdram na skryt\u00e9 nosenie pi\u0161tole, slu\u010dky s Velcrom PALS pre pripojenie doplnkov s MOLLE alebo Velcrom a vn\u00fatorn\u00e9 vreck\u00e1 na hydrata\u010dn\u00fd vak, z\u00e1sobn\u00edky a mal\u00e9 organiz\u00e1tory. Odn\u00edmate\u013en\u00fd postroj a kompatibilita s bedrovou vlo\u017ekou zvy\u0161uj\u00fa prisp\u00f4sobite\u013enos\u0165 batoha.<\/p>\n<p>Switchblade\u2122 sa taktie\u017e m\u00f4\u017ee pochv\u00e1li\u0165 nov\u00fdm syst\u00e9mom MOLLE-10, ktor\u00fd pon\u00faka 60% \u00fasporu hmotnosti oproti \u0161tandardnej 25 mm MOLLE mrie\u017eke, a ambidextn\u00fdm skryt\u00fdm puzdrom vhodn\u00fdm pre v\u00e4\u010d\u0161inu pi\u0161tol\u00ed vr\u00e1tane plnorozmern\u00fdch automatov. Na ochranu pred po\u010das\u00edm pou\u017eite n\u00e1\u0161 mal\u00fd reverzn\u00fd da\u017e\u010fov\u00fd kryt.<\/p>\n","protected":false},"excerpt":{"rendered":"<p>Switchblade\u2122 si udr\u017eiava n\u00edzky profil s maxim\u00e1lnym priestorom a organiz\u00e1ciou. Otvoren\u00edm vrchn\u00e9ho vrecka n\u00e1jdete dve puzdra na z\u00e1sobn\u00edky a \u010fal\u0161ie mal\u00e9 organiza\u010dn\u00e9 prvky. Vn\u00fatri n\u00e1jdete odde\u013eova\u010d dokumentov pre iPad, notebook alebo dokonca kr\u00e1tkohlave\u0148. Predn\u00e1 \u010das\u0165 batoha m\u00e1 nadrozmern\u00e9 vrecko pre r\u00fdchly pr\u00edstup k d\u00f4le\u017eit\u00fdm predmetom. Na ka\u017edej strane s\u00fa p\u00e1r \u0161n\u00farkov\u00fdch dr\u017eiakov na poh\u00e1re a ploch\u00e1 bo\u010dn\u00e1 zipsov\u00e1 kapsa. M\u00e1 aj skryt\u00e9, magneticky otv\u00e1ran\u00e9, r\u00fdchlo pr\u00edstupn\u00e9 CCW vrecko.<\/p>\n","protected":false},"featured_media":704715,"template":"","meta":{"_acf_changed":false},"product_brand":[15143],"product_cat":[13341],"product_tag":[],"class_list":{"0":"post-704611","1":"product","2":"type-product","3":"status-publish","4":"has-post-thumbnail","6":"product_brand-eberlestock","7":"product_cat-batohy","9":"first","10":"instock","11":"taxable","12":"shipping-taxable","13":"purchasable","14":"product-type-variable","15":"wvs-archive-product-wrapper"},"acf":[],"_links":{"self":[{"href":"https:\/\/nbg.eu\/sk\/wp-json\/wp\/v2\/product\/704611","targetHints":{"allow":["GET"]}}],"collection":[{"href":"https:\/\/nbg.eu\/sk\/wp-json\/wp\/v2\/product"}],"about":[{"href":"https:\/\/nbg.eu\/sk\/wp-json\/wp\/v2\/types\/product"}],"wp:featuredmedia":[{"embeddable":true,"href":"https:\/\/nbg.eu\/sk\/wp-json\/wp\/v2\/media\/704715"}],"wp:attachment":[{"href":"https:\/\/nbg.eu\/sk\/wp-json\/wp\/v2\/media?parent=704611"}],"wp:term":[{"taxonomy":"product_brand","embeddable":true,"href":"https:\/\/nbg.eu\/sk\/wp-json\/wp\/v2\/product_brand?post=704611"},{"taxonomy":"product_cat","embeddable":true,"href":"https:\/\/nbg.eu\/sk\/wp-json\/wp\/v2\/product_cat?post=704611"},{"taxonomy":"product_tag","embeddable":true,"href":"https:\/\/nbg.eu\/sk\/wp-json\/wp\/v2\/product_tag?post=704611"}],"curies":[{"name":"wp","href":"https:\/\/api.w.org\/{rel}","templated":true}]}}