{"id":719771,"date":"2026-01-26T13:11:03","date_gmt":"2026-01-26T10:11:03","guid":{"rendered":"https:\/\/nbg.eu\/product\/muzne-peak-orange-14c28n\/"},"modified":"2026-05-13T16:03:01","modified_gmt":"2026-05-13T13:03:01","slug":"muzne-peak-orange-14c28n","status":"publish","type":"product","link":"https:\/\/nbg.eu\/sk\/produkt\/muzne-peak-orange-14c28n\/","title":{"rendered":"Mu\u017en\u00e9 PEAK ORANGE 14C28N"},"content":{"rendered":"<h2>Manly PEAK ORANGE 14C28N skladac\u00ed n\u00f4\u017e<\/h2>\n<p>Skladac\u00ed n\u00f4\u017e Manly PEAK ORANGE 14C28N m\u00e1 reverzibiln\u00fa sponu, \u010do umo\u017e\u0148uje pou\u017e\u00edvanie pre \u013eav\u00e1kov aj prav\u00e1kov. V\u010faka pevn\u00e9mu uzamykaciemu mechanizmu Backlock poskytuje tento n\u00f4\u017e bezpe\u010dn\u00fa a spo\u013eahliv\u00fa v\u00fdkonnos\u0165.<\/p>\n<p>Tento n\u00f4\u017e vyroben\u00fd s presnos\u0165ou sa p\u00fd\u0161i 9,4 cm dlh\u00fdm \u010depe\u013eou z ocele 14C28N a odolnou rukov\u00e4\u0165ou z G10, \u010do zaru\u010duje pohodln\u00fd a spo\u013eahliv\u00fd \u00fachop. Jeho celkov\u00e1 d\u013a\u017eka 22 cm z neho rob\u00ed v\u0161estrann\u00fd v\u00fdber pre r\u00f4zne \u00falohy. S hmotnos\u0165ou 115 g je tento n\u00f4\u017e dobre vyv\u00e1\u017een\u00fd a \u013eahko sa ovl\u00e1da.<\/p>\n<p>Mechanizmus otv\u00e1rania Nail Nick umo\u017e\u0148uje jednoduch\u00fa obsluhu jednou rukou, zatia\u013e \u010do uzamykac\u00ed syst\u00e9m Backlock udr\u017eiava \u010depe\u013e po\u010das pou\u017e\u00edvania v bezpe\u010dnom stave. V\u010faka svojej elegantn\u00e9mu oran\u017eov\u00e9mu sfarbeniu dod\u00e1va PEAK ORANGE 14C28N \u0161t\u00fdlov\u00fd doplnok do v\u00e1\u0161ho ka\u017edodenn\u00e9ho v\u00fdstroja.<\/p>\n","protected":false},"excerpt":{"rendered":"<p>Reverzibiln\u00fd klip, univerz\u00e1lny. Uz\u00e1ver typu backlock. PEAK ORANGE 14C28N.<\/p>\n","protected":false},"featured_media":719828,"template":"","meta":{"_acf_changed":false},"product_brand":[15094],"product_cat":[15381,15358],"product_tag":[],"class_list":{"0":"post-719771","1":"product","2":"type-product","3":"status-publish","4":"has-post-thumbnail","6":"product_brand-manly-knives","7":"product_cat-folding-knives-cs","8":"product_cat-knives-sk","10":"first","11":"outofstock","12":"taxable","13":"shipping-taxable","14":"purchasable","15":"product-type-simple"},"acf":[],"_links":{"self":[{"href":"https:\/\/nbg.eu\/sk\/wp-json\/wp\/v2\/product\/719771","targetHints":{"allow":["GET"]}}],"collection":[{"href":"https:\/\/nbg.eu\/sk\/wp-json\/wp\/v2\/product"}],"about":[{"href":"https:\/\/nbg.eu\/sk\/wp-json\/wp\/v2\/types\/product"}],"wp:featuredmedia":[{"embeddable":true,"href":"https:\/\/nbg.eu\/sk\/wp-json\/wp\/v2\/media\/719828"}],"wp:attachment":[{"href":"https:\/\/nbg.eu\/sk\/wp-json\/wp\/v2\/media?parent=719771"}],"wp:term":[{"taxonomy":"product_brand","embeddable":true,"href":"https:\/\/nbg.eu\/sk\/wp-json\/wp\/v2\/product_brand?post=719771"},{"taxonomy":"product_cat","embeddable":true,"href":"https:\/\/nbg.eu\/sk\/wp-json\/wp\/v2\/product_cat?post=719771"},{"taxonomy":"product_tag","embeddable":true,"href":"https:\/\/nbg.eu\/sk\/wp-json\/wp\/v2\/product_tag?post=719771"}],"curies":[{"name":"wp","href":"https:\/\/api.w.org\/{rel}","templated":true}]}}