{"id":720233,"date":"2025-05-21T16:04:06","date_gmt":"2025-05-21T13:04:06","guid":{"rendered":"https:\/\/nbg.eu\/product\/zasobnik-kmr-l-02-orca-kal-40-sw-18-nabojov\/"},"modified":"2026-04-16T18:48:03","modified_gmt":"2026-04-16T15:48:03","slug":"zasobnik-kmr-l-02-orca-kal-40-sw-18-nabojov","status":"publish","type":"product","link":"https:\/\/nbg.eu\/sk\/produkt\/zasobnik-kmr-l-02-orca-kal-40-sw-18-nabojov\/","title":{"rendered":"KMR Z\u00e1sobn\u00edk L-02 ORCA .40 S&amp;W 18 N\u00e1bojov"},"content":{"rendered":"<h2>MAGAZINE KMR L-02 ORCA &#8211; Vylep\u0161ite svoj palebn\u00fd v\u00fdkon<\/h2>\n<p>Predstavujeme MAGAZINE KMR L-02 ORCA, z\u00e1sobn\u00edk s vysokou kapacitou, ktor\u00fd je navrhnut\u00fd na zlep\u0161enie v\u00e1\u0161ho streleck\u00e9ho z\u00e1\u017eitku. Ur\u010den\u00fd pre siln\u00fa n\u00e1bojnicu .40 S&amp;W, tento z\u00e1sobn\u00edk sa p\u00fd\u0161i neuverite\u013enou kapacitou 18 n\u00e1bojov, \u010do v\u00e1m poskytne zv\u00fd\u0161en\u00fd palebn\u00fd v\u00fdkon a krat\u0161ie intervaly dob\u00edjania.<\/p>\n<p>Vyroben\u00fd s presnos\u0165ou a d\u00f4kladnos\u0165ou, z\u00e1sobn\u00edk je nevyhnutn\u00fdm doplnkom pre strelcov, ktor\u00ed po\u017eaduj\u00fa to najlep\u0161ie. Jeho robustn\u00e1 kon\u0161trukcia zabezpe\u010duje spo\u013eahliv\u00fd v\u00fdkon, dokonca aj v najn\u00e1ro\u010dnej\u0161\u00edch podmienkach.<\/p>\n<p>S elegantn\u00fdm a ergonomick\u00fdm dizajnom sa MAGAZINE KMR L-02 ORCA dokonale integruje s va\u0161ou strelnou zbra\u0148ou, poskytuj\u00fac pohodln\u00fd a bezpe\u010dn\u00fd \u00fachop. Jeho zv\u00fd\u0161en\u00e1 kapacita v\u00e1m umo\u017en\u00ed zosta\u0165 v akcii dlh\u0161ie, \u010do zni\u017euje potrebu \u010dastej v\u00fdmeny z\u00e1sobn\u00edkov a maximalizuje va\u0161u taktick\u00fa v\u00fdhodu.<\/p>\n<p>Za\u017eite silu a v\u0161estrannos\u0165 MAGAZINE KMR L-02 ORCA, najvy\u0161\u0161ieho z\u00e1sobn\u00edka s vysokou kapacitou pre va\u0161u zbra\u0148 .40 S&amp;W.<\/p>\n<p>Ref: 1152-02403-0001.<\/p>\n","protected":false},"excerpt":{"rendered":"<p>Z\u00c1SOBN\u00cdK KMR L-02 ORCA, r\u00e1\u017e. 40 S&amp;W, 18 n\u00e1bojov, vysokokapacitn\u00fd z\u00e1sobn\u00edk pre zv\u00fd\u0161en\u00fa palebnos\u0165.<\/p>\n","protected":false},"featured_media":365279,"template":"","meta":{"_acf_changed":false},"product_brand":[11505],"product_cat":[13343,13347],"product_tag":[],"class_list":{"0":"post-720233","1":"product","2":"type-product","3":"status-publish","4":"has-post-thumbnail","6":"product_brand-kmr-precision","7":"product_cat-diely-na-pistole","8":"product_cat-kmr-diely","10":"first","11":"instock","12":"taxable","13":"shipping-taxable","14":"product-type-simple"},"acf":[],"_links":{"self":[{"href":"https:\/\/nbg.eu\/sk\/wp-json\/wp\/v2\/product\/720233","targetHints":{"allow":["GET"]}}],"collection":[{"href":"https:\/\/nbg.eu\/sk\/wp-json\/wp\/v2\/product"}],"about":[{"href":"https:\/\/nbg.eu\/sk\/wp-json\/wp\/v2\/types\/product"}],"wp:featuredmedia":[{"embeddable":true,"href":"https:\/\/nbg.eu\/sk\/wp-json\/wp\/v2\/media\/365279"}],"wp:attachment":[{"href":"https:\/\/nbg.eu\/sk\/wp-json\/wp\/v2\/media?parent=720233"}],"wp:term":[{"taxonomy":"product_brand","embeddable":true,"href":"https:\/\/nbg.eu\/sk\/wp-json\/wp\/v2\/product_brand?post=720233"},{"taxonomy":"product_cat","embeddable":true,"href":"https:\/\/nbg.eu\/sk\/wp-json\/wp\/v2\/product_cat?post=720233"},{"taxonomy":"product_tag","embeddable":true,"href":"https:\/\/nbg.eu\/sk\/wp-json\/wp\/v2\/product_tag?post=720233"}],"curies":[{"name":"wp","href":"https:\/\/api.w.org\/{rel}","templated":true}]}}