{"id":720864,"date":"2024-08-18T12:16:47","date_gmt":"2024-08-18T09:16:47","guid":{"rendered":"https:\/\/nbg.eu\/product\/odpalovacie-koliko-kmr-l\/"},"modified":"2026-05-13T16:02:00","modified_gmt":"2026-05-13T13:02:00","slug":"odpalovacie-koliko-kmr-l","status":"publish","type":"product","link":"https:\/\/nbg.eu\/sk\/produkt\/odpalovacie-koliko-kmr-l\/","title":{"rendered":"KMR Z\u00e1paln\u00edk L"},"content":{"rendered":"<h2>Z\u00e1palka KMR L: spo\u013eahliv\u00e1 vo\u013eba pre presn\u00e9 stre\u013eby<\/h2>\n<p>Predstavujeme z\u00e1palku KMR L, prvotriedn\u00fa s\u00fa\u010diastku ur\u010den\u00fa pre v\u00e1\u017enych strelcov. Vyroben\u00e1 s presnos\u0165ou a pozornos\u0165ou k detailom, t\u00e1to z\u00e1palka je dostupn\u00e1 v r\u00f4znych modeloch, aby vyhovovala va\u0161im konkr\u00e9tnym potreb\u00e1m.<\/p>\n<p>Navrhnut\u00e1 s d\u00f4razom na trvanlivos\u0165, z\u00e1palka KMR L sa vyzna\u010duje robustnou kon\u0161trukciou, ktor\u00e1 znesie n\u00e1roky \u010dast\u00e9ho pou\u017e\u00edvania. Jej bezprobl\u00e9mov\u00e1 integr\u00e1cia zaru\u010duje hladk\u00fd a spo\u013eahliv\u00fd \u0165ah sp\u00fa\u0161te, umo\u017e\u0148uj\u00fac v\u00e1m presne zamieri\u0165 a vystrelil s d\u00f4verou. Navrhnut\u00e1 tak, aby harmonicky fungovala s va\u0161ou zbra\u0148ou, t\u00e1to z\u00e1palka je dokonal\u00fdm vylep\u0161en\u00edm pre t\u00fdch, ktor\u00ed h\u013eadaj\u00fa vylep\u0161enie svojho strieleck\u00e9ho z\u00e1\u017eitku.<\/p>\n<p>Vylep\u0161ite svoju zbra\u0148 e\u0161te dnes a posu\u0148te svoju stre\u013ebu na nov\u00fa \u00farove\u0148.<\/p>\n","protected":false},"excerpt":{"rendered":"<p>Z\u00e1paln\u00fd kol\u00edk KMR L: V\u0161estrann\u00fd z\u00e1paln\u00fd kol\u00edk pre zbrane radu KMR L.<\/p>\n","protected":false},"featured_media":30329,"template":"","meta":{"_acf_changed":false},"product_brand":[11505],"product_cat":[13347,14778],"product_tag":[],"class_list":{"0":"post-720864","1":"product","2":"type-product","3":"status-publish","4":"has-post-thumbnail","6":"product_brand-kmr-precision","7":"product_cat-kmr-diely","8":"product_cat-uderniky","10":"first","11":"outofstock","12":"taxable","13":"shipping-taxable","14":"product-type-simple"},"acf":[],"_links":{"self":[{"href":"https:\/\/nbg.eu\/sk\/wp-json\/wp\/v2\/product\/720864","targetHints":{"allow":["GET"]}}],"collection":[{"href":"https:\/\/nbg.eu\/sk\/wp-json\/wp\/v2\/product"}],"about":[{"href":"https:\/\/nbg.eu\/sk\/wp-json\/wp\/v2\/types\/product"}],"wp:featuredmedia":[{"embeddable":true,"href":"https:\/\/nbg.eu\/sk\/wp-json\/wp\/v2\/media\/30329"}],"wp:attachment":[{"href":"https:\/\/nbg.eu\/sk\/wp-json\/wp\/v2\/media?parent=720864"}],"wp:term":[{"taxonomy":"product_brand","embeddable":true,"href":"https:\/\/nbg.eu\/sk\/wp-json\/wp\/v2\/product_brand?post=720864"},{"taxonomy":"product_cat","embeddable":true,"href":"https:\/\/nbg.eu\/sk\/wp-json\/wp\/v2\/product_cat?post=720864"},{"taxonomy":"product_tag","embeddable":true,"href":"https:\/\/nbg.eu\/sk\/wp-json\/wp\/v2\/product_tag?post=720864"}],"curies":[{"name":"wp","href":"https:\/\/api.w.org\/{rel}","templated":true}]}}