{"id":721236,"date":"2024-08-18T11:07:42","date_gmt":"2024-08-18T08:07:42","guid":{"rendered":"https:\/\/nbg.eu\/product\/upinacia-skrutka-m35-torx-kmr\/"},"modified":"2026-04-16T18:52:10","modified_gmt":"2026-04-16T15:52:10","slug":"upinacia-skrutka-m35-torx-kmr","status":"publish","type":"product","link":"https:\/\/nbg.eu\/sk\/produkt\/upinacia-skrutka-m35-torx-kmr\/","title":{"rendered":"KMR Skrutka Streniek M3.5 Torx"},"content":{"rendered":"<h2>Uchopovac\u00ed skrutka M3,5 Torx KMR<\/h2>\n<p>Vyroben\u00e9 s presnos\u0165ou a d\u00f4razom na detail, t\u00e1to uchopovacia skrutka zabezpe\u010duje pevn\u00e9 a spo\u013eahliv\u00e9 uchopenie, \u010d\u00edm zvy\u0161uje celkov\u00fd v\u00fdkon a funk\u010dnos\u0165 va\u0161ej zbrane KMR. Dizajn Torx poskytuje bezpe\u010dn\u00e9 a konzistentn\u00e9 spojenie, zabra\u0148uj\u00face nechcen\u00e9mu uvo\u013eneniu alebo posunutiu po\u010das pou\u017e\u00edvania.<\/p>\n<p>\u010ci u\u017e ste sk\u00fasen\u00fd strelec alebo taktick\u00fd nad\u0161enec, toto je nevyhnutn\u00e9 pr\u00edslu\u0161enstvo na udr\u017eanie integrity a spo\u013eahlivosti va\u0161ej zbrane KMR. Vylep\u0161ite svoj z\u00e1\u017eitok zo stre\u013eby t\u00fdmto nevyhnutn\u00fdm komponentom, ktor\u00fd je navrhnut\u00fd tak, aby sa hladko integroval s va\u0161im preferovan\u00fdm modelom KMR.<\/p>\n<\/p>\n<p>Pre zbrane KMR:<\/p>\n<\/p>\n<p>KMR L-02 EMIQ<\/p>\n<\/p>\n<p>KMR L-02 EMIQ (OR)<\/p>\n<\/p>\n<p>KMR L-02 ORCA OD 2024<\/p>\n<\/p>\n<p>KMR L-02 ORCA DO 2023<\/p>\n<\/p>\n<p>KMR L-02 SPECTRA OD 2024<\/p>\n<\/p>\n<p>KMR L-02 SPECTRA DO 2023<\/p>\n<\/p>\n<p>KMR L-02 UMBRA (OR) SR<\/p>\n<\/p>\n<p>KMR S-01 LANCE (OR)<\/p>\n<\/p>\n<p>KMR S-02 OD 2024<\/p>\n<\/p>\n<p>KMR S-02 DO 2023<\/p>\n<\/p>\n<p>KMR W-02 CUDA (OR)<\/p>\n<\/p>\n<p>KMR W-02 UMBRA<\/p>\n<\/p>\n<p>KMR W-02 UMBRA (OR)<\/p>\n","protected":false},"excerpt":{"rendered":"<p>Dr\u017eiak skrutky M3,5 Torx KMR pre modely KMR zbran\u00ed.<\/p>\n","protected":false},"featured_media":25299,"template":"","meta":{"_acf_changed":false},"product_brand":[11505],"product_cat":[13347,14881],"product_tag":[],"class_list":{"0":"post-721236","1":"product","2":"type-product","3":"status-publish","4":"has-post-thumbnail","6":"product_brand-kmr-precision","7":"product_cat-kmr-diely","8":"product_cat-pistol-grips-sk","10":"first","11":"instock","12":"taxable","13":"shipping-taxable","14":"product-type-simple"},"acf":[],"_links":{"self":[{"href":"https:\/\/nbg.eu\/sk\/wp-json\/wp\/v2\/product\/721236","targetHints":{"allow":["GET"]}}],"collection":[{"href":"https:\/\/nbg.eu\/sk\/wp-json\/wp\/v2\/product"}],"about":[{"href":"https:\/\/nbg.eu\/sk\/wp-json\/wp\/v2\/types\/product"}],"wp:featuredmedia":[{"embeddable":true,"href":"https:\/\/nbg.eu\/sk\/wp-json\/wp\/v2\/media\/25299"}],"wp:attachment":[{"href":"https:\/\/nbg.eu\/sk\/wp-json\/wp\/v2\/media?parent=721236"}],"wp:term":[{"taxonomy":"product_brand","embeddable":true,"href":"https:\/\/nbg.eu\/sk\/wp-json\/wp\/v2\/product_brand?post=721236"},{"taxonomy":"product_cat","embeddable":true,"href":"https:\/\/nbg.eu\/sk\/wp-json\/wp\/v2\/product_cat?post=721236"},{"taxonomy":"product_tag","embeddable":true,"href":"https:\/\/nbg.eu\/sk\/wp-json\/wp\/v2\/product_tag?post=721236"}],"curies":[{"name":"wp","href":"https:\/\/api.w.org\/{rel}","templated":true}]}}