{"id":721321,"date":"2026-01-19T18:48:08","date_gmt":"2026-01-19T15:48:08","guid":{"rendered":"https:\/\/nbg.eu\/product\/rh-crocy-gizmo-adapter\/"},"modified":"2026-02-27T16:26:01","modified_gmt":"2026-02-27T13:26:01","slug":"rh-crocy-gizmo-adapter","status":"publish","type":"product","link":"https:\/\/nbg.eu\/sk\/produkt\/rh-crocy-gizmo-adapter\/","title":{"rendered":"RH Crocy Gizmo adapt\u00e9r"},"content":{"rendered":"<h2>RH Crocy Gizmo adapt\u00e9r<\/h2>\n<p>Crocy Gizmo je spojovac\u00ed diel navrhnut\u00fd pre syst\u00e9m puzdier RH Crocy AIWB. Umo\u017e\u0148uje pripojenie puzdra na z\u00e1sobn\u00edk priamo k puzdru pre kompletn\u00fa konfigur\u00e1ciu nosenia AIWB.<\/p>\n<h3>K\u013e\u00fa\u010dov\u00e9 vlastnosti:<\/h3>\n<ul>\n<li>Sp\u00e1ja puzdro na z\u00e1sobn\u00edk Crocy s puzdrom Crocy AIWB<\/li>\n<li>Kydex kon\u0161trukcia pre odolnos\u0165<\/li>\n<li>Umo\u017e\u0148uje modul\u00e1rnu konfigur\u00e1ciu AIWB<\/li>\n<li>\u013dahk\u00fd a n\u00edzky profil<\/li>\n<\/ul>\n","protected":false},"excerpt":{"rendered":"<p>RH Crocy Gizmo: Spojovac\u00ed diel na pripojenie puzdra na z\u00e1sobn\u00edk k puzdru Crocy AIWB.<\/p>\n","protected":false},"featured_media":721322,"template":"","meta":{"_acf_changed":false},"product_brand":[11638],"product_cat":[13378],"product_tag":[],"class_list":{"0":"post-721321","1":"product","2":"type-product","3":"status-publish","4":"has-post-thumbnail","6":"product_brand-rh-holsters","7":"product_cat-prislusenstvo-k-puzdram","9":"first","10":"instock","11":"taxable","12":"shipping-taxable","13":"purchasable","14":"product-type-simple"},"acf":[],"_links":{"self":[{"href":"https:\/\/nbg.eu\/sk\/wp-json\/wp\/v2\/product\/721321","targetHints":{"allow":["GET"]}}],"collection":[{"href":"https:\/\/nbg.eu\/sk\/wp-json\/wp\/v2\/product"}],"about":[{"href":"https:\/\/nbg.eu\/sk\/wp-json\/wp\/v2\/types\/product"}],"wp:featuredmedia":[{"embeddable":true,"href":"https:\/\/nbg.eu\/sk\/wp-json\/wp\/v2\/media\/721322"}],"wp:attachment":[{"href":"https:\/\/nbg.eu\/sk\/wp-json\/wp\/v2\/media?parent=721321"}],"wp:term":[{"taxonomy":"product_brand","embeddable":true,"href":"https:\/\/nbg.eu\/sk\/wp-json\/wp\/v2\/product_brand?post=721321"},{"taxonomy":"product_cat","embeddable":true,"href":"https:\/\/nbg.eu\/sk\/wp-json\/wp\/v2\/product_cat?post=721321"},{"taxonomy":"product_tag","embeddable":true,"href":"https:\/\/nbg.eu\/sk\/wp-json\/wp\/v2\/product_tag?post=721321"}],"curies":[{"name":"wp","href":"https:\/\/api.w.org\/{rel}","templated":true}]}}